{"id":720236,"date":"2025-08-27T18:33:35","date_gmt":"2025-08-27T15:33:35","guid":{"rendered":"https:\/\/roveyayinevi.com.tr\/index.php\/urun\/feminist-dunyada-erkek-olmak\/"},"modified":"2026-04-16T02:28:03","modified_gmt":"2026-04-15T23:28:03","slug":"feminist-dunyada-erkek-olmak","status":"publish","type":"product","link":"https:\/\/roveyayinevi.com.tr\/index.php\/urun\/feminist-dunyada-erkek-olmak\/","title":{"rendered":"Feminist D\u00fcnyada Erkek Olmak"},"content":{"rendered":"<p>Feminist D\u00fcnyada Erkek Olmak kitab\u0131, g\u00fcncel bir\u00e7ok soruna de\u011finmektedir. Kitap, i\u00e7erik olarak g\u00fcn\u00fcm\u00fczdeki kad\u0131n erkek ili\u015fkilerini temel alarak \u00e7\u0131kar\u0131mlar yapmakta, kad\u0131nlar\u0131n geldikleri nokta ve kazan\u0131mlar\u0131 ile erkeklerin d\u00fc\u015ft\u00fckleri nokta be kay\u0131plar\u0131n\u0131 a\u00e7\u0131klamaktad\u0131r.Erke\u011fin ve kad\u0131n\u0131n varolu\u015ftan gelen i\u00e7g\u00fcd\u00fclerini ortaya \u00e7\u0131karmakta; kad\u0131n ve erkek aras\u0131ndaki yarat\u0131l\u0131\u015f farkl\u0131l\u0131klar\u0131na de\u011finerek, ili\u015fki, aile kurma gibi konularda bu farkl\u0131l\u0131klardan yola \u00e7\u0131karak sunumlarda bulunmaktad\u0131r.Bilinen tarihsel s\u00fcre\u00e7ten bu yana kad\u0131n erkek ili\u015fkisini incelemekte, \u00e7\u0131kar\u0131mlar yapmkata, geldi\u011fimiz duum ile kar\u015f\u0131la\u015ft\u0131rmakta. Zaten var olan ve olas\u0131 sorunlar\u0131 ortaya d\u00f6kerek \u00e7\u00f6z\u00fcmler sunmaktad\u0131r.ger\u00e7e\u011fi ve g\u00f6z ard\u0131 edileni ortaya koyarak, her \u015feyin fark\u0131nda olan bilin\u00e7li bir toplum olu\u015fturulmas\u0131 ve bu sayede iyiye giden d\u00fcnyada nas\u0131l var olunabilec\u011finin s\u0131rlar\u0131n\u0131 payla\u015fmaktad\u0131r.Kitab\u0131n mihenk ta\u015f\u0131 konumunda olan redpill \u00f6\u011fretisi ile erke\u011fe; sorunlar\u0131yla nas\u0131l ba\u015fa \u00e7\u0131kabilece\u011fini, nas\u0131l kendini geli\u015ftirebilece\u011fini, iyiye giden d\u00fcnyada bast\u0131rlmam\u0131\u015f bir erkek olarak nas\u0131l var olabilece\u011fini g\u00f6stermekte. Ona \u00e7etrefilli yolda \u0131\u015f\u0131k tutmaktad\u0131r.<\/p>\n","protected":false},"excerpt":{"rendered":"<p>Feminist D\u00fcnyada Erkek Olmak kitab\u0131, g\u00fcncel bir\u00e7ok soruna de\u011finmektedir. Kitap, i\u00e7erik olarak g\u00fcn\u00fcm\u00fczdeki kad\u0131n erkek ili\u015fkilerini temel alarak \u00e7\u0131kar\u0131mlar yapmakta, kad\u0131nlar\u0131n geldikleri nokta ve kazan\u0131mlar\u0131 ile<span class=\"excerpt-hellip\"> [\u2026]<\/span><\/p>\n","protected":false},"featured_media":0,"template":"","meta":{"_monsterinsights_skip_tracking":false,"_monsterinsights_sitenote_active":false,"_monsterinsights_sitenote_note":"","_monsterinsights_sitenote_category":0},"product_brand":[],"product_cat":[26396,13488],"product_tag":[],"class_list":{"0":"post-720236","1":"product","2":"type-product","3":"status-publish","5":"product_cat-kadin-erkek-iliskileri","6":"product_cat-toplum-ve-insan","7":"pa_cilt-ciltsiz","8":"pa_tur-kitap","9":"pa_yayinevi-motto-yayinlari","10":"pa_yazar-serkan-inci-ismail-alpen","12":"first","13":"instock","14":"sale","15":"shipping-taxable","16":"purchasable","17":"product-type-simple"},"_links":{"self":[{"href":"https:\/\/roveyayinevi.com.tr\/index.php\/wp-json\/wp\/v2\/product\/720236","targetHints":{"allow":["GET"]}}],"collection":[{"href":"https:\/\/roveyayinevi.com.tr\/index.php\/wp-json\/wp\/v2\/product"}],"about":[{"href":"https:\/\/roveyayinevi.com.tr\/index.php\/wp-json\/wp\/v2\/types\/product"}],"wp:attachment":[{"href":"https:\/\/roveyayinevi.com.tr\/index.php\/wp-json\/wp\/v2\/media?parent=720236"}],"wp:term":[{"taxonomy":"product_brand","embeddable":true,"href":"https:\/\/roveyayinevi.com.tr\/index.php\/wp-json\/wp\/v2\/product_brand?post=720236"},{"taxonomy":"product_cat","embeddable":true,"href":"https:\/\/roveyayinevi.com.tr\/index.php\/wp-json\/wp\/v2\/product_cat?post=720236"},{"taxonomy":"product_tag","embeddable":true,"href":"https:\/\/roveyayinevi.com.tr\/index.php\/wp-json\/wp\/v2\/product_tag?post=720236"}],"curies":[{"name":"wp","href":"https:\/\/api.w.org\/{rel}","templated":true}]}}