{"id":720234,"date":"2025-08-27T18:33:33","date_gmt":"2025-08-27T15:33:33","guid":{"rendered":"https:\/\/roveyayinevi.com.tr\/index.php\/urun\/avrupa-guvenligi\/"},"modified":"2026-04-16T02:28:03","modified_gmt":"2026-04-15T23:28:03","slug":"avrupa-guvenligi","status":"publish","type":"product","link":"https:\/\/roveyayinevi.com.tr\/index.php\/urun\/avrupa-guvenligi\/","title":{"rendered":"Avrupa G\u00fcvenli\u011fi"},"content":{"rendered":"<p>Avrupa&#8217;da 16. Y\u00fczy\u0131lda yakla\u015f\u0131k be\u015f y\u00fcz siyasi birim varken 20. Y\u00fczy\u0131la girildi\u011finde 25 devlete inmi\u015ftir.Bug\u00fcn , 21. Y\u00fczy\u0131lda, Avrupa&#8217;da 50 ba\u011f\u0131ms\u0131z devler vard\u0131r.1914 -1918 y\u0131llar\u0131 aras\u0131n da yap\u0131lan 1. D\u00fcnya Sava\u015f\u0131 , Ekim 1917 Bol\u015fevik \u0130htilali , 1939&#8217;da Do\u011fu Blokunun  y\u0131k\u0131lmas\u0131 , Do\u011fu Avrupa ve Balkanlardaki etnik kavgalar Almanya&#8217;n\u0131n ikiye b\u00f6l\u00fcnmesi ve birle\u015fmesi gibi daha bir \u00e7ok olay 20. Y\u00fczy\u0131l Avrupas\u0131&#8217;n\u0131n belirleyici g\u00fcvenlik \/ g\u00fcvenliksiz olaylar olmu\u015ftur.G\u00fcn\u00fcm\u00fczde , \u00fcklerin sahip oldu\u011fu silahlar\u0131n toplam\u0131 d\u00fcnyay\u0131 on be\u015f kez yok edecek miktardad\u0131r.Bu durum d\u00fcnya bar\u0131\u015f\u0131n\u0131n ne kadar kez yok edecek miktardad\u0131r.Bu duurm d\u00fcnya ba\u015f\u0131n\u0131n ne kadar tehlikeli bir noktada oldu\u011funun kan\u0131t\u0131d\u0131r.Ayr\u0131ca d\u00fcnyay\u0131 y\u00f6neten insanlar\u0131n da bar\u0131\u015f konusunda samimiyetsiz olduklar\u0131n\u0131n da g\u00f6stergesidir.19. Y\u00fczy\u0131la kadar Avrupa g\u00fcvenli\u011fini tehdit eden en \u00f6nemli unsur T\u00fcrk \u0130mparatorlu\u011fu , Osmanl\u0131 olmu\u015ftur.T\u00fcrklerin d\u0131\u015f\u0131nda Avrupa g\u00fcvenli\u011fini tehdit eden en \u00f6nemli bir d\u0131\u015f tehlike olmam\u0131\u015ft\u0131r.T\u00fcrkler 18. Y\u00fczy\u0131l\u0131n sonun da zay\u0131flay\u0131p tehlike olmam\u0131\u015ft\u0131r.T\u00fcrkler 18. Y\u00fczy\u0131l\u0131n sonun da zay\u0131flay\u0131p tehlike olmaktan \u00e7\u0131k\u0131nca , Avrupa g\u00fcvenli\u011finin en b\u00fcy\u00fck tehdit yine Avrupan\u0131n kendisi olmu\u015ftur.Avrupa \u00fclkeleri aras\u0131ndaki rekabet , ideolojik farkl\u0131l\u0131k , ekonomik ve politik \u00e7\u0131karlar , toprak ve etnik k\u00f6kenli kavgalar , olumsuz tarihi miraslar , Avrupa g\u00fcvenli\u011fini tehdit eden ve zaman zaman da bozan unsurlar olmu\u015ftur. Avrupa 20. Y\u00fczy\u0131l\u0131 Do\u011fu ve Bat\u0131 Bloklar\u0131 aras\u0131ndaki So\u011fuk Sava\u015fa ge\u00e7mi\u015ftir.21.Y\u00fczy\u0131la Avrupa&#8217;n\u0131n b\u00fct\u00fcnle\u015fmesi ,Do\u011fu Blokunun Avrupal\u0131 \u00fcyeleriyle kayna\u015fma ve ABD ile \u00e7\u0131kar \u00e7at\u0131\u015fmas\u0131n\u0131 do\u011fru giden bir g\u00f6r\u00fcnt\u00fcyle girmi\u015ftir.Avrupa ;\u0130slam d\u00fcnyas\u0131 ile s\u0131k\u0131nt\u0131l\u0131 , \u00c7ince ile mesafeli , Rusya ile bar\u0131\u015fma d\u00f6nemindedir. Ter\u00f6rizm , etnik sorunlar ve s\u0131n\u0131r kavgalar\u0131 , ciddi \u00e7evre kirlili\u011fi , antidemokratik rejimler , yoksulluk , gelir dengesizli\u011fi  ve kitle imha silahlar\u0131 , Rusya&#8217;n\u0131n tekrar g\u00fc\u00e7lenip uluslararas\u0131 denge \u00fclkesi olma \u00e7abalar\u0131 ,\u00c7in&#8217;in \u00e7ok g\u00fc\u00e7lenmesi Avrupa g\u00fcvenli\u011fini en az\u0131ndan 21. y\u00fczy\u0131l\u0131n ilk yar\u0131s\u0131nda me\u015fgul edecek veya k\u0131ta k\u00fcresel g\u00fcvenli\u011fi bekleyen tehditler olarak g\u00f6r\u00fclmektedir.<\/p>\n","protected":false},"excerpt":{"rendered":"<p>Avrupa&#8217;da 16. Y\u00fczy\u0131lda yakla\u015f\u0131k be\u015f y\u00fcz siyasi birim varken 20. Y\u00fczy\u0131la girildi\u011finde 25 devlete inmi\u015ftir.Bug\u00fcn , 21. Y\u00fczy\u0131lda, Avrupa&#8217;da 50 ba\u011f\u0131ms\u0131z devler vard\u0131r.1914 -1918 y\u0131llar\u0131 aras\u0131n<span class=\"excerpt-hellip\"> [\u2026]<\/span><\/p>\n","protected":false},"featured_media":0,"template":"","meta":{"_monsterinsights_skip_tracking":false,"_monsterinsights_sitenote_active":false,"_monsterinsights_sitenote_note":"","_monsterinsights_sitenote_category":0},"product_brand":[],"product_cat":[12338,12337],"product_tag":[],"class_list":{"0":"post-720234","1":"product","2":"type-product","3":"status-publish","5":"product_cat-dunya-siyaseti-ve-politikasi","6":"product_cat-politika-siyaset","7":"pa_cilt-ciltsiz","8":"pa_tur-kitap","9":"pa_yayinevi-baris-kitap","10":"pa_yazar-haydar-cakmak","12":"first","13":"instock","14":"sale","15":"shipping-taxable","16":"purchasable","17":"product-type-simple"},"_links":{"self":[{"href":"https:\/\/roveyayinevi.com.tr\/index.php\/wp-json\/wp\/v2\/product\/720234","targetHints":{"allow":["GET"]}}],"collection":[{"href":"https:\/\/roveyayinevi.com.tr\/index.php\/wp-json\/wp\/v2\/product"}],"about":[{"href":"https:\/\/roveyayinevi.com.tr\/index.php\/wp-json\/wp\/v2\/types\/product"}],"wp:attachment":[{"href":"https:\/\/roveyayinevi.com.tr\/index.php\/wp-json\/wp\/v2\/media?parent=720234"}],"wp:term":[{"taxonomy":"product_brand","embeddable":true,"href":"https:\/\/roveyayinevi.com.tr\/index.php\/wp-json\/wp\/v2\/product_brand?post=720234"},{"taxonomy":"product_cat","embeddable":true,"href":"https:\/\/roveyayinevi.com.tr\/index.php\/wp-json\/wp\/v2\/product_cat?post=720234"},{"taxonomy":"product_tag","embeddable":true,"href":"https:\/\/roveyayinevi.com.tr\/index.php\/wp-json\/wp\/v2\/product_tag?post=720234"}],"curies":[{"name":"wp","href":"https:\/\/api.w.org\/{rel}","templated":true}]}}