{"id":720233,"date":"2025-08-27T18:33:32","date_gmt":"2025-08-27T15:33:32","guid":{"rendered":"https:\/\/roveyayinevi.com.tr\/index.php\/urun\/cotturruk-defterleri\/"},"modified":"2026-04-16T02:28:03","modified_gmt":"2026-04-15T23:28:03","slug":"cotturruk-defterleri","status":"publish","type":"product","link":"https:\/\/roveyayinevi.com.tr\/index.php\/urun\/cotturruk-defterleri\/","title":{"rendered":"Cotturruk Defterleri"},"content":{"rendered":"<p>\u00d6yk\u00fcleriyle sevilen yazar P\u0131nar \u00d6\u011f\u00fcn\u00e7, ilk kez \u00e7ocuklar i\u00e7in yazd\u0131! \u00d6\u011f\u00fcn\u00e7, hayat\u0131 \u201ctuhaf\u201d sorular sorarak, i\u00e7indeki hik\u00e2yelerle ke\u015ffeden, art\u0131k kendi hik\u00e2yelerini yazmaya karar veren \u00e7ocuklar\u0131 anlat\u0131yor. \u201cTipsiz\u201d hayvanlar, \u201c\u00f6nemsiz\u201d e\u015fyalar Cotturuk Defterleri&#8217;nde, M\u0131sra Karahan&#8217;\u0131n incelikli resimleriyle canlan\u0131yor.   Herkes gibi, Maya\u2019n\u0131n da can\u0131 arada bir s\u0131k\u0131l\u0131rd\u0131. Ama o g\u00fcn, ilk kez can s\u0131k\u0131nt\u0131s\u0131 \u00fczerine d\u00fc\u015f\u00fcnd\u00fc, ad\u0131n\u0131 &#8220;cotturuk&#8221; koydu. Sona&#8217;yla birlikte cotturuktan kurtulma y\u00f6ntemlerini yazd\u0131klar\u0131 defteri, Robin&#8217;le ba\u015flad\u0131klar\u0131 H\u0131tt\u0131r\u0131k Sorular\u0131n H\u0131tt\u0131r\u0131k Cevaplar\u0131 defteri izledi. Ba\u015fka sorular, ba\u015fka hayaller, \u00fc\u00e7 arkada\u015f\u0131 yeni bir defterin sayfalar\u0131na itti. Kendi \u00f6yk\u00fclerini yazd\u0131lar! \u00c7i\u011fnenmi\u015f bir sak\u0131z\u0131n, bir demet maydanozun, bir \u00e7ay s\u00fczgecinin, bir sivrisine\u011fin de bir hayat\u0131, anlataca\u011f\u0131 maceralar\u0131 vard\u0131 \u00e7\u00fcnk\u00fc&#8230; <\/p>\n","protected":false},"excerpt":{"rendered":"<p>\u00d6yk\u00fcleriyle sevilen yazar P\u0131nar \u00d6\u011f\u00fcn\u00e7, ilk kez \u00e7ocuklar i\u00e7in yazd\u0131! \u00d6\u011f\u00fcn\u00e7, hayat\u0131 \u201ctuhaf\u201d sorular sorarak, i\u00e7indeki hik\u00e2yelerle ke\u015ffeden, art\u0131k kendi hik\u00e2yelerini yazmaya karar veren \u00e7ocuklar\u0131 anlat\u0131yor.<span class=\"excerpt-hellip\"> [\u2026]<\/span><\/p>\n","protected":false},"featured_media":0,"template":"","meta":{"_monsterinsights_skip_tracking":false,"_monsterinsights_sitenote_active":false,"_monsterinsights_sitenote_note":"","_monsterinsights_sitenote_category":0},"product_brand":[],"product_cat":[12274,12284],"product_tag":[],"class_list":{"0":"post-720233","1":"product","2":"type-product","3":"status-publish","5":"product_cat-cocuk-ve-genclik-kitaplari","6":"product_cat-hikayeler","7":"pa_cilt-ciltsiz","8":"pa_tur-kitap","9":"pa_yayinevi-can-cocuk-yayinlari","10":"pa_yazar-pinar-ogunc","12":"first","13":"instock","14":"sale","15":"shipping-taxable","16":"purchasable","17":"product-type-simple"},"_links":{"self":[{"href":"https:\/\/roveyayinevi.com.tr\/index.php\/wp-json\/wp\/v2\/product\/720233","targetHints":{"allow":["GET"]}}],"collection":[{"href":"https:\/\/roveyayinevi.com.tr\/index.php\/wp-json\/wp\/v2\/product"}],"about":[{"href":"https:\/\/roveyayinevi.com.tr\/index.php\/wp-json\/wp\/v2\/types\/product"}],"wp:attachment":[{"href":"https:\/\/roveyayinevi.com.tr\/index.php\/wp-json\/wp\/v2\/media?parent=720233"}],"wp:term":[{"taxonomy":"product_brand","embeddable":true,"href":"https:\/\/roveyayinevi.com.tr\/index.php\/wp-json\/wp\/v2\/product_brand?post=720233"},{"taxonomy":"product_cat","embeddable":true,"href":"https:\/\/roveyayinevi.com.tr\/index.php\/wp-json\/wp\/v2\/product_cat?post=720233"},{"taxonomy":"product_tag","embeddable":true,"href":"https:\/\/roveyayinevi.com.tr\/index.php\/wp-json\/wp\/v2\/product_tag?post=720233"}],"curies":[{"name":"wp","href":"https:\/\/api.w.org\/{rel}","templated":true}]}}