{"id":720231,"date":"2025-08-27T18:33:31","date_gmt":"2025-08-27T15:33:31","guid":{"rendered":"https:\/\/roveyayinevi.com.tr\/index.php\/urun\/kendimi-anlattigim-hikayeler\/"},"modified":"2026-04-16T02:28:03","modified_gmt":"2026-04-15T23:28:03","slug":"kendimi-anlattigim-hikayeler","status":"publish","type":"product","link":"https:\/\/roveyayinevi.com.tr\/index.php\/urun\/kendimi-anlattigim-hikayeler\/","title":{"rendered":"Kendimi Anlatt\u0131\u011f\u0131m Hikayeler"},"content":{"rendered":"<p>Yaln\u0131z uyudu\u011fumda, yatak oldu\u011fundan daha b\u00fcy\u00fck ve daha so\u011fuk g\u00f6r\u00fcnd\u00fc\u011f\u00fcnde kendime hik\u00e2yeler anlat\u0131yorum, ama Ni\u00e1gara orada oldu\u011funda ve benden \u00f6nce uyudu\u011funda da onlar\u0131 kendime anlat\u0131yorum, k\u00fc\u00e7\u00fck bir salyangoz gibi k\u0131vr\u0131l\u0131yor ve sanki o da kendine bir hik\u00e2ye anlat\u0131yormu\u015f\u00e7as\u0131na keyifli m\u0131r\u0131lt\u0131lar aras\u0131nda uykuya dal\u0131yor. Julio Cortazar \u00f6yk\u00fclerinin \u00fc\u00e7\u00fcnc\u00fc ve son cildi Kendime Anlatt\u0131\u011f\u0131m Hik\u00e2yeler, yazar\u0131n hayattayken yay\u0131mlad\u0131\u011f\u0131 son \u00fc\u00e7 \u00f6yk\u00fc derlemesini i\u00e7eriyor: Lucas Diye Biri (1979), Glenda\u2019y\u0131 O Kadar Seviyoruz ki (1980), Uygunsuz Zamanlar (1982). Cort\u00e1zar\u2019\u0131n a\u015fka, cinselli\u011fe, sanata ve modern zamanlara dair \u00e7\u00f6z\u00fcmlemeleri, ger\u00e7ek\u00fcst\u00fcne ve r\u00fcyalara yakla\u015f\u0131m\u0131, oyuncu deneyselli\u011fi bu \u00f6yk\u00fclerde kesi\u015fiyor. \u00d6tekinin R\u00fcyas\u0131, Ayak \u0130zlerinde Ad\u0131mlar ve Kendime Anlatt\u0131\u011f\u0131m Hik\u00e2yeler, Arjantin edebiyat\u0131n\u0131n temel ta\u015flar\u0131ndan Cort\u00e1zar\u2019\u0131n T\u00fcrk\u00e7edeki en kapsaml\u0131 \u00f6yk\u00fc k\u00fclliyat\u0131n\u0131 meydana getiriyor. <\/p>\n","protected":false},"excerpt":{"rendered":"<p>Yaln\u0131z uyudu\u011fumda, yatak oldu\u011fundan daha b\u00fcy\u00fck ve daha so\u011fuk g\u00f6r\u00fcnd\u00fc\u011f\u00fcnde kendime hik\u00e2yeler anlat\u0131yorum, ama Ni\u00e1gara orada oldu\u011funda ve benden \u00f6nce uyudu\u011funda da onlar\u0131 kendime anlat\u0131yorum, k\u00fc\u00e7\u00fck<span class=\"excerpt-hellip\"> [\u2026]<\/span><\/p>\n","protected":false},"featured_media":0,"template":"","meta":{"_monsterinsights_skip_tracking":false,"_monsterinsights_sitenote_active":false,"_monsterinsights_sitenote_note":"","_monsterinsights_sitenote_category":0},"product_brand":[],"product_cat":[12291,12711],"product_tag":[],"class_list":{"0":"post-720231","1":"product","2":"type-product","3":"status-publish","5":"product_cat-edebiyat","6":"product_cat-roman-oyku","7":"pa_cilt-ciltsiz","8":"pa_tur-kitap","9":"pa_yayinevi-can-yayinlari","10":"pa_yazar-julio-cortazar","12":"first","13":"instock","14":"sale","15":"shipping-taxable","16":"purchasable","17":"product-type-simple"},"_links":{"self":[{"href":"https:\/\/roveyayinevi.com.tr\/index.php\/wp-json\/wp\/v2\/product\/720231","targetHints":{"allow":["GET"]}}],"collection":[{"href":"https:\/\/roveyayinevi.com.tr\/index.php\/wp-json\/wp\/v2\/product"}],"about":[{"href":"https:\/\/roveyayinevi.com.tr\/index.php\/wp-json\/wp\/v2\/types\/product"}],"wp:attachment":[{"href":"https:\/\/roveyayinevi.com.tr\/index.php\/wp-json\/wp\/v2\/media?parent=720231"}],"wp:term":[{"taxonomy":"product_brand","embeddable":true,"href":"https:\/\/roveyayinevi.com.tr\/index.php\/wp-json\/wp\/v2\/product_brand?post=720231"},{"taxonomy":"product_cat","embeddable":true,"href":"https:\/\/roveyayinevi.com.tr\/index.php\/wp-json\/wp\/v2\/product_cat?post=720231"},{"taxonomy":"product_tag","embeddable":true,"href":"https:\/\/roveyayinevi.com.tr\/index.php\/wp-json\/wp\/v2\/product_tag?post=720231"}],"curies":[{"name":"wp","href":"https:\/\/api.w.org\/{rel}","templated":true}]}}