{"id":720230,"date":"2025-08-27T18:33:29","date_gmt":"2025-08-27T15:33:29","guid":{"rendered":"https:\/\/roveyayinevi.com.tr\/index.php\/urun\/morgue-sokagi-cinayetleri\/"},"modified":"2026-04-16T02:28:03","modified_gmt":"2026-04-15T23:28:03","slug":"morgue-sokagi-cinayetleri","status":"publish","type":"product","link":"https:\/\/roveyayinevi.com.tr\/index.php\/urun\/morgue-sokagi-cinayetleri\/","title":{"rendered":"Morgue Soka\u011f\u0131 Cinayetleri"},"content":{"rendered":"<p>\u00d6yk\u00fc ustas\u0131 Poe modern anlamda korku, gerilim ve polisiye t\u00fcrlerinin de \u00f6nc\u00fcs\u00fcd\u00fcr. Yoklukla, kay\u0131plarla, hastal\u0131klarla, alkolle ve sanr\u0131larla cebelle\u015fmesine ra\u011fmen, hem d\u00fcnya edebiyat\u0131 hem de Bat\u0131 k\u00fclt\u00fcr\u00fc \u00fczerinde derin bir etki b\u0131rakan ola\u011fan\u00fcst\u00fc \u00f6yk\u00fcler ve \u015fiirler yazm\u0131\u015ft\u0131r. Poe\u2019nun k\u00e2h fantastik k\u00e2h gotik k\u00e2h gizemli \u00f6\u011feler i\u00e7eren \u201cMorgue Soka\u011f\u0131 Cinayetleri\u201d adl\u0131 \u00f6yk\u00fcs\u00fc yazar\u0131n e\u015fsiz \u00fcslubunu ve insan\u0131n i\u00e7inde pusuda bekleyen karanl\u0131\u011f\u0131 ke\u015ffedece\u011finiz bir klasik. &#8220;Sarho\u015f, yoksul, ezik, d\u0131\u015flanm\u0131\u015f Edgar Allan Poe, dingin ve erdemli bir Goethe&#8217;den ya da Walter Scott&#8217;tan \u00e7ok daha fazla ho\u015fuma gidiyor. O ve onun gibi \u00f6zel yap\u0131daki adamlar i\u00e7in \u015f\u00f6yle diyece\u011fim: &#8216;Bizler ad\u0131na ac\u0131 \u00e7ektiler.'&#8221; Charles Baudelaire<\/p>\n","protected":false},"excerpt":{"rendered":"<p>\u00d6yk\u00fc ustas\u0131 Poe modern anlamda korku, gerilim ve polisiye t\u00fcrlerinin de \u00f6nc\u00fcs\u00fcd\u00fcr. Yoklukla, kay\u0131plarla, hastal\u0131klarla, alkolle ve sanr\u0131larla cebelle\u015fmesine ra\u011fmen, hem d\u00fcnya edebiyat\u0131 hem de Bat\u0131<span class=\"excerpt-hellip\"> [\u2026]<\/span><\/p>\n","protected":false},"featured_media":0,"template":"","meta":{"_monsterinsights_skip_tracking":false,"_monsterinsights_sitenote_active":false,"_monsterinsights_sitenote_note":"","_monsterinsights_sitenote_category":0},"product_brand":[],"product_cat":[12291,12711],"product_tag":[],"class_list":{"0":"post-720230","1":"product","2":"type-product","3":"status-publish","5":"product_cat-edebiyat","6":"product_cat-roman-oyku","7":"pa_cilt-ciltsiz","8":"pa_tur-kitap","9":"pa_yayinevi-can-yayinlari","10":"pa_yazar-edgar-allan-poe","12":"first","13":"instock","14":"sale","15":"shipping-taxable","16":"purchasable","17":"product-type-simple"},"_links":{"self":[{"href":"https:\/\/roveyayinevi.com.tr\/index.php\/wp-json\/wp\/v2\/product\/720230","targetHints":{"allow":["GET"]}}],"collection":[{"href":"https:\/\/roveyayinevi.com.tr\/index.php\/wp-json\/wp\/v2\/product"}],"about":[{"href":"https:\/\/roveyayinevi.com.tr\/index.php\/wp-json\/wp\/v2\/types\/product"}],"wp:attachment":[{"href":"https:\/\/roveyayinevi.com.tr\/index.php\/wp-json\/wp\/v2\/media?parent=720230"}],"wp:term":[{"taxonomy":"product_brand","embeddable":true,"href":"https:\/\/roveyayinevi.com.tr\/index.php\/wp-json\/wp\/v2\/product_brand?post=720230"},{"taxonomy":"product_cat","embeddable":true,"href":"https:\/\/roveyayinevi.com.tr\/index.php\/wp-json\/wp\/v2\/product_cat?post=720230"},{"taxonomy":"product_tag","embeddable":true,"href":"https:\/\/roveyayinevi.com.tr\/index.php\/wp-json\/wp\/v2\/product_tag?post=720230"}],"curies":[{"name":"wp","href":"https:\/\/api.w.org\/{rel}","templated":true}]}}