{"id":720223,"date":"2025-08-27T18:33:18","date_gmt":"2025-08-27T15:33:18","guid":{"rendered":"https:\/\/roveyayinevi.com.tr\/index.php\/urun\/hilafet\/"},"modified":"2026-04-16T02:28:02","modified_gmt":"2026-04-15T23:28:02","slug":"hilafet","status":"publish","type":"product","link":"https:\/\/roveyayinevi.com.tr\/index.php\/urun\/hilafet\/","title":{"rendered":"Hilafet"},"content":{"rendered":"<p>Hilafet nedir? Bu kavram ne anlama gelmektedir? Bu fikrin tarihi nedir? Bu sadece tarihe emanet edilmi\u015f, ge\u00e7mi\u015ften gelen bir ses oldu\u011fu i\u00e7in ilgi \u00e7eken eskiden kalma \u00f6nemsiz bir \u015fey midir? Ya da bug\u00fcn yorumlay\u0131p kullanabilece\u011fimiz bir kavram m\u0131d\u0131r? Bu kitapta t\u00fcm bu sorular\u0131n yan\u0131tlar\u0131n\u0131 bulacaks\u0131n\u0131z.Bu kitap, temelde, g\u00fcncel siyasetle alakal\u0131 bir kitap de\u011fildir. Daha ziyade bir tarih kitab\u0131d\u0131r ve ele ald\u0131\u011f\u0131 tarihi malzemenin \u00e7o\u011fu, her ne kadar tart\u0131\u015fmalar\u0131n bir k\u0131sm\u0131 yirmi birinci y\u00fczy\u0131la kadar gelse de, Anglo-Sakson gelene\u011fine mensup tarih\u00e7ilerin erken Orta \u00c7a\u011flar, hatta Karanl\u0131k \u00c7a\u011flar olarak adland\u0131rd\u0131\u011f\u0131, Hz. Muhammed\u2019in 632\u2019deki vefat\u0131ndan 1097\u2019de Ha\u00e7l\u0131lar\u0131n Orta Do\u011fu\u2019ya geli\u015fine kadarki d\u00f6rt y\u00fcz y\u0131ll\u0131k bir d\u00f6neme dayanmaktad\u0131r.Kitap boyunca vurgulanan \u015fey, hilafet fikrinin zengin ve farkl\u0131l\u0131k g\u00f6steren bir gelenek oldu\u011fudur. Bir\u00e7ok M\u00fcsl\u00fcman, b\u00f6ylesi bir kurumun insan toplumunu d\u00fczenlemenin en iyi yolu oldu\u011fu fikrine s\u0131k\u0131 s\u0131k\u0131ya ba\u011fl\u0131d\u0131r.<\/p>\n","protected":false},"excerpt":{"rendered":"<p>Hilafet nedir? Bu kavram ne anlama gelmektedir? Bu fikrin tarihi nedir? Bu sadece tarihe emanet edilmi\u015f, ge\u00e7mi\u015ften gelen bir ses oldu\u011fu i\u00e7in ilgi \u00e7eken eskiden kalma<span class=\"excerpt-hellip\"> [\u2026]<\/span><\/p>\n","protected":false},"featured_media":0,"template":"","meta":{"_monsterinsights_skip_tracking":false,"_monsterinsights_sitenote_active":false,"_monsterinsights_sitenote_note":"","_monsterinsights_sitenote_category":0},"product_brand":[],"product_cat":[12370,12304],"product_tag":[],"class_list":{"0":"post-720223","1":"product","2":"type-product","3":"status-publish","5":"product_cat-arastirma-inceleme","6":"product_cat-tarih","7":"pa_cilt-ciltsiz","8":"pa_tur-kitap","9":"pa_yayinevi-inkilap-kitabevi","10":"pa_yazar-hugh-n-kennedy","12":"first","13":"instock","14":"sale","15":"shipping-taxable","16":"purchasable","17":"product-type-simple"},"_links":{"self":[{"href":"https:\/\/roveyayinevi.com.tr\/index.php\/wp-json\/wp\/v2\/product\/720223","targetHints":{"allow":["GET"]}}],"collection":[{"href":"https:\/\/roveyayinevi.com.tr\/index.php\/wp-json\/wp\/v2\/product"}],"about":[{"href":"https:\/\/roveyayinevi.com.tr\/index.php\/wp-json\/wp\/v2\/types\/product"}],"wp:attachment":[{"href":"https:\/\/roveyayinevi.com.tr\/index.php\/wp-json\/wp\/v2\/media?parent=720223"}],"wp:term":[{"taxonomy":"product_brand","embeddable":true,"href":"https:\/\/roveyayinevi.com.tr\/index.php\/wp-json\/wp\/v2\/product_brand?post=720223"},{"taxonomy":"product_cat","embeddable":true,"href":"https:\/\/roveyayinevi.com.tr\/index.php\/wp-json\/wp\/v2\/product_cat?post=720223"},{"taxonomy":"product_tag","embeddable":true,"href":"https:\/\/roveyayinevi.com.tr\/index.php\/wp-json\/wp\/v2\/product_tag?post=720223"}],"curies":[{"name":"wp","href":"https:\/\/api.w.org\/{rel}","templated":true}]}}