{"id":720222,"date":"2025-08-27T18:33:17","date_gmt":"2025-08-27T15:33:17","guid":{"rendered":"https:\/\/roveyayinevi.com.tr\/index.php\/urun\/hiclik-limani\/"},"modified":"2026-04-16T02:28:02","modified_gmt":"2026-04-15T23:28:02","slug":"hiclik-limani","status":"publish","type":"product","link":"https:\/\/roveyayinevi.com.tr\/index.php\/urun\/hiclik-limani\/","title":{"rendered":"Hi\u00e7&#8217;lik Liman\u0131"},"content":{"rendered":"<p>Okuyaca\u011f\u0131n\u0131z sat\u0131rlar asl\u0131nda bir kad\u0131n\u0131n ya da bir erke\u011fin i\u00e7 sesi ve ya\u015fad\u0131klar\u0131ndan yol a\u00e7\u0131k\u0131lm\u0131\u015f, tek bir ki\u015fiye, duruma mal edilebilecek sat\u0131rlar de\u011fil. \u0130nsan mayas\u0131ndaki o hep tam olma, mutlu olma, kusursuz olma iste\u011fi vard\u0131r ya, i\u015fte o iste\u011fin serzeni\u015fleri\u2026 \u201cBen seni b\u0131rakmam\u201d dedi adam,  Kad\u0131n t\u00fcm g\u00fcl\u00fc\u015flerini cebine koyup  Bir \u00f6m\u00fcr a\u011flamak pahas\u0131na inand\u0131\u2026 <\/p>\n","protected":false},"excerpt":{"rendered":"<p>Okuyaca\u011f\u0131n\u0131z sat\u0131rlar asl\u0131nda bir kad\u0131n\u0131n ya da bir erke\u011fin i\u00e7 sesi ve ya\u015fad\u0131klar\u0131ndan yol a\u00e7\u0131k\u0131lm\u0131\u015f, tek bir ki\u015fiye, duruma mal edilebilecek sat\u0131rlar de\u011fil. \u0130nsan mayas\u0131ndaki o<span class=\"excerpt-hellip\"> [\u2026]<\/span><\/p>\n","protected":false},"featured_media":0,"template":"","meta":{"_monsterinsights_skip_tracking":false,"_monsterinsights_sitenote_active":false,"_monsterinsights_sitenote_note":"","_monsterinsights_sitenote_category":0},"product_brand":[],"product_cat":[12291,12711],"product_tag":[],"class_list":{"0":"post-720222","1":"product","2":"type-product","3":"status-publish","5":"product_cat-edebiyat","6":"product_cat-roman-oyku","7":"pa_cilt-ciltsiz","8":"pa_tur-kitap","9":"pa_yayinevi-inkilap-kitabevi","10":"pa_yazar-ketrin-selin-sarikaya","12":"first","13":"instock","14":"sale","15":"shipping-taxable","16":"purchasable","17":"product-type-simple"},"_links":{"self":[{"href":"https:\/\/roveyayinevi.com.tr\/index.php\/wp-json\/wp\/v2\/product\/720222","targetHints":{"allow":["GET"]}}],"collection":[{"href":"https:\/\/roveyayinevi.com.tr\/index.php\/wp-json\/wp\/v2\/product"}],"about":[{"href":"https:\/\/roveyayinevi.com.tr\/index.php\/wp-json\/wp\/v2\/types\/product"}],"wp:attachment":[{"href":"https:\/\/roveyayinevi.com.tr\/index.php\/wp-json\/wp\/v2\/media?parent=720222"}],"wp:term":[{"taxonomy":"product_brand","embeddable":true,"href":"https:\/\/roveyayinevi.com.tr\/index.php\/wp-json\/wp\/v2\/product_brand?post=720222"},{"taxonomy":"product_cat","embeddable":true,"href":"https:\/\/roveyayinevi.com.tr\/index.php\/wp-json\/wp\/v2\/product_cat?post=720222"},{"taxonomy":"product_tag","embeddable":true,"href":"https:\/\/roveyayinevi.com.tr\/index.php\/wp-json\/wp\/v2\/product_tag?post=720222"}],"curies":[{"name":"wp","href":"https:\/\/api.w.org\/{rel}","templated":true}]}}