{"id":720220,"date":"2025-08-27T18:33:16","date_gmt":"2025-08-27T15:33:16","guid":{"rendered":"https:\/\/roveyayinevi.com.tr\/index.php\/urun\/3-dunya-savasi\/"},"modified":"2026-04-16T02:28:02","modified_gmt":"2026-04-15T23:28:02","slug":"3-dunya-savasi","status":"publish","type":"product","link":"https:\/\/roveyayinevi.com.tr\/index.php\/urun\/3-dunya-savasi\/","title":{"rendered":"3. D\u00fcnya Sava\u015f\u0131"},"content":{"rendered":"<p>B\u00fcy\u00fck Sava\u015f ne zaman \u00e7\u0131kacak? Hangi ne denlerle \u00e7\u0131kacak? Kim ba\u015flatacak? Kimler aras\u0131nda yap\u0131lacak? Hangi co\u011frafyada olacak? Nas\u0131l cereyan edecek? Bar\u0131\u015f, hi\u00e7bir devletin b\u00fct\u00e7e ay\u0131rmad\u0131\u011f\u0131, bunu akl\u0131ndan bile ge\u00e7irmedi\u011fi bir yat\u0131r\u0131m alan\u0131d\u0131r! Bar\u0131\u015f, yaln\u0131zca \u00fczerinde konu\u015fulan bir \u201c\u015fey\u201ddir. Sava\u015f ise; bamba\u015fkad\u0131r. H\u00fckumetleri, fabrikalar\u0131, \u015firketleri, t\u00fcccarlar\u0131, ula\u015ft\u0131rma hatlar\u0131, ordular\u0131, generalleri, armadalar\u0131, komisyoncular\u0131 vard\u0131r ve bunlar har\u0131l har\u0131l \u00e7al\u0131\u015f\u0131rken g\u00fc\u00e7 dengeleri, \u00e7\u0131kar ili\u015fkileri, zafer kazanma g\u00fcd\u00fcs\u00fc, \u00f6tekini bast\u0131rma, yenme, yok etme duygusu her \u015feyin belirleyicisi durumundad\u0131r\u2026<\/p>\n","protected":false},"excerpt":{"rendered":"<p>B\u00fcy\u00fck Sava\u015f ne zaman \u00e7\u0131kacak? Hangi ne denlerle \u00e7\u0131kacak? Kim ba\u015flatacak? Kimler aras\u0131nda yap\u0131lacak? Hangi co\u011frafyada olacak? Nas\u0131l cereyan edecek? Bar\u0131\u015f, hi\u00e7bir devletin b\u00fct\u00e7e ay\u0131rmad\u0131\u011f\u0131, bunu<span class=\"excerpt-hellip\"> [\u2026]<\/span><\/p>\n","protected":false},"featured_media":0,"template":"","meta":{"_monsterinsights_skip_tracking":false,"_monsterinsights_sitenote_active":false,"_monsterinsights_sitenote_note":"","_monsterinsights_sitenote_category":0},"product_brand":[],"product_cat":[12370,12304],"product_tag":[],"class_list":{"0":"post-720220","1":"product","2":"type-product","3":"status-publish","5":"product_cat-arastirma-inceleme","6":"product_cat-tarih","7":"pa_cilt-ciltsiz","8":"pa_tur-kitap","9":"pa_yayinevi-inkilap-kitabevi","10":"pa_yazar-osman-pamukoglu","12":"first","13":"instock","14":"sale","15":"shipping-taxable","16":"purchasable","17":"product-type-simple"},"_links":{"self":[{"href":"https:\/\/roveyayinevi.com.tr\/index.php\/wp-json\/wp\/v2\/product\/720220","targetHints":{"allow":["GET"]}}],"collection":[{"href":"https:\/\/roveyayinevi.com.tr\/index.php\/wp-json\/wp\/v2\/product"}],"about":[{"href":"https:\/\/roveyayinevi.com.tr\/index.php\/wp-json\/wp\/v2\/types\/product"}],"wp:attachment":[{"href":"https:\/\/roveyayinevi.com.tr\/index.php\/wp-json\/wp\/v2\/media?parent=720220"}],"wp:term":[{"taxonomy":"product_brand","embeddable":true,"href":"https:\/\/roveyayinevi.com.tr\/index.php\/wp-json\/wp\/v2\/product_brand?post=720220"},{"taxonomy":"product_cat","embeddable":true,"href":"https:\/\/roveyayinevi.com.tr\/index.php\/wp-json\/wp\/v2\/product_cat?post=720220"},{"taxonomy":"product_tag","embeddable":true,"href":"https:\/\/roveyayinevi.com.tr\/index.php\/wp-json\/wp\/v2\/product_tag?post=720220"}],"curies":[{"name":"wp","href":"https:\/\/api.w.org\/{rel}","templated":true}]}}