{"id":720219,"date":"2025-08-27T18:33:15","date_gmt":"2025-08-27T15:33:15","guid":{"rendered":"https:\/\/roveyayinevi.com.tr\/index.php\/urun\/the-concept-of-development-an-interdisciplinary-approach\/"},"modified":"2026-04-16T02:28:02","modified_gmt":"2026-04-15T23:28:02","slug":"the-concept-of-development-an-interdisciplinary-approach","status":"publish","type":"product","link":"https:\/\/roveyayinevi.com.tr\/index.php\/urun\/the-concept-of-development-an-interdisciplinary-approach\/","title":{"rendered":"The Concept Of  Development :  An Interdisciplinary Approach"},"content":{"rendered":"<p>\u0130\u00e7indekiler   1.RenewableEnergyConsumptionAndEconomicGrowthAnd Development InTurkey   2.GenderAnd Development: TheImpact Of Fem\u0131n\u0131stCampa\u0131gns On The Development InTurkey   3.TheEvaluat\u0131on Of Fore\u0131gnInvestmentsInTheScope Of TheTurk\u0131shLaw SystemAndTheEffect On The Country Development   4.A Rev\u0131ew On TheConsequences Of Workahol\u0131sm: DoesItReallyLeadTo EmployeeWell-Be\u0131ng?   5.MultinationalCompanies&#8217; Skill Development Strategies\u0130n Developing Host Countries: A Comparative Case Study\u0130n Turkey   6.Susta\u0131nable Development AndInternat\u0131onalF\u0131nanc\u0131alReport\u0131ngStandards (Ifrs): The Role Of IfrsInTurkey   7.TheAnalys\u0131s Of TheRelat\u0131onBetweenTheOff\u0131c\u0131al Development Ass\u0131stance ByTurkeyAndThe Global Publ\u0131cGoods <\/p>\n","protected":false},"excerpt":{"rendered":"<p>\u0130\u00e7indekiler 1.RenewableEnergyConsumptionAndEconomicGrowthAnd Development InTurkey 2.GenderAnd Development: TheImpact Of Fem\u0131n\u0131stCampa\u0131gns On The Development InTurkey 3.TheEvaluat\u0131on Of Fore\u0131gnInvestmentsInTheScope Of TheTurk\u0131shLaw SystemAndTheEffect On The Country Development 4.A Rev\u0131ew On<span class=\"excerpt-hellip\"> [\u2026]<\/span><\/p>\n","protected":false},"featured_media":0,"template":"","meta":{"_monsterinsights_skip_tracking":false,"_monsterinsights_sitenote_active":false,"_monsterinsights_sitenote_note":"","_monsterinsights_sitenote_category":0},"product_brand":[],"product_cat":[13043,14381],"product_tag":[],"class_list":{"0":"post-720219","1":"product","2":"type-product","3":"status-publish","5":"product_cat-ekonomi","6":"product_cat-isletme-muhasebe-maliye","7":"pa_cilt-ciltsiz","8":"pa_tur-kitap","9":"pa_yayinevi-gazi-kitabevi","10":"pa_yazar-ceray-aldemir","12":"first","13":"instock","14":"sale","15":"shipping-taxable","16":"purchasable","17":"product-type-simple"},"_links":{"self":[{"href":"https:\/\/roveyayinevi.com.tr\/index.php\/wp-json\/wp\/v2\/product\/720219","targetHints":{"allow":["GET"]}}],"collection":[{"href":"https:\/\/roveyayinevi.com.tr\/index.php\/wp-json\/wp\/v2\/product"}],"about":[{"href":"https:\/\/roveyayinevi.com.tr\/index.php\/wp-json\/wp\/v2\/types\/product"}],"wp:attachment":[{"href":"https:\/\/roveyayinevi.com.tr\/index.php\/wp-json\/wp\/v2\/media?parent=720219"}],"wp:term":[{"taxonomy":"product_brand","embeddable":true,"href":"https:\/\/roveyayinevi.com.tr\/index.php\/wp-json\/wp\/v2\/product_brand?post=720219"},{"taxonomy":"product_cat","embeddable":true,"href":"https:\/\/roveyayinevi.com.tr\/index.php\/wp-json\/wp\/v2\/product_cat?post=720219"},{"taxonomy":"product_tag","embeddable":true,"href":"https:\/\/roveyayinevi.com.tr\/index.php\/wp-json\/wp\/v2\/product_tag?post=720219"}],"curies":[{"name":"wp","href":"https:\/\/api.w.org\/{rel}","templated":true}]}}