{"id":720218,"date":"2025-08-27T18:33:14","date_gmt":"2025-08-27T15:33:14","guid":{"rendered":"https:\/\/roveyayinevi.com.tr\/index.php\/urun\/barbunya-prensesi\/"},"modified":"2026-04-16T02:28:02","modified_gmt":"2026-04-15T23:28:02","slug":"barbunya-prensesi","status":"publish","type":"product","link":"https:\/\/roveyayinevi.com.tr\/index.php\/urun\/barbunya-prensesi\/","title":{"rendered":"Barbunya Prensesi"},"content":{"rendered":"<p>K\u00fc\u00e7\u00fcc\u00fck siyah g\u00f6zlerini bir barbunya tanesinin i\u00e7inde a\u00e7t\u0131 Barbunya Prensesi. Nerede oldu\u011funu anlamaya \u00e7al\u0131\u015f\u0131rken p\u0131r\u0131l p\u0131r\u0131l sular d\u00f6k\u00fcld\u00fc \u00fczerine. Derken g\u00fcne\u015f \u0131\u015f\u0131\u011f\u0131yla tan\u0131\u015ft\u0131. Ne kadar b\u00fcy\u00fcl\u00fc bir yerdi buras\u0131, g\u00f6ky\u00fcz\u00fc ne kadar mavi, sa\u00e7lar\u0131 ne g\u00fczel bir ye\u015fildi. Ancak zaman ge\u00e7tik\u00e7e ba\u015fkalar\u0131n\u0131n \u00f6zelliklerini daha \u00e7ok \u00f6nemser oldu k\u00fc\u00e7\u00fck prenses. Etraf\u0131ndaki g\u00fczellikleri, sahip oldu\u011fu \u015feyleri fark etmiyordu art\u0131k. Yine s\u00f6ylenip durdu\u011fu bir g\u00fcn, ona ya\u015fad\u0131\u011f\u0131 yerin e\u015fsizli\u011fini ve kendisinin ne kadar \u00f6zel oldu\u011funu, her zaman g\u00f6z\u00fcn\u00fcn \u00f6n\u00fcnde olan bir \u015fey hat\u0131rlatacakt\u0131&#8230; <\/p>\n","protected":false},"excerpt":{"rendered":"<p>K\u00fc\u00e7\u00fcc\u00fck siyah g\u00f6zlerini bir barbunya tanesinin i\u00e7inde a\u00e7t\u0131 Barbunya Prensesi. Nerede oldu\u011funu anlamaya \u00e7al\u0131\u015f\u0131rken p\u0131r\u0131l p\u0131r\u0131l sular d\u00f6k\u00fcld\u00fc \u00fczerine. Derken g\u00fcne\u015f \u0131\u015f\u0131\u011f\u0131yla tan\u0131\u015ft\u0131. Ne kadar b\u00fcy\u00fcl\u00fc<span class=\"excerpt-hellip\"> [\u2026]<\/span><\/p>\n","protected":false},"featured_media":0,"template":"","meta":{"_monsterinsights_skip_tracking":false,"_monsterinsights_sitenote_active":false,"_monsterinsights_sitenote_note":"","_monsterinsights_sitenote_category":0},"product_brand":[],"product_cat":[12274,12284],"product_tag":[],"class_list":{"0":"post-720218","1":"product","2":"type-product","3":"status-publish","5":"product_cat-cocuk-ve-genclik-kitaplari","6":"product_cat-hikayeler","7":"pa_cilt-ciltsiz","8":"pa_tur-kitap","9":"pa_yayinevi-ithaki-yayinlari","10":"pa_yazar-mine-poge","12":"first","13":"instock","14":"sale","15":"shipping-taxable","16":"purchasable","17":"product-type-simple"},"_links":{"self":[{"href":"https:\/\/roveyayinevi.com.tr\/index.php\/wp-json\/wp\/v2\/product\/720218","targetHints":{"allow":["GET"]}}],"collection":[{"href":"https:\/\/roveyayinevi.com.tr\/index.php\/wp-json\/wp\/v2\/product"}],"about":[{"href":"https:\/\/roveyayinevi.com.tr\/index.php\/wp-json\/wp\/v2\/types\/product"}],"wp:attachment":[{"href":"https:\/\/roveyayinevi.com.tr\/index.php\/wp-json\/wp\/v2\/media?parent=720218"}],"wp:term":[{"taxonomy":"product_brand","embeddable":true,"href":"https:\/\/roveyayinevi.com.tr\/index.php\/wp-json\/wp\/v2\/product_brand?post=720218"},{"taxonomy":"product_cat","embeddable":true,"href":"https:\/\/roveyayinevi.com.tr\/index.php\/wp-json\/wp\/v2\/product_cat?post=720218"},{"taxonomy":"product_tag","embeddable":true,"href":"https:\/\/roveyayinevi.com.tr\/index.php\/wp-json\/wp\/v2\/product_tag?post=720218"}],"curies":[{"name":"wp","href":"https:\/\/api.w.org\/{rel}","templated":true}]}}