{"id":720215,"date":"2025-08-27T18:33:13","date_gmt":"2025-08-27T15:33:13","guid":{"rendered":"https:\/\/roveyayinevi.com.tr\/index.php\/urun\/turk-vergi-hukukunda-uzlastirma-muhasebe-meslek-mensuplari-arastirmasi\/"},"modified":"2026-04-16T02:28:02","modified_gmt":"2026-04-15T23:28:02","slug":"turk-vergi-hukukunda-uzlastirma-muhasebe-meslek-mensuplari-arastirmasi","status":"publish","type":"product","link":"https:\/\/roveyayinevi.com.tr\/index.php\/urun\/turk-vergi-hukukunda-uzlastirma-muhasebe-meslek-mensuplari-arastirmasi\/","title":{"rendered":"T\u00fcrk Vergi Hukukunda Uzla\u015ft\u0131rma Muhasebe Meslek Mensuplar\u0131 Ara\u015ft\u0131rmas\u0131"},"content":{"rendered":"<p>1.Giri\u015f 2.Uzal\u015fama Kurumu ve \u0130\u015fleyi\u015fi 3.Ara\u015ft\u0131rmaya \u0130li\u015fkin Temel Bilgiler 4.Arat\u0131rman\u0131n Bulgular\u0131 5. K\u0130-Kare Ba\u011f\u0131ms\u0131zl\u0131k Testi 6.Sonu\u00e7 ve De\u011ferlendirme   <\/p>\n","protected":false},"excerpt":{"rendered":"<p>1.Giri\u015f 2.Uzal\u015fama Kurumu ve \u0130\u015fleyi\u015fi 3.Ara\u015ft\u0131rmaya \u0130li\u015fkin Temel Bilgiler 4.Arat\u0131rman\u0131n Bulgular\u0131 5. K\u0130-Kare Ba\u011f\u0131ms\u0131zl\u0131k Testi 6.Sonu\u00e7 ve De\u011ferlendirme<\/p>\n","protected":false},"featured_media":0,"template":"","meta":{"_monsterinsights_skip_tracking":false,"_monsterinsights_sitenote_active":false,"_monsterinsights_sitenote_note":"","_monsterinsights_sitenote_category":0},"product_brand":[],"product_cat":[15350,17602],"product_tag":[],"class_list":{"0":"post-720215","1":"product","2":"type-product","3":"status-publish","5":"product_cat-hukuk","6":"product_cat-hukuk-uzerine","7":"pa_cilt-ciltsiz","8":"pa_tur-kitap","9":"pa_yayinevi-gazi-kitabevi","10":"pa_yazar-yunus-demirli-yasar-ayyildiz","12":"first","13":"instock","14":"sale","15":"shipping-taxable","16":"purchasable","17":"product-type-simple"},"_links":{"self":[{"href":"https:\/\/roveyayinevi.com.tr\/index.php\/wp-json\/wp\/v2\/product\/720215","targetHints":{"allow":["GET"]}}],"collection":[{"href":"https:\/\/roveyayinevi.com.tr\/index.php\/wp-json\/wp\/v2\/product"}],"about":[{"href":"https:\/\/roveyayinevi.com.tr\/index.php\/wp-json\/wp\/v2\/types\/product"}],"wp:attachment":[{"href":"https:\/\/roveyayinevi.com.tr\/index.php\/wp-json\/wp\/v2\/media?parent=720215"}],"wp:term":[{"taxonomy":"product_brand","embeddable":true,"href":"https:\/\/roveyayinevi.com.tr\/index.php\/wp-json\/wp\/v2\/product_brand?post=720215"},{"taxonomy":"product_cat","embeddable":true,"href":"https:\/\/roveyayinevi.com.tr\/index.php\/wp-json\/wp\/v2\/product_cat?post=720215"},{"taxonomy":"product_tag","embeddable":true,"href":"https:\/\/roveyayinevi.com.tr\/index.php\/wp-json\/wp\/v2\/product_tag?post=720215"}],"curies":[{"name":"wp","href":"https:\/\/api.w.org\/{rel}","templated":true}]}}