{"id":720212,"date":"2025-08-27T18:33:11","date_gmt":"2025-08-27T15:33:11","guid":{"rendered":"https:\/\/roveyayinevi.com.tr\/index.php\/urun\/insan-kaynaklari-yonetimi-cercevesinde-sosyallesmek-yabancilasmak\/"},"modified":"2026-04-16T02:28:02","modified_gmt":"2026-04-15T23:28:02","slug":"insan-kaynaklari-yonetimi-cercevesinde-sosyallesmek-yabancilasmak","status":"publish","type":"product","link":"https:\/\/roveyayinevi.com.tr\/index.php\/urun\/insan-kaynaklari-yonetimi-cercevesinde-sosyallesmek-yabancilasmak\/","title":{"rendered":"\u0130nsan Kaynaklar\u0131 Y\u00f6netimi \u00c7er\u00e7evesinde Sosyalle\u015fmek Yabanc\u0131la\u015fmak"},"content":{"rendered":"<p>1.    \u0130nsan Kaynaklar\u0131 Y\u00f6netimi Uygulamalar\u0131 2.    \u00d6rg\u00fctsel Sosyalle\u015fme 3.    \u00d6rg\u00fctsel Yabanc\u0131la\u015fma   <\/p>\n","protected":false},"excerpt":{"rendered":"<p>1. \u0130nsan Kaynaklar\u0131 Y\u00f6netimi Uygulamalar\u0131 2. \u00d6rg\u00fctsel Sosyalle\u015fme 3. \u00d6rg\u00fctsel Yabanc\u0131la\u015fma<\/p>\n","protected":false},"featured_media":0,"template":"","meta":{"_monsterinsights_skip_tracking":false,"_monsterinsights_sitenote_active":false,"_monsterinsights_sitenote_note":"","_monsterinsights_sitenote_category":0},"product_brand":[],"product_cat":[13043,14381],"product_tag":[],"class_list":{"0":"post-720212","1":"product","2":"type-product","3":"status-publish","5":"product_cat-ekonomi","6":"product_cat-isletme-muhasebe-maliye","7":"pa_cilt-ciltsiz","8":"pa_tur-kitap","9":"pa_yayinevi-gazi-kitabevi","10":"pa_yazar-mustafa-fedai-cavus","12":"first","13":"instock","14":"sale","15":"shipping-taxable","16":"purchasable","17":"product-type-simple"},"_links":{"self":[{"href":"https:\/\/roveyayinevi.com.tr\/index.php\/wp-json\/wp\/v2\/product\/720212","targetHints":{"allow":["GET"]}}],"collection":[{"href":"https:\/\/roveyayinevi.com.tr\/index.php\/wp-json\/wp\/v2\/product"}],"about":[{"href":"https:\/\/roveyayinevi.com.tr\/index.php\/wp-json\/wp\/v2\/types\/product"}],"wp:attachment":[{"href":"https:\/\/roveyayinevi.com.tr\/index.php\/wp-json\/wp\/v2\/media?parent=720212"}],"wp:term":[{"taxonomy":"product_brand","embeddable":true,"href":"https:\/\/roveyayinevi.com.tr\/index.php\/wp-json\/wp\/v2\/product_brand?post=720212"},{"taxonomy":"product_cat","embeddable":true,"href":"https:\/\/roveyayinevi.com.tr\/index.php\/wp-json\/wp\/v2\/product_cat?post=720212"},{"taxonomy":"product_tag","embeddable":true,"href":"https:\/\/roveyayinevi.com.tr\/index.php\/wp-json\/wp\/v2\/product_tag?post=720212"}],"curies":[{"name":"wp","href":"https:\/\/api.w.org\/{rel}","templated":true}]}}