{"id":720210,"date":"2025-08-27T18:33:10","date_gmt":"2025-08-27T15:33:10","guid":{"rendered":"https:\/\/roveyayinevi.com.tr\/index.php\/urun\/finansal-piyasalar-uzerine-guncel-arastirmalar\/"},"modified":"2026-04-16T02:28:02","modified_gmt":"2026-04-15T23:28:02","slug":"finansal-piyasalar-uzerine-guncel-arastirmalar","status":"publish","type":"product","link":"https:\/\/roveyayinevi.com.tr\/index.php\/urun\/finansal-piyasalar-uzerine-guncel-arastirmalar\/","title":{"rendered":"Finansal Piyasalar \u00dczerine G\u00fcncel Ara\u015ft\u0131rmalar"},"content":{"rendered":"<p>\u0130\u00e7indekiler   B\u0130R\u0130NC\u0130 B\u00d6L\u00dcM BANKALARIN REKLAM HARCAMALARININ VER\u0130LEN KRED\u0130LER VE TOPLANAN MEVDUATLAR \u00dcZER\u0130NE ETK\u0130S\u0130: T\u00dcRK\u0130YE BANKACILIK SEKT\u00d6R\u00dc \u00d6RNE\u011e\u0130   \u0130K\u0130NC\u0130 B\u00d6L\u00dcM T\u00dcRK KATILIM BANKALARININ F\u0130NANSAL PERFORMANSININ \u00c7OK KR\u0130TERL\u0130 KARAR VERME Y\u00d6NTEMLER\u0130 \u0130LE \u00d6L\u00c7\u00dcLMES\u0130   \u00dc\u00c7\u00dcNC\u00dc B\u00d6L\u00dcM BANKA H\u0130SSE SENETLER\u0130 VOLAT\u0130L\u0130TES\u0130NDE AS\u0130METR\u0130K ETK\u0130   D\u00d6RD\u00dcNC\u00dc B\u00d6L\u00dcM \u0130\u015eLEM HACM\u0130 VE H\u0130SSE SENED\u0130 F\u0130YATLARI ARASINDAK\u0130 \u0130L\u0130\u015eK\u0130 \u00dcZER\u0130NE BORSA \u0130STANBUL\u2019DA B\u0130R UYGULAMA   BE\u015e\u0130NC\u0130 B\u00d6L\u00dcM ZAMANA BA\u011eLI OLARAK DE\u011e\u0130\u015eEN FVFM BETALARI: T\u00dcRK \u0130MALAT SANAY\u0130 ALT SEKT\u00d6RLER\u0130 \u0130NCELEMES\u0130   ALTINCI B\u00d6L\u00dcM BORSA \u0130STANBUL\u2019DA AYIN EVRES\u0130 ETK\u0130S\u0130N\u0130N TEST ED\u0130LMES\u0130   YED\u0130NC\u0130 B\u00d6L\u00dcM MAL\u0130 TABLO MAN\u0130P\u00dcLASYONLARINDA PRAT\u0130K T\u00dcRK\u0130YE UYGULAMALARI   SEK\u0130Z\u0130NC\u0130 B\u00d6L\u00dcM AR-GE YATIRIMLARININ F\u0130NANSAL YAPI \u00dcZER\u0130NE ETK\u0130S\u0130   DOKUZUNCU B\u00d6L\u00dcM F\u0130NANSAL GEL\u0130\u015eME VE B\u00dcY\u00dcME ARASINDAK\u0130 \u0130L\u0130\u015eK\u0130N\u0130N DO\u011eRUSAL OLMAYAN NEDENSELL\u0130K Y\u00d6NTEM\u0130 \u0130LE \u0130NCELENMES\u0130: T\u00dcRK\u0130YE \u00d6RNE\u011e\u0130   ONUNCU B\u00d6L\u00dcM DO\u011eRUDAN YABANCI SERMAYE YATIRIMLARI, F\u0130NANSAL GEL\u0130\u015eME VE TUR\u0130ZM\u2019\u0130N \u00c7EVRE KAL\u0130TES\u0130 \u00dcZER\u0130NE ETK\u0130S\u0130: E-7 \u00dcLKELER\u0130 \u0130\u00c7\u0130N B\u0130R \u0130NCELEME   ONB\u0130R\u0130NC\u0130 B\u00d6L\u00dcM BE\u015eER\u00ce SERMAYE VE \u0130NOVASYON \u0130L\u0130\u015eK\u0130S\u0130: TEOR\u0130K B\u0130R PERSPEKT\u0130F   <\/p>\n","protected":false},"excerpt":{"rendered":"<p>\u0130\u00e7indekiler B\u0130R\u0130NC\u0130 B\u00d6L\u00dcM BANKALARIN REKLAM HARCAMALARININ VER\u0130LEN KRED\u0130LER VE TOPLANAN MEVDUATLAR \u00dcZER\u0130NE ETK\u0130S\u0130: T\u00dcRK\u0130YE BANKACILIK SEKT\u00d6R\u00dc \u00d6RNE\u011e\u0130 \u0130K\u0130NC\u0130 B\u00d6L\u00dcM T\u00dcRK KATILIM BANKALARININ F\u0130NANSAL PERFORMANSININ \u00c7OK KR\u0130TERL\u0130<span class=\"excerpt-hellip\"> [\u2026]<\/span><\/p>\n","protected":false},"featured_media":0,"template":"","meta":{"_monsterinsights_skip_tracking":false,"_monsterinsights_sitenote_active":false,"_monsterinsights_sitenote_note":"","_monsterinsights_sitenote_category":0},"product_brand":[],"product_cat":[17249,13043],"product_tag":[],"class_list":{"0":"post-720210","1":"product","2":"type-product","3":"status-publish","5":"product_cat-borsa-finans","6":"product_cat-ekonomi","7":"pa_cilt-ciltsiz","8":"pa_tur-kitap","9":"pa_yayinevi-gazi-kitabevi","10":"pa_yazar-ugur-uzun-murat-berberoglu","12":"first","13":"instock","14":"sale","15":"shipping-taxable","16":"purchasable","17":"product-type-simple"},"_links":{"self":[{"href":"https:\/\/roveyayinevi.com.tr\/index.php\/wp-json\/wp\/v2\/product\/720210","targetHints":{"allow":["GET"]}}],"collection":[{"href":"https:\/\/roveyayinevi.com.tr\/index.php\/wp-json\/wp\/v2\/product"}],"about":[{"href":"https:\/\/roveyayinevi.com.tr\/index.php\/wp-json\/wp\/v2\/types\/product"}],"wp:attachment":[{"href":"https:\/\/roveyayinevi.com.tr\/index.php\/wp-json\/wp\/v2\/media?parent=720210"}],"wp:term":[{"taxonomy":"product_brand","embeddable":true,"href":"https:\/\/roveyayinevi.com.tr\/index.php\/wp-json\/wp\/v2\/product_brand?post=720210"},{"taxonomy":"product_cat","embeddable":true,"href":"https:\/\/roveyayinevi.com.tr\/index.php\/wp-json\/wp\/v2\/product_cat?post=720210"},{"taxonomy":"product_tag","embeddable":true,"href":"https:\/\/roveyayinevi.com.tr\/index.php\/wp-json\/wp\/v2\/product_tag?post=720210"}],"curies":[{"name":"wp","href":"https:\/\/api.w.org\/{rel}","templated":true}]}}