{"id":720206,"date":"2025-08-27T18:33:06","date_gmt":"2025-08-27T15:33:06","guid":{"rendered":"https:\/\/roveyayinevi.com.tr\/index.php\/urun\/denizler-altinda-yirmibin-fersah\/"},"modified":"2025-11-06T05:31:39","modified_gmt":"2025-11-06T02:31:39","slug":"denizler-altinda-yirmibin-fersah","status":"publish","type":"product","link":"https:\/\/roveyayinevi.com.tr\/index.php\/urun\/denizler-altinda-yirmibin-fersah\/","title":{"rendered":"Denizler Alt\u0131nda Yirmibin Fersah"},"content":{"rendered":"<p>Renkli Resimli \u00c7ocuk Klasikleri dizisinde, d\u00fcnya klasiklerinin en se\u00e7kin \u00f6rneklerinin \u00e7ocuklar i\u00e7in uyarlamalar\u0131 yer almaktad\u0131r.   Edebiyat tarihinin en sevilen yazarlar\u0131n\u0131n eserleri, renkli resimler ve ilgi \u00e7ekici bir anlat\u0131mla sunulmaktad\u0131r. <\/p>\n","protected":false},"excerpt":{"rendered":"<p>Renkli Resimli \u00c7ocuk Klasikleri dizisinde, d\u00fcnya klasiklerinin en se\u00e7kin \u00f6rneklerinin \u00e7ocuklar i\u00e7in uyarlamalar\u0131 yer almaktad\u0131r. Edebiyat tarihinin en sevilen yazarlar\u0131n\u0131n eserleri, renkli resimler ve ilgi \u00e7ekici<span class=\"excerpt-hellip\"> [\u2026]<\/span><\/p>\n","protected":false},"featured_media":0,"template":"","meta":{"_monsterinsights_skip_tracking":false,"_monsterinsights_sitenote_active":false,"_monsterinsights_sitenote_note":"","_monsterinsights_sitenote_category":0},"product_brand":[],"product_cat":[12274,12284],"product_tag":[],"class_list":{"0":"post-720206","1":"product","2":"type-product","3":"status-publish","5":"product_cat-cocuk-ve-genclik-kitaplari","6":"product_cat-hikayeler","7":"pa_cilt-ciltsiz","8":"pa_tur-kitap","9":"pa_yayinevi-1001-cicek-kitaplar","10":"pa_yazar-jules-verne","12":"first","13":"instock","14":"sale","15":"shipping-taxable","16":"purchasable","17":"product-type-simple"},"_links":{"self":[{"href":"https:\/\/roveyayinevi.com.tr\/index.php\/wp-json\/wp\/v2\/product\/720206","targetHints":{"allow":["GET"]}}],"collection":[{"href":"https:\/\/roveyayinevi.com.tr\/index.php\/wp-json\/wp\/v2\/product"}],"about":[{"href":"https:\/\/roveyayinevi.com.tr\/index.php\/wp-json\/wp\/v2\/types\/product"}],"wp:attachment":[{"href":"https:\/\/roveyayinevi.com.tr\/index.php\/wp-json\/wp\/v2\/media?parent=720206"}],"wp:term":[{"taxonomy":"product_brand","embeddable":true,"href":"https:\/\/roveyayinevi.com.tr\/index.php\/wp-json\/wp\/v2\/product_brand?post=720206"},{"taxonomy":"product_cat","embeddable":true,"href":"https:\/\/roveyayinevi.com.tr\/index.php\/wp-json\/wp\/v2\/product_cat?post=720206"},{"taxonomy":"product_tag","embeddable":true,"href":"https:\/\/roveyayinevi.com.tr\/index.php\/wp-json\/wp\/v2\/product_tag?post=720206"}],"curies":[{"name":"wp","href":"https:\/\/api.w.org\/{rel}","templated":true}]}}