{"id":720201,"date":"2025-08-27T18:33:03","date_gmt":"2025-08-27T15:33:03","guid":{"rendered":"https:\/\/roveyayinevi.com.tr\/index.php\/urun\/uyku-guvenli-baglanma-ve-bebeginiz-0-6-yas\/"},"modified":"2026-04-16T02:28:02","modified_gmt":"2026-04-15T23:28:02","slug":"uyku-guvenli-baglanma-ve-bebeginiz-0-6-yas","status":"publish","type":"product","link":"https:\/\/roveyayinevi.com.tr\/index.php\/urun\/uyku-guvenli-baglanma-ve-bebeginiz-0-6-yas\/","title":{"rendered":"Uyku, G\u00fcvenli Ba\u011flanma ve Bebe\u011finiz (0-6 Ya\u015f)"},"content":{"rendered":"<p>Bebe\u011fimle Oynuyorum kitab\u0131n\u0131n yazar\u0131 Uzm. Geli\u015fim Psikolo\u011fu Sinem \u00d6zen Canbolat\u2019\u0131n yeni kitab\u0131!   Ebeveyn-bebek ili\u015fkisi ve uyku konusunda uzmanla\u015fm\u0131\u015f psikolog bir anneden\u2026   Bebe\u011finizle nas\u0131l bir ileti\u015fim kurdu\u011funuz, hayat\u0131n\u0131n geri kalan b\u00f6l\u00fcmlerinde oldu\u011fu gibi, uykuya ge\u00e7i\u015f ve uyku deneyimlerinde de \u00f6nemli olacakt\u0131r. Bebe\u011finizle kurdu\u011funuz ileti\u015fim ve onu destekleme bi\u00e7iminiz ba\u011flanma ili\u015fkinizi etkiler. Ba\u011flanma ili\u015fkiniz de bebe\u011finizin kim olaca\u011f\u0131n\u0131\u2026 Bebe\u011finizin size derinlemesine ve sa\u011fl\u0131kl\u0131 bir \u015fekilde ba\u011flanmas\u0131n\u0131 sa\u011flamak ve zaman\u0131 geldik\u00e7e sa\u011fl\u0131kl\u0131 bir \u015fekilde ba\u011f\u0131ms\u0131zla\u015fmas\u0131na imk\u00e2n tan\u0131mak ona kendisini ve hayat\u0131 vermek anlam\u0131na gelir. T\u00fcm bu s\u00fcre\u00e7te, ne yapt\u0131\u011f\u0131n\u0131z kadar ve hatta belki daha fazla, nas\u0131l yapt\u0131\u011f\u0131n\u0131z \u00f6nemli olacakt\u0131r.   Bebek ve uyku konusu \u00fclkemizde ilk kez bu bi\u00e7imde ele al\u0131n\u0131yor. Bebe\u011fimle Oynuyorum kitab\u0131n\u0131n yazar\u0131, bebek uykusu, anne ve bebek ili\u015fkisi, bebek geli\u015fimi konusunda uzman, iki \u00e7ocuk annesi Geli\u015fim Psikolo\u011fu Sinem \u00d6zen Canbolat, mesleki tecr\u00fcbelerini toplad\u0131\u011f\u0131 bu kitapta hem bebe\u011finizi anlaman\u0131za yard\u0131mc\u0131 oluyor hem de pratik y\u00f6ntemlerle nas\u0131l bir uygulama yapaca\u011f\u0131n\u0131z konusunda tam da yan\u0131n\u0131zda yer al\u0131yor.   Bebe\u011fine ve kendine eziyet etmeden, mekanik e\u011fitim yollar\u0131na sapmadan, ona ve kendine \u00f6fkelenmeden bebe\u011finin ihtiya\u00e7lar\u0131n\u0131n fark\u0131na varmak, kendini bu ihtiya\u00e7larla uyumlay\u0131p bebe\u011fini ve kendini yap\u0131c\u0131 bir bi\u00e7imde desteklemek, onu e\u011fitmek de\u011fil onunla ili\u015fki kurmak isteyen ebeveynler i\u00e7in\u2026 Bebe\u011finiz s\u00f6z konusu oldu\u011funda hedef yoktur, y\u00fcr\u00fcmekte oldu\u011funuz yol ve bulundu\u011funuz an vard\u0131r. <\/p>\n","protected":false},"excerpt":{"rendered":"<p>Bebe\u011fimle Oynuyorum kitab\u0131n\u0131n yazar\u0131 Uzm. Geli\u015fim Psikolo\u011fu Sinem \u00d6zen Canbolat\u2019\u0131n yeni kitab\u0131! Ebeveyn-bebek ili\u015fkisi ve uyku konusunda uzmanla\u015fm\u0131\u015f psikolog bir anneden\u2026 Bebe\u011finizle nas\u0131l bir ileti\u015fim kurdu\u011funuz,<span class=\"excerpt-hellip\"> [\u2026]<\/span><\/p>\n","protected":false},"featured_media":0,"template":"","meta":{"_monsterinsights_skip_tracking":false,"_monsterinsights_sitenote_active":false,"_monsterinsights_sitenote_note":"","_monsterinsights_sitenote_category":0},"product_brand":[],"product_cat":[12679,12357],"product_tag":[],"class_list":{"0":"post-720201","1":"product","2":"type-product","3":"status-publish","5":"product_cat-cocuk-psikolojisi","6":"product_cat-psikoloji","7":"pa_cilt-ciltsiz","8":"pa_tur-kitap","9":"pa_yayinevi-hayykitap","10":"pa_yazar-sinem-ozen-canbolat","12":"first","13":"instock","14":"sale","15":"shipping-taxable","16":"purchasable","17":"product-type-simple"},"_links":{"self":[{"href":"https:\/\/roveyayinevi.com.tr\/index.php\/wp-json\/wp\/v2\/product\/720201","targetHints":{"allow":["GET"]}}],"collection":[{"href":"https:\/\/roveyayinevi.com.tr\/index.php\/wp-json\/wp\/v2\/product"}],"about":[{"href":"https:\/\/roveyayinevi.com.tr\/index.php\/wp-json\/wp\/v2\/types\/product"}],"wp:attachment":[{"href":"https:\/\/roveyayinevi.com.tr\/index.php\/wp-json\/wp\/v2\/media?parent=720201"}],"wp:term":[{"taxonomy":"product_brand","embeddable":true,"href":"https:\/\/roveyayinevi.com.tr\/index.php\/wp-json\/wp\/v2\/product_brand?post=720201"},{"taxonomy":"product_cat","embeddable":true,"href":"https:\/\/roveyayinevi.com.tr\/index.php\/wp-json\/wp\/v2\/product_cat?post=720201"},{"taxonomy":"product_tag","embeddable":true,"href":"https:\/\/roveyayinevi.com.tr\/index.php\/wp-json\/wp\/v2\/product_tag?post=720201"}],"curies":[{"name":"wp","href":"https:\/\/api.w.org\/{rel}","templated":true}]}}