{"id":720200,"date":"2025-08-27T18:33:02","date_gmt":"2025-08-27T15:33:02","guid":{"rendered":"https:\/\/roveyayinevi.com.tr\/index.php\/urun\/derin-ve-gizli-devlet-gazetecisi-olarak-itiraflarim\/"},"modified":"2026-04-16T02:28:02","modified_gmt":"2026-04-15T23:28:02","slug":"derin-ve-gizli-devlet-gazetecisi-olarak-itiraflarim","status":"publish","type":"product","link":"https:\/\/roveyayinevi.com.tr\/index.php\/urun\/derin-ve-gizli-devlet-gazetecisi-olarak-itiraflarim\/","title":{"rendered":"Derin ve Gizli Devlet Gazetecisi Olarak \u0130tiraflar\u0131m"},"content":{"rendered":"<p>Erdo\u011fan Siirt se\u00e7imlerinin yenilenmesi kar\u015f\u0131l\u0131\u011f\u0131nda Baykal\u2019a ne s\u00f6z verdi? Erdo\u011fan ve B\u00fcy\u00fckan\u0131t\u2019\u0131n Dolmabah\u00e7e g\u00f6r\u00fc\u015fmesindeki b\u00fcy\u00fck s\u0131r ne? \u0130kili kimin cumhurba\u015fkan\u0131 olmas\u0131nda anla\u015ft\u0131? O ki\u015fi neden aday bile olamad\u0131? B\u00fcy\u00fckan\u0131t tutulmayan s\u00f6ze ra\u011fmen neden hep sustu? Emine Erdo\u011fan &#8211; Hayrunnisa G\u00fcl kavgas\u0131n\u0131n perde arkas\u0131\u2026 AKP\u2019yi kapatma davas\u0131nda Pentagon nas\u0131l bir rol oynad\u0131? \u00d6nder Sav\u2019\u0131n Baykal\u2019a operasyonda yer almas\u0131n\u0131 kimler, nas\u0131l sa\u011flad\u0131? \u0130stihbarat Ba\u015fkan\u0131\u2019n\u0131n a\u00e7\u0131klad\u0131\u011f\u0131 o cinayetler\u2026 Komando kamplar\u0131n\u0131n arkas\u0131ndaki CIA ile ba\u011flant\u0131l\u0131 o isim kimdi? O AKP\u2019li milletvekiline \u201cBen M\u0130T M\u00fcste\u015farl\u0131\u011f\u0131 de\u011fil, CIA \u015fube m\u00fcd\u00fcrl\u00fc\u011f\u00fc yapt\u0131m\u201d diyen kimdi? Muhsin Yaz\u0131c\u0131o\u011flu\u2019nun i\u015faret etti\u011fi Alparslan T\u00fcrke\u015f \u2013 Kas\u0131m G\u00fclek ili\u015fkisinin s\u0131rlar\u0131\u2026 Muhsin Yaz\u0131c\u0131o\u011flu telefonda Fet*hullah G\u00fclen\u2019e en son ne s\u00f6yledi? Erdo\u011fan ile Perin\u00e7ek aras\u0131ndaki esrarengiz ili\u015fkinin perde arkas\u0131\u2026 <\/p>\n","protected":false},"excerpt":{"rendered":"<p>Erdo\u011fan Siirt se\u00e7imlerinin yenilenmesi kar\u015f\u0131l\u0131\u011f\u0131nda Baykal\u2019a ne s\u00f6z verdi? Erdo\u011fan ve B\u00fcy\u00fckan\u0131t\u2019\u0131n Dolmabah\u00e7e g\u00f6r\u00fc\u015fmesindeki b\u00fcy\u00fck s\u0131r ne? \u0130kili kimin cumhurba\u015fkan\u0131 olmas\u0131nda anla\u015ft\u0131? O ki\u015fi neden aday<span class=\"excerpt-hellip\"> [\u2026]<\/span><\/p>\n","protected":false},"featured_media":0,"template":"","meta":{"_monsterinsights_skip_tracking":false,"_monsterinsights_sitenote_active":false,"_monsterinsights_sitenote_note":"","_monsterinsights_sitenote_category":0},"product_brand":[],"product_cat":[12337,14543],"product_tag":[],"class_list":{"0":"post-720200","1":"product","2":"type-product","3":"status-publish","5":"product_cat-politika-siyaset","6":"product_cat-turkiye-siyaseti-ve-politikasi","7":"pa_cilt-ciltsiz","8":"pa_tur-kitap","9":"pa_yayinevi-kirmizi-kedi-yayinevi","10":"pa_yazar-sabahattin-onkibar","12":"first","13":"instock","14":"sale","15":"shipping-taxable","16":"purchasable","17":"product-type-simple"},"_links":{"self":[{"href":"https:\/\/roveyayinevi.com.tr\/index.php\/wp-json\/wp\/v2\/product\/720200","targetHints":{"allow":["GET"]}}],"collection":[{"href":"https:\/\/roveyayinevi.com.tr\/index.php\/wp-json\/wp\/v2\/product"}],"about":[{"href":"https:\/\/roveyayinevi.com.tr\/index.php\/wp-json\/wp\/v2\/types\/product"}],"wp:attachment":[{"href":"https:\/\/roveyayinevi.com.tr\/index.php\/wp-json\/wp\/v2\/media?parent=720200"}],"wp:term":[{"taxonomy":"product_brand","embeddable":true,"href":"https:\/\/roveyayinevi.com.tr\/index.php\/wp-json\/wp\/v2\/product_brand?post=720200"},{"taxonomy":"product_cat","embeddable":true,"href":"https:\/\/roveyayinevi.com.tr\/index.php\/wp-json\/wp\/v2\/product_cat?post=720200"},{"taxonomy":"product_tag","embeddable":true,"href":"https:\/\/roveyayinevi.com.tr\/index.php\/wp-json\/wp\/v2\/product_tag?post=720200"}],"curies":[{"name":"wp","href":"https:\/\/api.w.org\/{rel}","templated":true}]}}