{"id":720198,"date":"2025-08-27T18:33:01","date_gmt":"2025-08-27T15:33:01","guid":{"rendered":"https:\/\/roveyayinevi.com.tr\/index.php\/urun\/ask-yanilgisi\/"},"modified":"2026-04-16T02:28:02","modified_gmt":"2026-04-15T23:28:02","slug":"ask-yanilgisi","status":"publish","type":"product","link":"https:\/\/roveyayinevi.com.tr\/index.php\/urun\/ask-yanilgisi\/","title":{"rendered":"A\u015fk Yan\u0131lg\u0131s\u0131"},"content":{"rendered":"<p>\u201cOfisimin duvar\u0131 dan\u0131\u015fan\u0131m Merve Han\u0131m\u2019\u0131n r\u00fcyalar\u0131 ve tek\u00e2m\u00fcl haritas\u0131 ile kaplanm\u0131\u015ft\u0131. Resme bakt\u0131\u011f\u0131mda bu s\u00fcrecin bir kitap olmas\u0131n\u0131n yaln\u0131z veya mutsuz insanlara iyi gelece\u011fini hissettim. Kitab\u0131 yazma a\u015famas\u0131nda pek \u00e7ok ki\u015fiyle konu\u015ftum. A\u015fk\u0131 arayan \u00e7o\u011fu kad\u0131n\u0131n as\u0131l iste\u011finin asl\u0131nda kendi varl\u0131\u011f\u0131n\u0131 bulmak oldu\u011funu g\u00f6rd\u00fcm. Bunu ger\u00e7ekle\u015ftiren kad\u0131nlar bir erke\u011fin sevgisini sa\u011fl\u0131kl\u0131 bir \u015fekilde hayatlar\u0131na \u00e7ekebiliyor, sevgiyi en g\u00fczel \u015fekilde deneyimleyebiliyordu.\u201d Spirit\u00fcel ya\u015fam ko\u00e7u I\u015f\u0131k El\u00e7i yeni kitab\u0131 A\u015fk Yan\u0131lg\u0131s\u0131\u2019nda, ili\u015fkilerimizde se\u00e7im yaparken bizi etkileyen aile, inan\u00e7 ve toplumsal dinamikleri ara\u015ft\u0131rd\u0131. El\u00e7i okurunu a\u015fkta kaybeden taraf olmaktan art\u0131k yorulan gen\u00e7 bir kad\u0131nla tan\u0131\u015ft\u0131rarak soruyor: Yanl\u0131\u015f ki\u015fiyi se\u00e7mek asl\u0131nda hepimizin yan\u0131lg\u0131s\u0131 de\u011fil mi? \u0130natla benzer se\u00e7imler yapmak ve mutlu sonu\u00e7lar beklemek! Merve\u2019nin hik\u00e2yesinde kendinizden pek \u00e7ok \u015fey bulacak; onun \u015fifalanma s\u00fcrecinde kullan\u0131lan soru tekniklerini ve olumlamalar\u0131 uygulayarak, ya\u015fam\u0131n\u0131n\u0131zda bir d\u00f6n\u00fc\u015f\u00fcm ba\u015flatabileceksiniz. <\/p>\n","protected":false},"excerpt":{"rendered":"<p>\u201cOfisimin duvar\u0131 dan\u0131\u015fan\u0131m Merve Han\u0131m\u2019\u0131n r\u00fcyalar\u0131 ve tek\u00e2m\u00fcl haritas\u0131 ile kaplanm\u0131\u015ft\u0131. Resme bakt\u0131\u011f\u0131mda bu s\u00fcrecin bir kitap olmas\u0131n\u0131n yaln\u0131z veya mutsuz insanlara iyi gelece\u011fini hissettim. Kitab\u0131<span class=\"excerpt-hellip\"> [\u2026]<\/span><\/p>\n","protected":false},"featured_media":0,"template":"","meta":{"_monsterinsights_skip_tracking":false,"_monsterinsights_sitenote_active":false,"_monsterinsights_sitenote_note":"","_monsterinsights_sitenote_category":0},"product_brand":[],"product_cat":[12364,12376],"product_tag":[],"class_list":{"0":"post-720198","1":"product","2":"type-product","3":"status-publish","5":"product_cat-genel-konular","6":"product_cat-kisisel-gelisim","7":"pa_cilt-ciltsiz","8":"pa_tur-kitap","9":"pa_yayinevi-mona-kitap","10":"pa_yazar-isik-elci","12":"first","13":"instock","14":"sale","15":"shipping-taxable","16":"purchasable","17":"product-type-simple"},"_links":{"self":[{"href":"https:\/\/roveyayinevi.com.tr\/index.php\/wp-json\/wp\/v2\/product\/720198","targetHints":{"allow":["GET"]}}],"collection":[{"href":"https:\/\/roveyayinevi.com.tr\/index.php\/wp-json\/wp\/v2\/product"}],"about":[{"href":"https:\/\/roveyayinevi.com.tr\/index.php\/wp-json\/wp\/v2\/types\/product"}],"wp:attachment":[{"href":"https:\/\/roveyayinevi.com.tr\/index.php\/wp-json\/wp\/v2\/media?parent=720198"}],"wp:term":[{"taxonomy":"product_brand","embeddable":true,"href":"https:\/\/roveyayinevi.com.tr\/index.php\/wp-json\/wp\/v2\/product_brand?post=720198"},{"taxonomy":"product_cat","embeddable":true,"href":"https:\/\/roveyayinevi.com.tr\/index.php\/wp-json\/wp\/v2\/product_cat?post=720198"},{"taxonomy":"product_tag","embeddable":true,"href":"https:\/\/roveyayinevi.com.tr\/index.php\/wp-json\/wp\/v2\/product_tag?post=720198"}],"curies":[{"name":"wp","href":"https:\/\/api.w.org\/{rel}","templated":true}]}}