{"id":720196,"date":"2025-08-27T18:32:59","date_gmt":"2025-08-27T15:32:59","guid":{"rendered":"https:\/\/roveyayinevi.com.tr\/index.php\/urun\/basliksiz-siirler-kucugum\/"},"modified":"2026-04-08T02:35:13","modified_gmt":"2026-04-07T23:35:13","slug":"basliksiz-siirler-kucugum","status":"publish","type":"product","link":"https:\/\/roveyayinevi.com.tr\/index.php\/urun\/basliksiz-siirler-kucugum\/","title":{"rendered":"Ba\u015fl\u0131ks\u0131z \u015eiirler, K\u00fc\u00e7\u00fc\u011f\u00fcm"},"content":{"rendered":"<p>\u201cNe git diyebildim ne kal Bilmedi\u011fim, bilmedi\u011fin \u015feyler vard\u0131 Bakakald\u0131m \u00f6ylece Ge\u00e7 mi kald\u0131m \u00e7ok mu erkendi Tasavvur edemedim Bir kolumdan biri di\u011fer kolumdan di\u011feri \u00e7ekiyordu Ne gidebildim ne kalabildim B\u0131rakt\u0131m \u00d6ylece Ortada Gelen hi\u00e7 olmad\u0131 Arkama bakt\u0131m, belki diyerek Ama yoktun Y\u00fcz\u00fcn g\u00f6z\u00fcmde, kokun tenimde Ne sar\u0131labildim ne uzak durabildim Ne oldu\u011funu ne olmad\u0131\u011f\u0131n\u0131 bilemedim.\u201d   \u0130\u00e7imizde var olan, gizledi\u011fimiz ve ortaya \u00e7\u0131kmas\u0131ndan korktu\u011fumuz o hisler\u2026Konu\u015fmak istedi\u011fimiz  ama bir t\u00fcrl\u00fc cesaret edip a\u011fz\u0131m\u0131zdan \u00e7\u0131kmas\u0131na izin vermedi\u011fimiz o c\u00fcmlelerin bir kitapta sizin nam\u0131n\u0131za hayk\u0131rmas\u0131d\u0131r \u015fiirler; k\u0131sa ve duygu y\u00fckl\u00fc. Ne g\u00fczeldir sizin ta\u015f\u0131d\u0131\u011f\u0131n\u0131z duygular\u0131n sizin ad\u0131n\u0131za da ifade edilmesi. D\u00fc\u015f\u00fcn\u00fcr\u00fcz, hissederiz, biliriz ki yaln\u0131z de\u011filiz. Tek bir c\u00fcmle, belki bir paragraf, bir \u015fiir; herkes i\u00e7in ayr\u0131 bir anlam, ayr\u0131 bir h\u00fcz\u00fcn, ayr\u0131 bir ne\u015fe yarat\u0131yor\u2026 Hepimiz kendi hikayemizin ba\u015fkahramanlar\u0131y\u0131z, kimimiz suskun kimimiz konu\u015fkan belki de sadece dinlemeyi seven\u2026 Ye\u015fim Ko\u00e7man, kendi hikayesinden yola \u00e7\u0131karak derinlerde biriktirdi\u011fi duygular\u0131n\u0131 g\u00fcn y\u00fcz\u00fcne \u00e7\u0131kararak bu kitab\u0131nda sizlerin de hislerine terc\u00fcman olacak. Onun kahraman\u0131 susmaktan vazge\u00e7ti, ses verdi.Peki ya sizin kahraman\u0131n\u0131z? <\/p>\n","protected":false},"excerpt":{"rendered":"<p>\u201cNe git diyebildim ne kal Bilmedi\u011fim, bilmedi\u011fin \u015feyler vard\u0131 Bakakald\u0131m \u00f6ylece Ge\u00e7 mi kald\u0131m \u00e7ok mu erkendi Tasavvur edemedim Bir kolumdan biri di\u011fer kolumdan di\u011feri \u00e7ekiyordu<span class=\"excerpt-hellip\"> [\u2026]<\/span><\/p>\n","protected":false},"featured_media":0,"template":"","meta":{"_monsterinsights_skip_tracking":false,"_monsterinsights_sitenote_active":false,"_monsterinsights_sitenote_note":"","_monsterinsights_sitenote_category":0},"product_brand":[],"product_cat":[12291,12509],"product_tag":[],"class_list":{"0":"post-720196","1":"product","2":"type-product","3":"status-publish","5":"product_cat-edebiyat","6":"product_cat-siir","7":"pa_cilt-ciltsiz","8":"pa_tur-kitap","9":"pa_yayinevi-yeni-insan-yayinlari","10":"pa_yazar-yesim-kocman","12":"first","13":"instock","14":"sale","15":"shipping-taxable","16":"purchasable","17":"product-type-simple"},"_links":{"self":[{"href":"https:\/\/roveyayinevi.com.tr\/index.php\/wp-json\/wp\/v2\/product\/720196","targetHints":{"allow":["GET"]}}],"collection":[{"href":"https:\/\/roveyayinevi.com.tr\/index.php\/wp-json\/wp\/v2\/product"}],"about":[{"href":"https:\/\/roveyayinevi.com.tr\/index.php\/wp-json\/wp\/v2\/types\/product"}],"wp:attachment":[{"href":"https:\/\/roveyayinevi.com.tr\/index.php\/wp-json\/wp\/v2\/media?parent=720196"}],"wp:term":[{"taxonomy":"product_brand","embeddable":true,"href":"https:\/\/roveyayinevi.com.tr\/index.php\/wp-json\/wp\/v2\/product_brand?post=720196"},{"taxonomy":"product_cat","embeddable":true,"href":"https:\/\/roveyayinevi.com.tr\/index.php\/wp-json\/wp\/v2\/product_cat?post=720196"},{"taxonomy":"product_tag","embeddable":true,"href":"https:\/\/roveyayinevi.com.tr\/index.php\/wp-json\/wp\/v2\/product_tag?post=720196"}],"curies":[{"name":"wp","href":"https:\/\/api.w.org\/{rel}","templated":true}]}}