{"id":720195,"date":"2025-08-27T18:32:58","date_gmt":"2025-08-27T15:32:58","guid":{"rendered":"https:\/\/roveyayinevi.com.tr\/index.php\/urun\/siyasi-dusunce-tarihi\/"},"modified":"2026-04-16T02:28:02","modified_gmt":"2026-04-15T23:28:02","slug":"siyasi-dusunce-tarihi","status":"publish","type":"product","link":"https:\/\/roveyayinevi.com.tr\/index.php\/urun\/siyasi-dusunce-tarihi\/","title":{"rendered":"Siyasi D\u00fc\u015f\u00fcnce Tarihi"},"content":{"rendered":"<p>G\u00fcncellenmi\u015f 3. edisyonundan yap\u0131lan yeni ve \u00f6zenli \u00e7evirisiyle Siyas\u00ee D\u00fc\u015f\u00fcnce Tarihi: Filozoflar ve Fikirleri siyaset bilimi ve siyaset felsefesi alan\u0131ndaki temel ba\u015fvuru kaynaklar\u0131ndan biri olmay\u0131 s\u00fcrd\u00fcr\u00fcyor.   Siyas\u00ee D\u00fc\u015f\u00fcnce Tarihi, antik d\u00f6nem d\u00fc\u015f\u00fcn\u00fcrlerinden ba\u015flayarak 20. Y\u00fczy\u0131l post-modernistlerine, \u00e7evrecilere ve feministlere kadar 2.500 y\u0131ll\u0131k d\u00fc\u015f\u00fcnce tarihinin bir \u00f6zetini sunarken, ba\u015fl\u0131ca filozoflar\u0131n \u00f6zg\u00fcn siyas\u00ee ve toplumsal g\u00f6r\u00fc\u015flerini g\u00fcn\u00fcm\u00fcz siyasetine ve siyas\u00ee d\u00fc\u015f\u00fcncesine ba\u011fl\u0131yor. Kitapta; Platon\u2019un adalet ve d\u00fczen hakk\u0131ndaki d\u00fc\u015f\u00fcnceleri; Aristoteles\u2019in insan do\u011fas\u0131 ve evren \u00fczerine fikirleri; Augustinus\u2019un iki \u015fehir\/devlet vizyonu; Aquinolu Thomas\u2019\u0131n din \u00fczerine d\u00fc\u015f\u00fcnceleri; Machiavelli\u2019nin elitleri ve kitleleri; Hobbes\u2019un egemenlik kavram\u0131; Locke\u2019un m\u00fclkiyet \u00fczerine fikirleri; Rousseau\u2019nun toplumsal s\u00f6zle\u015fmesi; Wallstonecraft\u2019\u0131n cinsiyet rolleri ele\u015ftirisi; Burke\u2019\u00fcn gelenek \u00fczerine d\u00fc\u015f\u00fcnceleri; Mill\u2019in \u00f6zg\u00fcrl\u00fck kavram\u0131; Marx\u2019\u0131n kapitalizm ele\u015ftirisi gibi konular ele al\u0131n\u0131yorBelli ba\u015fl\u0131 filozoflar\u0131n, edeb\u00ee yap\u0131tlar\u0131 yoluyla aktard\u0131klar\u0131 bu d\u00fc\u015f\u00fcncelerini kar\u015f\u0131la\u015ft\u0131rmal\u0131 bir \u00e7er\u00e7evede sunan kitap, onlar\u0131 belirli kategorilerde topluyor. Bu kategoriler aras\u0131nda y\u00f6ntem, insan do\u011fas\u0131 g\u00f6r\u00fc\u015f\u00fc, birey ve topluluk, din ve bilim, ak\u0131l ve duygu, toplumsal cinsiyet ve yurtta\u015fl\u0131k aras\u0131ndaki ili\u015fkiler bulunuyor. Kitap, bu kategoriler sayesinde \u00f6\u011frencilerin, siyas\u00ee felsefenin derinli\u011fini ve geni\u015fli\u011fini anlamalar\u0131na yard\u0131mc\u0131 olarak, onlara \u00e7a\u011fda\u015f siyas\u00ee meseleler i\u00e7in kullan\u0131\u015fl\u0131 bir temel sa\u011fl\u0131yor. <\/p>\n","protected":false},"excerpt":{"rendered":"<p>G\u00fcncellenmi\u015f 3. edisyonundan yap\u0131lan yeni ve \u00f6zenli \u00e7evirisiyle Siyas\u00ee D\u00fc\u015f\u00fcnce Tarihi: Filozoflar ve Fikirleri siyaset bilimi ve siyaset felsefesi alan\u0131ndaki temel ba\u015fvuru kaynaklar\u0131ndan biri olmay\u0131 s\u00fcrd\u00fcr\u00fcyor.<span class=\"excerpt-hellip\"> [\u2026]<\/span><\/p>\n","protected":false},"featured_media":0,"template":"","meta":{"_monsterinsights_skip_tracking":false,"_monsterinsights_sitenote_active":false,"_monsterinsights_sitenote_note":"","_monsterinsights_sitenote_category":0},"product_brand":[],"product_cat":[12337,14706],"product_tag":[],"class_list":{"0":"post-720195","1":"product","2":"type-product","3":"status-publish","5":"product_cat-politika-siyaset","6":"product_cat-siyaset-bilimi","7":"pa_cilt-ciltsiz","8":"pa_tur-kitap","9":"pa_yayinevi-serbest-akademi","10":"pa_yazar-donald-g-tannenbaum","12":"first","13":"instock","14":"sale","15":"shipping-taxable","16":"purchasable","17":"product-type-simple"},"_links":{"self":[{"href":"https:\/\/roveyayinevi.com.tr\/index.php\/wp-json\/wp\/v2\/product\/720195","targetHints":{"allow":["GET"]}}],"collection":[{"href":"https:\/\/roveyayinevi.com.tr\/index.php\/wp-json\/wp\/v2\/product"}],"about":[{"href":"https:\/\/roveyayinevi.com.tr\/index.php\/wp-json\/wp\/v2\/types\/product"}],"wp:attachment":[{"href":"https:\/\/roveyayinevi.com.tr\/index.php\/wp-json\/wp\/v2\/media?parent=720195"}],"wp:term":[{"taxonomy":"product_brand","embeddable":true,"href":"https:\/\/roveyayinevi.com.tr\/index.php\/wp-json\/wp\/v2\/product_brand?post=720195"},{"taxonomy":"product_cat","embeddable":true,"href":"https:\/\/roveyayinevi.com.tr\/index.php\/wp-json\/wp\/v2\/product_cat?post=720195"},{"taxonomy":"product_tag","embeddable":true,"href":"https:\/\/roveyayinevi.com.tr\/index.php\/wp-json\/wp\/v2\/product_tag?post=720195"}],"curies":[{"name":"wp","href":"https:\/\/api.w.org\/{rel}","templated":true}]}}