{"id":720194,"date":"2025-08-27T18:32:58","date_gmt":"2025-08-27T15:32:58","guid":{"rendered":"https:\/\/roveyayinevi.com.tr\/index.php\/urun\/politika-bilimine-giris\/"},"modified":"2026-04-16T02:28:02","modified_gmt":"2026-04-15T23:28:02","slug":"politika-bilimine-giris","status":"publish","type":"product","link":"https:\/\/roveyayinevi.com.tr\/index.php\/urun\/politika-bilimine-giris\/","title":{"rendered":"Politika Bilimine Giri\u015f"},"content":{"rendered":"<p>Prof. M\u00fcnciKapani bu kitab\u0131nda \u00e7a\u011fda\u015f politika biliminin temel konular\u0131n\u0131 yeni ara\u015ft\u0131rmalar\u0131n ve geli\u015fmelerin \u0131\u015f\u0131\u011f\u0131nda ele alarak inceliyor. Bunlar aras\u0131nda politikan\u0131n anlam\u0131 ve nitelikleri, modern politika bilimin geli\u015fmi, devlet ve egemenlik kavramlar\u0131, siyasal iktidar kavram\u0131, siyasal iktidar\u0131n me\u015fruluk temelleri, siyasal iktidar ve sosyal tabakala\u015fma, elitler ve kitleler, siyasal kat\u0131lma ve bununla ilgili olarak de\u011fi\u015fik demokrasi anlay\u0131\u015flar\u0131, kamuoyu, siyasal partiler ve bask\u0131 gruplar\u0131 gibi konular yer al\u0131yor. Bu ana konular\u0131n \u00e7er\u00e7evesinde g\u00fcn\u00fcm\u00fcz\u00fcn T\u00fcrkiyesi\u2019nde \u00f6n plana \u00e7\u0131kan baz\u0131 siyasal ve kurumsal sorunlar\u0131n da bilimsel veriler a\u00e7\u0131s\u0131ndan de\u011ferlendirilmesi yap\u0131l\u0131yor. Sorunlara genel olarak ele\u015ftirel tahlil a\u00e7\u0131s\u0131ndan yakla\u015fan yazar, bu arada, yerle\u015fmi\u015f ve kal\u0131pla\u015fm\u0131\u015f baz\u0131 siyasal kavramlar, siyasal form\u00fcller ve \u201cefsaneler\u201d \u00fczerinde okuyucuyu yeniden d\u00fc\u015f\u00fcnmeye ve tart\u0131\u015fmaya \u00e7a\u011f\u0131rmaktad\u0131r. Prof. Kapani\u2019ye g\u00f6re, \u201cpolitika s\u00fcrecini ger\u00e7ek boyutlar\u0131yla kavrayabilmek i\u00e7in, olaylara ve onlar\u0131n yorumlar\u0131na i\u00e7i bo\u015f kli\u015felerle, \u00f6rt\u00fcl\u00fc \u00f6nyarg\u0131larla ve ideolojik g\u00f6zl\u00fcklerle de\u011fil, mutlaka bilimsel \u015f\u00fcphecilikle yakla\u015fmak gerekir.\u201d Politikayla ve politika bilimiyle ilgilenenler, bu kitapta d\u00fc\u015f\u00fcnceyi y\u00f6nlendirmekten \u00e7ok, onu tazelemeyi ve ufuklar\u0131n\u0131 geni\u015fletmeyi ama\u00e7layan bir kaynak bulacaklard\u0131r. <\/p>\n","protected":false},"excerpt":{"rendered":"<p>Prof. M\u00fcnciKapani bu kitab\u0131nda \u00e7a\u011fda\u015f politika biliminin temel konular\u0131n\u0131 yeni ara\u015ft\u0131rmalar\u0131n ve geli\u015fmelerin \u0131\u015f\u0131\u011f\u0131nda ele alarak inceliyor. Bunlar aras\u0131nda politikan\u0131n anlam\u0131 ve nitelikleri, modern politika bilimin<span class=\"excerpt-hellip\"> [\u2026]<\/span><\/p>\n","protected":false},"featured_media":0,"template":"","meta":{"_monsterinsights_skip_tracking":false,"_monsterinsights_sitenote_active":false,"_monsterinsights_sitenote_note":"","_monsterinsights_sitenote_category":0},"product_brand":[],"product_cat":[13059,12337],"product_tag":[],"class_list":{"0":"post-720194","1":"product","2":"type-product","3":"status-publish","5":"product_cat-diger-politika-siyaset","6":"product_cat-politika-siyaset","7":"pa_cilt-ciltsiz","8":"pa_tur-kitap","9":"pa_yayinevi-serbest-akademi","10":"pa_yazar-munci-kapani","12":"first","13":"instock","14":"sale","15":"shipping-taxable","16":"purchasable","17":"product-type-simple"},"_links":{"self":[{"href":"https:\/\/roveyayinevi.com.tr\/index.php\/wp-json\/wp\/v2\/product\/720194","targetHints":{"allow":["GET"]}}],"collection":[{"href":"https:\/\/roveyayinevi.com.tr\/index.php\/wp-json\/wp\/v2\/product"}],"about":[{"href":"https:\/\/roveyayinevi.com.tr\/index.php\/wp-json\/wp\/v2\/types\/product"}],"wp:attachment":[{"href":"https:\/\/roveyayinevi.com.tr\/index.php\/wp-json\/wp\/v2\/media?parent=720194"}],"wp:term":[{"taxonomy":"product_brand","embeddable":true,"href":"https:\/\/roveyayinevi.com.tr\/index.php\/wp-json\/wp\/v2\/product_brand?post=720194"},{"taxonomy":"product_cat","embeddable":true,"href":"https:\/\/roveyayinevi.com.tr\/index.php\/wp-json\/wp\/v2\/product_cat?post=720194"},{"taxonomy":"product_tag","embeddable":true,"href":"https:\/\/roveyayinevi.com.tr\/index.php\/wp-json\/wp\/v2\/product_tag?post=720194"}],"curies":[{"name":"wp","href":"https:\/\/api.w.org\/{rel}","templated":true}]}}