{"id":720192,"date":"2025-08-27T18:32:56","date_gmt":"2025-08-27T15:32:56","guid":{"rendered":"https:\/\/roveyayinevi.com.tr\/index.php\/urun\/martilarin-cocuklugu\/"},"modified":"2026-04-16T02:28:02","modified_gmt":"2026-04-15T23:28:02","slug":"martilarin-cocuklugu","status":"publish","type":"product","link":"https:\/\/roveyayinevi.com.tr\/index.php\/urun\/martilarin-cocuklugu\/","title":{"rendered":"Mart\u0131lar\u0131n \u00c7ocuklu\u011fu"},"content":{"rendered":"<p>Ali Deniz Uslu\u2019nun Mart\u0131lar\u0131n \u00c7ocuklu\u011fu, evcille\u015fip ehlile\u015fenlere g\u00f6re de\u011fil, zaten biraz da onlardan \u015fik\u00e2yet etmede. Siyah \u015eehrayin. Siyah \u00fcst\u00fc az umut, ama var. Umutsuz ya\u015fanm\u0131yor, galiba yaz\u0131lm\u0131yor da. \u201cBecerebilirsek kendi u\u00e7urumumuza d\u00fc\u015fmeyi\u201d, o zaman her \u015feyin ad\u0131 \u015fehrayin olacak sanki, \u015fehrayin \u015fiirayin olacak!Haydar Erg\u00fclen\u2018\u2018Gece bizi gizlerdi, biz geceyi.Tenden sekmezdi s\u00f6zlerimiz.M\u0131hlanal\u0131m diye u\u011fra\u015fmad\u0131k kimseye,Belki o y\u00fczden ka\u00e7\u0131r\u0131rd\u0131k g\u00f6zlerimizi.Iskalad\u0131klar\u0131m\u0131z kadehlerimizde birikirdi.Bilmediklerimizle bilenir,\u00d6\u011frendiklerimizde da\u011f\u0131l\u0131rd\u0131k.\u015eefkat amirleri sarard\u0131 etraf\u0131m\u0131z\u0131.Y\u0131rtar ge\u00e7erdik geceyi,\u0130\u00e7erdik dilde durmayan heceleri!\u0130\u00e7imize dolard\u0131 sonbaharda \u0130stanbul\u2019\u2019<\/p>\n","protected":false},"excerpt":{"rendered":"<p>Ali Deniz Uslu\u2019nun Mart\u0131lar\u0131n \u00c7ocuklu\u011fu, evcille\u015fip ehlile\u015fenlere g\u00f6re de\u011fil, zaten biraz da onlardan \u015fik\u00e2yet etmede. Siyah \u015eehrayin. Siyah \u00fcst\u00fc az umut, ama var. Umutsuz ya\u015fanm\u0131yor, galiba<span class=\"excerpt-hellip\"> [\u2026]<\/span><\/p>\n","protected":false},"featured_media":0,"template":"","meta":{"_monsterinsights_skip_tracking":false,"_monsterinsights_sitenote_active":false,"_monsterinsights_sitenote_note":"","_monsterinsights_sitenote_category":0},"product_brand":[],"product_cat":[12291,12509],"product_tag":[],"class_list":{"0":"post-720192","1":"product","2":"type-product","3":"status-publish","5":"product_cat-edebiyat","6":"product_cat-siir","7":"pa_cilt-ciltsiz","8":"pa_tur-kitap","9":"pa_yayinevi-inkilap-kitabevi","10":"pa_yazar-ali-deniz-uslu","12":"first","13":"instock","14":"sale","15":"shipping-taxable","16":"purchasable","17":"product-type-simple"},"_links":{"self":[{"href":"https:\/\/roveyayinevi.com.tr\/index.php\/wp-json\/wp\/v2\/product\/720192","targetHints":{"allow":["GET"]}}],"collection":[{"href":"https:\/\/roveyayinevi.com.tr\/index.php\/wp-json\/wp\/v2\/product"}],"about":[{"href":"https:\/\/roveyayinevi.com.tr\/index.php\/wp-json\/wp\/v2\/types\/product"}],"wp:attachment":[{"href":"https:\/\/roveyayinevi.com.tr\/index.php\/wp-json\/wp\/v2\/media?parent=720192"}],"wp:term":[{"taxonomy":"product_brand","embeddable":true,"href":"https:\/\/roveyayinevi.com.tr\/index.php\/wp-json\/wp\/v2\/product_brand?post=720192"},{"taxonomy":"product_cat","embeddable":true,"href":"https:\/\/roveyayinevi.com.tr\/index.php\/wp-json\/wp\/v2\/product_cat?post=720192"},{"taxonomy":"product_tag","embeddable":true,"href":"https:\/\/roveyayinevi.com.tr\/index.php\/wp-json\/wp\/v2\/product_tag?post=720192"}],"curies":[{"name":"wp","href":"https:\/\/api.w.org\/{rel}","templated":true}]}}