{"id":720189,"date":"2025-08-27T18:32:54","date_gmt":"2025-08-27T15:32:54","guid":{"rendered":"https:\/\/roveyayinevi.com.tr\/index.php\/urun\/ben-aslinda-penguenim\/"},"modified":"2026-04-16T02:28:02","modified_gmt":"2026-04-15T23:28:02","slug":"ben-aslinda-penguenim","status":"publish","type":"product","link":"https:\/\/roveyayinevi.com.tr\/index.php\/urun\/ben-aslinda-penguenim\/","title":{"rendered":"Ben Asl\u0131nda Penguenim"},"content":{"rendered":"<p>K\u00fc\u00e7\u00fck k\u0131za bir g\u00fcn bir hediye geldi: Bu bir penguen k\u0131yafetiydi!\u00d6yle sevdi ki onu, bir daha s\u0131rt\u0131ndan \u00e7\u0131karmak istemedi. B\u00fct\u00fcn ailesi, \u201cSen asl\u0131nda penguen de\u011filsin ki,\u201d diyordu. Ama o asl\u0131nda penguen oldu\u011funu gayet iyi biliyordu.\u00d6d\u00fcll\u00fc yazar Sean Taylor\u2019dan, Kasia Matyjaszek\u2019in canl\u0131 ill\u00fcstrasyonlar\u0131yla s\u00fcslenmi\u015f, \u00e7ok e\u011flenceli bir \u00f6yk\u00fc\u2026<\/p>\n","protected":false},"excerpt":{"rendered":"<p>K\u00fc\u00e7\u00fck k\u0131za bir g\u00fcn bir hediye geldi: Bu bir penguen k\u0131yafetiydi!\u00d6yle sevdi ki onu, bir daha s\u0131rt\u0131ndan \u00e7\u0131karmak istemedi. B\u00fct\u00fcn ailesi, \u201cSen asl\u0131nda penguen de\u011filsin ki,\u201d<span class=\"excerpt-hellip\"> [\u2026]<\/span><\/p>\n","protected":false},"featured_media":0,"template":"","meta":{"_monsterinsights_skip_tracking":false,"_monsterinsights_sitenote_active":false,"_monsterinsights_sitenote_note":"","_monsterinsights_sitenote_category":0},"product_brand":[],"product_cat":[12274,12284],"product_tag":[],"class_list":{"0":"post-720189","1":"product","2":"type-product","3":"status-publish","5":"product_cat-cocuk-ve-genclik-kitaplari","6":"product_cat-hikayeler","7":"pa_cilt-ciltsiz","8":"pa_tur-kitap","9":"pa_yayinevi-is-bankasi-kultur-yayinlari","10":"pa_yazar-sean-taylor","12":"first","13":"instock","14":"sale","15":"shipping-taxable","16":"purchasable","17":"product-type-simple"},"_links":{"self":[{"href":"https:\/\/roveyayinevi.com.tr\/index.php\/wp-json\/wp\/v2\/product\/720189","targetHints":{"allow":["GET"]}}],"collection":[{"href":"https:\/\/roveyayinevi.com.tr\/index.php\/wp-json\/wp\/v2\/product"}],"about":[{"href":"https:\/\/roveyayinevi.com.tr\/index.php\/wp-json\/wp\/v2\/types\/product"}],"wp:attachment":[{"href":"https:\/\/roveyayinevi.com.tr\/index.php\/wp-json\/wp\/v2\/media?parent=720189"}],"wp:term":[{"taxonomy":"product_brand","embeddable":true,"href":"https:\/\/roveyayinevi.com.tr\/index.php\/wp-json\/wp\/v2\/product_brand?post=720189"},{"taxonomy":"product_cat","embeddable":true,"href":"https:\/\/roveyayinevi.com.tr\/index.php\/wp-json\/wp\/v2\/product_cat?post=720189"},{"taxonomy":"product_tag","embeddable":true,"href":"https:\/\/roveyayinevi.com.tr\/index.php\/wp-json\/wp\/v2\/product_tag?post=720189"}],"curies":[{"name":"wp","href":"https:\/\/api.w.org\/{rel}","templated":true}]}}