{"id":720188,"date":"2025-08-27T18:32:53","date_gmt":"2025-08-27T15:32:53","guid":{"rendered":"https:\/\/roveyayinevi.com.tr\/index.php\/urun\/gunes\/"},"modified":"2025-11-13T05:29:12","modified_gmt":"2025-11-13T02:29:12","slug":"gunes","status":"publish","type":"product","link":"https:\/\/roveyayinevi.com.tr\/index.php\/urun\/gunes\/","title":{"rendered":"G\u00fcne\u015f"},"content":{"rendered":"<p>\u201cSabah uyand\u0131m, pencereden bakt\u0131m, hava g\u00fcne\u015fliydi!\u201dY\u0131l\u0131n en s\u0131cak g\u00fcn\u00fcnde d\u0131\u015far\u0131 \u00e7\u0131kan \u00e7ocuk ile b\u00fcy\u00fckbabas\u0131 i\u00e7in tam piknik yap\u0131lacak bir g\u00fcnd\u00fc. Ama en sonunda en g\u00fczel piknik alan\u0131n\u0131 bulduklar\u0131nda\u2026 birisi daha \u00f6nce varm\u0131\u015ft\u0131 oraya ve i\u015fte o zaman ba\u015flad\u0131 macera!<\/p>\n","protected":false},"excerpt":{"rendered":"<p>\u201cSabah uyand\u0131m, pencereden bakt\u0131m, hava g\u00fcne\u015fliydi!\u201dY\u0131l\u0131n en s\u0131cak g\u00fcn\u00fcnde d\u0131\u015far\u0131 \u00e7\u0131kan \u00e7ocuk ile b\u00fcy\u00fckbabas\u0131 i\u00e7in tam piknik yap\u0131lacak bir g\u00fcnd\u00fc. Ama en sonunda en g\u00fczel piknik<span class=\"excerpt-hellip\"> [\u2026]<\/span><\/p>\n","protected":false},"featured_media":0,"template":"","meta":{"_monsterinsights_skip_tracking":false,"_monsterinsights_sitenote_active":false,"_monsterinsights_sitenote_note":"","_monsterinsights_sitenote_category":0},"product_brand":[],"product_cat":[12274,12284],"product_tag":[],"class_list":{"0":"post-720188","1":"product","2":"type-product","3":"status-publish","5":"product_cat-cocuk-ve-genclik-kitaplari","6":"product_cat-hikayeler","7":"pa_cilt-ciltsiz","8":"pa_tur-kitap","9":"pa_yayinevi-is-bankasi-kultur-yayinlari","10":"pa_yazar-sam-usher","12":"first","13":"instock","14":"sale","15":"shipping-taxable","16":"purchasable","17":"product-type-simple"},"_links":{"self":[{"href":"https:\/\/roveyayinevi.com.tr\/index.php\/wp-json\/wp\/v2\/product\/720188","targetHints":{"allow":["GET"]}}],"collection":[{"href":"https:\/\/roveyayinevi.com.tr\/index.php\/wp-json\/wp\/v2\/product"}],"about":[{"href":"https:\/\/roveyayinevi.com.tr\/index.php\/wp-json\/wp\/v2\/types\/product"}],"wp:attachment":[{"href":"https:\/\/roveyayinevi.com.tr\/index.php\/wp-json\/wp\/v2\/media?parent=720188"}],"wp:term":[{"taxonomy":"product_brand","embeddable":true,"href":"https:\/\/roveyayinevi.com.tr\/index.php\/wp-json\/wp\/v2\/product_brand?post=720188"},{"taxonomy":"product_cat","embeddable":true,"href":"https:\/\/roveyayinevi.com.tr\/index.php\/wp-json\/wp\/v2\/product_cat?post=720188"},{"taxonomy":"product_tag","embeddable":true,"href":"https:\/\/roveyayinevi.com.tr\/index.php\/wp-json\/wp\/v2\/product_tag?post=720188"}],"curies":[{"name":"wp","href":"https:\/\/api.w.org\/{rel}","templated":true}]}}