{"id":720187,"date":"2025-08-27T18:32:52","date_gmt":"2025-08-27T15:32:52","guid":{"rendered":"https:\/\/roveyayinevi.com.tr\/index.php\/urun\/firtina-3\/"},"modified":"2026-04-16T02:28:02","modified_gmt":"2026-04-15T23:28:02","slug":"firtina-3","status":"publish","type":"product","link":"https:\/\/roveyayinevi.com.tr\/index.php\/urun\/firtina-3\/","title":{"rendered":"F\u0131rt\u0131na"},"content":{"rendered":"<p>\u201cSabah uyand\u0131m, pencereden bakt\u0131m, f\u0131rt\u0131na vard\u0131.\u201d\u00d6yle kuvvetliydi ki r\u00fczg\u00e2r, \u00e7ocuk ve b\u00fcy\u00fckbabas\u0131, \u201cTam u\u00e7urtma u\u00e7urulacak g\u00fcn,\u201d dediler. Ama bir sorun vard\u0131: \u00f6nce u\u00e7urtmay\u0131 bulmal\u0131yd\u0131lar. Arad\u0131lar tarad\u0131lar, her bakt\u0131klar\u0131 yerde \u00e7ok g\u00fczel an\u0131lar, \u00f6nceki maceralar canland\u0131. Sonunda u\u00e7urtmay\u0131 buldular, d\u0131\u015far\u0131 \u00e7\u0131kt\u0131lar, i\u015fte o zaman yeni macera ba\u015flad\u0131!<\/p>\n","protected":false},"excerpt":{"rendered":"<p>\u201cSabah uyand\u0131m, pencereden bakt\u0131m, f\u0131rt\u0131na vard\u0131.\u201d\u00d6yle kuvvetliydi ki r\u00fczg\u00e2r, \u00e7ocuk ve b\u00fcy\u00fckbabas\u0131, \u201cTam u\u00e7urtma u\u00e7urulacak g\u00fcn,\u201d dediler. Ama bir sorun vard\u0131: \u00f6nce u\u00e7urtmay\u0131 bulmal\u0131yd\u0131lar. Arad\u0131lar tarad\u0131lar,<span class=\"excerpt-hellip\"> [\u2026]<\/span><\/p>\n","protected":false},"featured_media":0,"template":"","meta":{"_monsterinsights_skip_tracking":false,"_monsterinsights_sitenote_active":false,"_monsterinsights_sitenote_note":"","_monsterinsights_sitenote_category":0},"product_brand":[],"product_cat":[12274,12284],"product_tag":[],"class_list":{"0":"post-720187","1":"product","2":"type-product","3":"status-publish","5":"product_cat-cocuk-ve-genclik-kitaplari","6":"product_cat-hikayeler","7":"pa_cilt-ciltsiz","8":"pa_tur-kitap","9":"pa_yayinevi-is-bankasi-kultur-yayinlari","10":"pa_yazar-sam-usher","12":"first","13":"instock","14":"sale","15":"shipping-taxable","16":"purchasable","17":"product-type-simple"},"_links":{"self":[{"href":"https:\/\/roveyayinevi.com.tr\/index.php\/wp-json\/wp\/v2\/product\/720187","targetHints":{"allow":["GET"]}}],"collection":[{"href":"https:\/\/roveyayinevi.com.tr\/index.php\/wp-json\/wp\/v2\/product"}],"about":[{"href":"https:\/\/roveyayinevi.com.tr\/index.php\/wp-json\/wp\/v2\/types\/product"}],"wp:attachment":[{"href":"https:\/\/roveyayinevi.com.tr\/index.php\/wp-json\/wp\/v2\/media?parent=720187"}],"wp:term":[{"taxonomy":"product_brand","embeddable":true,"href":"https:\/\/roveyayinevi.com.tr\/index.php\/wp-json\/wp\/v2\/product_brand?post=720187"},{"taxonomy":"product_cat","embeddable":true,"href":"https:\/\/roveyayinevi.com.tr\/index.php\/wp-json\/wp\/v2\/product_cat?post=720187"},{"taxonomy":"product_tag","embeddable":true,"href":"https:\/\/roveyayinevi.com.tr\/index.php\/wp-json\/wp\/v2\/product_tag?post=720187"}],"curies":[{"name":"wp","href":"https:\/\/api.w.org\/{rel}","templated":true}]}}