{"id":720185,"date":"2025-08-27T18:32:51","date_gmt":"2025-08-27T15:32:51","guid":{"rendered":"https:\/\/roveyayinevi.com.tr\/index.php\/urun\/dunden-bugune-turkiye-turkcesi\/"},"modified":"2026-04-16T02:28:02","modified_gmt":"2026-04-15T23:28:02","slug":"dunden-bugune-turkiye-turkcesi","status":"publish","type":"product","link":"https:\/\/roveyayinevi.com.tr\/index.php\/urun\/dunden-bugune-turkiye-turkcesi\/","title":{"rendered":"D\u00fcnden Bug\u00fcne T\u00fcrkiye T\u00fcrk\u00e7esi"},"content":{"rendered":"<p>T\u00fcrk\u00e7e, T\u00fcrkiye\u2019nin aral\u0131ks\u0131z 800 y\u0131ll\u0131k devlet ve edebiyat dili. Bu topraklar en g\u00fczel T\u00fcrk\u00e7e eserlere be\u015fiklik etmi\u015f ve t\u00fcrl\u00fc g\u00fczelliklere ilham kayna\u011f\u0131 olmu\u015f. Da\u011f\u0131nda, ovas\u0131nda ozanlar\u0131n y\u00fcre\u011finden yank\u0131lanan t\u00fcrk\u00fcler; d\u00fc\u015f\u00fcn\u00fcrlerin zihninde \u015fekillenen fikirler; m\u00fcminlerin g\u00f6nl\u00fcnden kopan zikirler; hasret, gurbet, feryat, \u00f6l\u00fcm, zul\u00fcm, sevda ve kavga hep T\u00fcrk\u00e7eyle s\u00f6ze gelmi\u015f. T\u00fcrk\u00e7e, eski d\u00fcnya denilen \u00fc\u00e7 ana karada bir dilin kullan\u0131labilece\u011fi t\u00fcm alanlarda varl\u0131k g\u00f6stermi\u015f. Bu sebeple sadece T\u00fcrklerin ana dili de\u011fil. Ayn\u0131 zamanda Asya, Avrupa ve Afrika\u2019n\u0131n pek \u00e7ok \u00fclkesinde farkl\u0131 adlarla an\u0131lan T\u00fcrklerin ve T\u00fcrk k\u00fclt\u00fcr\u00fcyle \u015fekillenmi\u015f topluluklar\u0131n ayr\u0131lmaz bir par\u00e7as\u0131. G\u00f6\u00e7lerle ana yurdundan ata oca\u011f\u0131ndan ayr\u0131lm\u0131\u015f, d\u00fcnyan\u0131n d\u00f6rt bir yan\u0131na savrulmu\u015f pek \u00e7ok insan, h\u00e2l\u00e2 ac\u0131s\u0131n\u0131, hasretini, sevdas\u0131n\u0131 T\u00fcrk\u00e7e hayk\u0131r\u0131yor, d\u00fc\u015flerini T\u00fcrk\u00e7e g\u00f6r\u00fcyor, hayallerini T\u00fcrk\u00e7e kuruyor. Dillerden dillere, g\u00f6n\u00fcllerden g\u00f6n\u00fcllere ak\u0131veren s\u00f6zler, hayat\u0131, d\u00fcnyay\u0131 bir ba\u015fka t\u00fcrl\u00fc ifadelendirme gayretleri, gizli diller, meslek dilleri, me\u015frep dilleri\u2026 Kadim dillerin tarih\u00ee hat\u0131ralar\u0131, az\u0131nl\u0131klar\u0131n dilleri, mahall\u00ee diller\u2026 Hepsi bizim, hepsi bizden yana bir g\u00fczelli\u011fin dile gelmi\u015f h\u00e2li. <\/p>\n","protected":false},"excerpt":{"rendered":"<p>T\u00fcrk\u00e7e, T\u00fcrkiye\u2019nin aral\u0131ks\u0131z 800 y\u0131ll\u0131k devlet ve edebiyat dili. Bu topraklar en g\u00fczel T\u00fcrk\u00e7e eserlere be\u015fiklik etmi\u015f ve t\u00fcrl\u00fc g\u00fczelliklere ilham kayna\u011f\u0131 olmu\u015f. Da\u011f\u0131nda, ovas\u0131nda ozanlar\u0131n<span class=\"excerpt-hellip\"> [\u2026]<\/span><\/p>\n","protected":false},"featured_media":0,"template":"","meta":{"_monsterinsights_skip_tracking":false,"_monsterinsights_sitenote_active":false,"_monsterinsights_sitenote_note":"","_monsterinsights_sitenote_category":0},"product_brand":[],"product_cat":[13072,12291],"product_tag":[],"class_list":{"0":"post-720185","1":"product","2":"type-product","3":"status-publish","5":"product_cat-arastirma-inceleme-referans","6":"product_cat-edebiyat","7":"pa_cilt-ciltsiz","8":"pa_tur-kitap","9":"pa_yayinevi-bilge-kultur-sanat","10":"pa_yazar-nevzat-ozkan","12":"first","13":"instock","14":"sale","15":"shipping-taxable","16":"purchasable","17":"product-type-simple"},"_links":{"self":[{"href":"https:\/\/roveyayinevi.com.tr\/index.php\/wp-json\/wp\/v2\/product\/720185","targetHints":{"allow":["GET"]}}],"collection":[{"href":"https:\/\/roveyayinevi.com.tr\/index.php\/wp-json\/wp\/v2\/product"}],"about":[{"href":"https:\/\/roveyayinevi.com.tr\/index.php\/wp-json\/wp\/v2\/types\/product"}],"wp:attachment":[{"href":"https:\/\/roveyayinevi.com.tr\/index.php\/wp-json\/wp\/v2\/media?parent=720185"}],"wp:term":[{"taxonomy":"product_brand","embeddable":true,"href":"https:\/\/roveyayinevi.com.tr\/index.php\/wp-json\/wp\/v2\/product_brand?post=720185"},{"taxonomy":"product_cat","embeddable":true,"href":"https:\/\/roveyayinevi.com.tr\/index.php\/wp-json\/wp\/v2\/product_cat?post=720185"},{"taxonomy":"product_tag","embeddable":true,"href":"https:\/\/roveyayinevi.com.tr\/index.php\/wp-json\/wp\/v2\/product_tag?post=720185"}],"curies":[{"name":"wp","href":"https:\/\/api.w.org\/{rel}","templated":true}]}}