{"id":720184,"date":"2025-08-27T18:32:51","date_gmt":"2025-08-27T15:32:51","guid":{"rendered":"https:\/\/roveyayinevi.com.tr\/index.php\/urun\/psikolojide-deneysel-yonteme-giris\/"},"modified":"2026-04-16T02:28:02","modified_gmt":"2026-04-15T23:28:02","slug":"psikolojide-deneysel-yonteme-giris","status":"publish","type":"product","link":"https:\/\/roveyayinevi.com.tr\/index.php\/urun\/psikolojide-deneysel-yonteme-giris\/","title":{"rendered":"Psikolojide Deneysel Y\u00f6nteme Giri\u015f"},"content":{"rendered":"<p>Bu eser, Prof. Dr. Ay\u015fe Ay\u00e7i\u00e7e\u011fi&#8217;nin edit\u00f6rl\u00fc\u011f\u00fcnde \u0130stanbul \u00dcniversitesi Psikoloji B\u00f6l\u00fcm\u00fcnde g\u00f6rev yapan bir grup bilim adam\u0131n\u0131n katk\u0131lar\u0131yla T\u00fcrk\u00e7eye kazand\u0131r\u0131lm\u0131\u015ft\u0131r. Eser, deneysel d\u00fczenin temel ilkelerini \u00f6\u011frenmek veya \u00f6\u011fretmek, psikolojinin de\u011fi\u015fik alanlar\u0131nda \u00f6rnek makaleler sunmak noktas\u0131nda yard\u0131mc\u0131 olacak nitelikte bir kitapt\u0131r. Kitap iki k\u0131sma ayr\u0131lm\u0131\u015f olup, birinci b\u00f6l\u00fcm psikolojide deneysel d\u00fczenin temel prensiplerine odaklan\u0131rken, ikinci b\u00f6l\u00fcm psikoloji literat\u00fcr\u00fcnde yer alan deneylerin analizleriyle ilgilenmektedir. Ayn\u0131 zamanda deneysel ara\u015ft\u0131rmalardaki etik konusu \u00fczerinde durmakta; ara\u015ft\u0131rma fikirleri geli\u015ftirme ve ara\u015ft\u0131rma raporu yazmayla ilgili tavsiyelere de yer vermektedir. \u00d6zellikle ikinci b\u00f6l\u00fcmde hayvan \u00e7al\u0131\u015fmalar\u0131ndan klinik g\u00f6zlemlere, \u00e7ocuk psikolojisinden sosyal psikolojiye, bili\u015fsel psikolojiden uygulamal\u0131 psikolojiye kadar psikolojinin temel alanlar\u0131yla ilgili se\u00e7ilmi\u015f makalelerin yer alm\u0131\u015f olmas\u0131 dolay\u0131s\u0131yla bu kitab\u0131n konuyla ilgilenen herkese rehberlik etmesi \u00fcmit edilmektedir. <\/p>\n","protected":false},"excerpt":{"rendered":"<p>Bu eser, Prof. Dr. Ay\u015fe Ay\u00e7i\u00e7e\u011fi&#8217;nin edit\u00f6rl\u00fc\u011f\u00fcnde \u0130stanbul \u00dcniversitesi Psikoloji B\u00f6l\u00fcm\u00fcnde g\u00f6rev yapan bir grup bilim adam\u0131n\u0131n katk\u0131lar\u0131yla T\u00fcrk\u00e7eye kazand\u0131r\u0131lm\u0131\u015ft\u0131r. Eser, deneysel d\u00fczenin temel ilkelerini \u00f6\u011frenmek<span class=\"excerpt-hellip\"> [\u2026]<\/span><\/p>\n","protected":false},"featured_media":0,"template":"","meta":{"_monsterinsights_skip_tracking":false,"_monsterinsights_sitenote_active":false,"_monsterinsights_sitenote_note":"","_monsterinsights_sitenote_category":0},"product_brand":[],"product_cat":[12358,12357],"product_tag":[],"class_list":{"0":"post-720184","1":"product","2":"type-product","3":"status-publish","5":"product_cat-genel-psikoloji","6":"product_cat-psikoloji","7":"pa_cilt-ciltsiz","8":"pa_tur-kitap","9":"pa_yayinevi-bilge-kultur-sanat","10":"pa_yazar-m-kimberly-maclin","12":"first","13":"instock","14":"sale","15":"shipping-taxable","16":"purchasable","17":"product-type-simple"},"_links":{"self":[{"href":"https:\/\/roveyayinevi.com.tr\/index.php\/wp-json\/wp\/v2\/product\/720184","targetHints":{"allow":["GET"]}}],"collection":[{"href":"https:\/\/roveyayinevi.com.tr\/index.php\/wp-json\/wp\/v2\/product"}],"about":[{"href":"https:\/\/roveyayinevi.com.tr\/index.php\/wp-json\/wp\/v2\/types\/product"}],"wp:attachment":[{"href":"https:\/\/roveyayinevi.com.tr\/index.php\/wp-json\/wp\/v2\/media?parent=720184"}],"wp:term":[{"taxonomy":"product_brand","embeddable":true,"href":"https:\/\/roveyayinevi.com.tr\/index.php\/wp-json\/wp\/v2\/product_brand?post=720184"},{"taxonomy":"product_cat","embeddable":true,"href":"https:\/\/roveyayinevi.com.tr\/index.php\/wp-json\/wp\/v2\/product_cat?post=720184"},{"taxonomy":"product_tag","embeddable":true,"href":"https:\/\/roveyayinevi.com.tr\/index.php\/wp-json\/wp\/v2\/product_tag?post=720184"}],"curies":[{"name":"wp","href":"https:\/\/api.w.org\/{rel}","templated":true}]}}