{"id":720181,"date":"2025-08-27T18:32:48","date_gmt":"2025-08-27T15:32:48","guid":{"rendered":"https:\/\/roveyayinevi.com.tr\/index.php\/urun\/donusum-22\/"},"modified":"2025-10-08T13:01:14","modified_gmt":"2025-10-08T10:01:14","slug":"donusum-22","status":"publish","type":"product","link":"https:\/\/roveyayinevi.com.tr\/index.php\/urun\/donusum-22\/","title":{"rendered":"D\u00f6n\u00fc\u015f\u00fcm"},"content":{"rendered":"<p>\u201cGregor devaml\u0131 s\u0131ra d\u0131\u015f\u0131 bir \u015fey olmad\u0131\u011f\u0131n\u0131, aksine sadece bir iki mobilyan\u0131n yerinin de\u011fi\u015fti\u011fini s\u00f6ylese de k\u0131sa s\u00fcre sonra kendi kendine itiraf etti\u011fi \u00fczere kad\u0131nlar\u0131n ileri geri gitmeleri, birbirlerine seslenmeleri, mobilyalar\u0131n d\u00f6\u015femenin \u00fczerinde \u00e7\u0131kard\u0131\u011f\u0131 c\u0131z\u0131rdama sesi adeta her y\u00f6nden yakla\u015fan b\u00fcy\u00fck bir karga\u015fa gibi bir his yarat\u0131yordu ve bu y\u00fczden Gregor ba\u015f\u0131n\u0131 ve bacaklar\u0131n\u0131 \u00e7ekebildi\u011fi kadar \u00e7ekip g\u00f6vdesini d\u00f6\u015femeye bast\u0131rd\u0131\u011f\u0131nda b\u00fct\u00fcn bunlara katlanamayaca\u011f\u0131n\u0131 d\u00fc\u015f\u00fcnd\u00fc.\u201dFranz Kafka\u2019n\u0131n etkileyici dili sayesinde g\u00fcn\u00fcm\u00fczde bile en \u00e7ok ses getiren eserlerden biri olan D\u00f6n\u00fc\u015f\u00fcm, huzursuz r\u00fcyalar g\u00f6rd\u00fc\u011f\u00fc bir gecenin sonunda uyand\u0131\u011f\u0131nda kendini dev bir b\u00f6ce\u011fe d\u00f6n\u00fc\u015fm\u00fc\u015f olarak bulan Gregor Samsa\u2019n\u0131n \u00f6yk\u00fcs\u00fcd\u00fcr. Bir pazarlamac\u0131 olan Gregor, o g\u00fcne kadar ailesinin ge\u00e7imini sa\u011flamak ve bor\u00e7lar\u0131n\u0131 \u00f6demek i\u00e7in canla ba\u015fla \u00e7al\u0131\u015f\u0131r. Fakat b\u00f6ce\u011fe d\u00f6n\u00fc\u015fmesiyle birlikte aile fertlerine ve di\u011fer t\u00fcm insanlara kar\u015f\u0131 yabanc\u0131la\u015fma s\u00fcreci ba\u015flar. Ya\u015fad\u0131\u011f\u0131 ba\u015fkala\u015f\u0131m onun \u00f6tekile\u015ftirilmesine neden olur.<\/p>\n","protected":false},"excerpt":{"rendered":"<p>\u201cGregor devaml\u0131 s\u0131ra d\u0131\u015f\u0131 bir \u015fey olmad\u0131\u011f\u0131n\u0131, aksine sadece bir iki mobilyan\u0131n yerinin de\u011fi\u015fti\u011fini s\u00f6ylese de k\u0131sa s\u00fcre sonra kendi kendine itiraf etti\u011fi \u00fczere kad\u0131nlar\u0131n ileri<span class=\"excerpt-hellip\"> [\u2026]<\/span><\/p>\n","protected":false},"featured_media":0,"template":"","meta":{"_monsterinsights_skip_tracking":false,"_monsterinsights_sitenote_active":false,"_monsterinsights_sitenote_note":"","_monsterinsights_sitenote_category":0},"product_brand":[],"product_cat":[12291,12711],"product_tag":[],"class_list":{"0":"post-720181","1":"product","2":"type-product","3":"status-publish","5":"product_cat-edebiyat","6":"product_cat-roman-oyku","7":"pa_cilt-ciltsiz","8":"pa_tur-kitap","9":"pa_yayinevi-the-roman","10":"pa_yazar-franz-kafka","12":"first","13":"instock","14":"sale","15":"shipping-taxable","16":"purchasable","17":"product-type-simple"},"_links":{"self":[{"href":"https:\/\/roveyayinevi.com.tr\/index.php\/wp-json\/wp\/v2\/product\/720181","targetHints":{"allow":["GET"]}}],"collection":[{"href":"https:\/\/roveyayinevi.com.tr\/index.php\/wp-json\/wp\/v2\/product"}],"about":[{"href":"https:\/\/roveyayinevi.com.tr\/index.php\/wp-json\/wp\/v2\/types\/product"}],"wp:attachment":[{"href":"https:\/\/roveyayinevi.com.tr\/index.php\/wp-json\/wp\/v2\/media?parent=720181"}],"wp:term":[{"taxonomy":"product_brand","embeddable":true,"href":"https:\/\/roveyayinevi.com.tr\/index.php\/wp-json\/wp\/v2\/product_brand?post=720181"},{"taxonomy":"product_cat","embeddable":true,"href":"https:\/\/roveyayinevi.com.tr\/index.php\/wp-json\/wp\/v2\/product_cat?post=720181"},{"taxonomy":"product_tag","embeddable":true,"href":"https:\/\/roveyayinevi.com.tr\/index.php\/wp-json\/wp\/v2\/product_tag?post=720181"}],"curies":[{"name":"wp","href":"https:\/\/api.w.org\/{rel}","templated":true}]}}