{"id":720179,"date":"2025-08-27T18:32:46","date_gmt":"2025-08-27T15:32:46","guid":{"rendered":"https:\/\/roveyayinevi.com.tr\/index.php\/urun\/ileri-duzey-oyun-terapisi\/"},"modified":"2026-04-16T02:28:02","modified_gmt":"2026-04-15T23:28:02","slug":"ileri-duzey-oyun-terapisi","status":"publish","type":"product","link":"https:\/\/roveyayinevi.com.tr\/index.php\/urun\/ileri-duzey-oyun-terapisi\/","title":{"rendered":"\u0130leri D\u00fczey Oyun Terapisi"},"content":{"rendered":"<p>Oyun Terapisi ger\u00e7ekte nedir? Nas\u0131l Oyun Terapisti olunur? Oyun terapistinde olmas\u0131 gereken terapistlik \u00f6zellikleri nelerdir? Oyun Terapisinde temel kavramlar nelerdir? Bir oyun odas\u0131 nas\u0131l olmal\u0131 ve hangi oyuncaklar olmal\u0131d\u0131r? \u00c7ocu\u011fu anlamak ve de\u011ferlendirmek i\u00e7in bilmemiz gereken detaylar nedir? Terapide s\u0131n\u0131rlar nas\u0131l konulmal\u0131d\u0131r? Oyun terapisinde temalar\u0131n \u00f6nemi nedir? Aile ve \u00f6\u011fretmenler ile i\u015fbirli\u011fi nas\u0131l sa\u011flanmal\u0131, geribildirimler nas\u0131l verilmedir? gibi bir\u00e7ok sorunun cevab\u0131n\u0131 bulabilece\u011finiz ve hatta daha fazlas\u0131na sahip olabilece\u011finiz bir kitap ile tan\u0131\u015fmak \u00fczeresiniz. Dee C. Ray, terapi s\u00fcrecinin ad\u0131mlar\u0131n\u0131 titizlikle anlat\u0131rken pratikte  kar\u015f\u0131la\u015f\u0131labilecek g\u00fc\u00e7l\u00fcklerle nas\u0131l ba\u015f edilece\u011fini vaka \u00f6rnekleri \u00fczerinden son derece i\u015flevsel bir \u015fekilde anlatmay\u0131 ba\u015farm\u0131\u015f ger\u00e7ek bir uzman.<\/p>\n","protected":false},"excerpt":{"rendered":"<p>Oyun Terapisi ger\u00e7ekte nedir? Nas\u0131l Oyun Terapisti olunur? Oyun terapistinde olmas\u0131 gereken terapistlik \u00f6zellikleri nelerdir? Oyun Terapisinde temel kavramlar nelerdir? Bir oyun odas\u0131 nas\u0131l olmal\u0131 ve<span class=\"excerpt-hellip\"> [\u2026]<\/span><\/p>\n","protected":false},"featured_media":0,"template":"","meta":{"_monsterinsights_skip_tracking":false,"_monsterinsights_sitenote_active":false,"_monsterinsights_sitenote_note":"","_monsterinsights_sitenote_category":0},"product_brand":[],"product_cat":[12358,12357],"product_tag":[],"class_list":{"0":"post-720179","1":"product","2":"type-product","3":"status-publish","5":"product_cat-genel-psikoloji","6":"product_cat-psikoloji","7":"pa_cilt-ciltsiz","8":"pa_tur-kitap","9":"pa_yayinevi-pinhan-yayincilik","10":"pa_yazar-dee-c-ray","12":"first","13":"instock","14":"sale","15":"shipping-taxable","16":"purchasable","17":"product-type-simple"},"_links":{"self":[{"href":"https:\/\/roveyayinevi.com.tr\/index.php\/wp-json\/wp\/v2\/product\/720179","targetHints":{"allow":["GET"]}}],"collection":[{"href":"https:\/\/roveyayinevi.com.tr\/index.php\/wp-json\/wp\/v2\/product"}],"about":[{"href":"https:\/\/roveyayinevi.com.tr\/index.php\/wp-json\/wp\/v2\/types\/product"}],"wp:attachment":[{"href":"https:\/\/roveyayinevi.com.tr\/index.php\/wp-json\/wp\/v2\/media?parent=720179"}],"wp:term":[{"taxonomy":"product_brand","embeddable":true,"href":"https:\/\/roveyayinevi.com.tr\/index.php\/wp-json\/wp\/v2\/product_brand?post=720179"},{"taxonomy":"product_cat","embeddable":true,"href":"https:\/\/roveyayinevi.com.tr\/index.php\/wp-json\/wp\/v2\/product_cat?post=720179"},{"taxonomy":"product_tag","embeddable":true,"href":"https:\/\/roveyayinevi.com.tr\/index.php\/wp-json\/wp\/v2\/product_tag?post=720179"}],"curies":[{"name":"wp","href":"https:\/\/api.w.org\/{rel}","templated":true}]}}