{"id":720178,"date":"2025-08-27T18:32:46","date_gmt":"2025-08-27T15:32:46","guid":{"rendered":"https:\/\/roveyayinevi.com.tr\/index.php\/urun\/en-uzun-kosuda-adalilar\/"},"modified":"2026-04-16T02:28:02","modified_gmt":"2026-04-15T23:28:02","slug":"en-uzun-kosuda-adalilar","status":"publish","type":"product","link":"https:\/\/roveyayinevi.com.tr\/index.php\/urun\/en-uzun-kosuda-adalilar\/","title":{"rendered":"En Uzun Ko\u015fuda Adal\u0131lar"},"content":{"rendered":"<p>\u201cAli \u015eahin, bu kitab\u0131nda 1967-1981 y\u0131llar\u0131 aras\u0131nda T\u00fcrkiye devrimci m\u00fccadelesinde yer alm\u0131\u015f K\u0131br\u0131sl\u0131 \u00f6\u011frencilerle yapt\u0131\u011f\u0131 s\u00f6yle\u015filerde, bir d\u00f6neme \u0131\u015f\u0131k tutmaktad\u0131r.K\u0131br\u0131sl\u0131 T\u00fcrk solunun 1960 sonras\u0131 \u015fekillenmesinde, 1968 ku\u015fa\u011f\u0131 \u00f6\u011frencilerle, o d\u00f6nemdeki K\u0131br\u0131sl\u0131 T\u00fcrk \u00f6\u011fretmenlerin b\u00fcy\u00fck katk\u0131s\u0131 vard\u0131r.\u00d6zellikle bir avu\u00e7 gen\u00e7 ilkokul \u00f6\u011fretmeninin \u00f6nc\u00fcl\u00fc\u011f\u00fcnde KT\u00d6S\u2019\u00fcn kurulmas\u0131 ile birlikte sol hareket K\u0131br\u0131s\u2019ta filizlenmeye ba\u015flad\u0131.Siyasal ya\u015fama ge\u00e7ilmesi ile birlikte T\u00fcrkiye \u00fcniversitelerinden mezun olup adaya d\u00f6nen \u00f6\u011frenciler CTP i\u00e7inde \u00f6rg\u00fctlenirken, KT\u00d6S\u2019l\u00fc \u00f6\u011fretmenler de TKP\u2019ye destek vermeye ba\u015flad\u0131lar.B\u00f6ylece iki sol g\u00fc\u00e7 aras\u0131nda bir rekabet ba\u015flam\u0131\u015f oldu.Bu rekabet belli \u00f6l\u00e7\u00fcler i\u00e7inde bug\u00fcn de varl\u0131\u011f\u0131n\u0131 s\u00fcrd\u00fcrmektedir.\u015eu anda K\u0131br\u0131s\u2019taki sol hareket can \u00e7eki\u015fmektedir.Bir silkinmeye ihtiya\u00e7 vard\u0131r.Ge\u00e7mi\u015fte yap\u0131lan fedakarl\u0131klar\u0131, \u00e7ekilen ac\u0131lar\u0131 ve alt\u0131 demokrasi \u015fehidimizi bize hat\u0131rlatt\u0131\u011f\u0131 i\u00e7in te\u015fekk\u00fcrler Ali \u015eahin\u2026 Pembe Af\u015faro\u011flu: &#8220;Egemenlerin y\u0131llard\u0131r K\u0131br\u0131s&#8217;ta dayatt\u0131\u011f\u0131 \u015foven ve milliyet\u00e7i g\u00f6r\u00fc\u015flere kar\u015f\u0131 k\u00fclt\u00fcr\u00fcm\u00fcz\u00fc savunmak bize g\u00f6re K\u0131br\u0131s&#8217;ta bar\u0131\u015f\u0131 savunman\u0131n bir par\u00e7as\u0131yd\u0131.&#8221;   Ferdi Sabit Soyer: &#8220;Yak\u0131nla\u015fmam\u0131z uluslararas\u0131 dayan\u0131\u015fman\u0131n s\u0131n\u0131rlar\u0131n\u0131 ge\u00e7medi. \u00c7\u00fcnk\u00fc bizim odak noktam\u0131z K\u0131br\u0131s&#8217;t\u0131 ve hep \u00f6yle kald\u0131.&#8221; Ali Fegan: &#8220;K\u0131br\u0131sl\u0131 T\u00fcrkler olarak solcu olmam\u0131z, \u00f6zellikle T\u00fcrkiyeli sa\u011fc\u0131lar\u0131 \u015fa\u015f\u0131rt\u0131yor ve k\u0131zd\u0131r\u0131yordu.&#8221;   \u00d6zkan Y\u0131k\u0131c\u0131: &#8220;Ya\u015fad\u0131\u011f\u0131m ve g\u00f6zlemledi\u011fim olaylar, beni fa\u015fizm kar\u015f\u0131s\u0131nda daha net bir tav\u0131r almaya itiyor ve \u00f6rg\u00fctl\u00fc m\u00fccadeleye daha da yakla\u015ft\u0131r\u0131yordu&#8221;. <\/p>\n","protected":false},"excerpt":{"rendered":"<p>\u201cAli \u015eahin, bu kitab\u0131nda 1967-1981 y\u0131llar\u0131 aras\u0131nda T\u00fcrkiye devrimci m\u00fccadelesinde yer alm\u0131\u015f K\u0131br\u0131sl\u0131 \u00f6\u011frencilerle yapt\u0131\u011f\u0131 s\u00f6yle\u015filerde, bir d\u00f6neme \u0131\u015f\u0131k tutmaktad\u0131r.K\u0131br\u0131sl\u0131 T\u00fcrk solunun 1960 sonras\u0131 \u015fekillenmesinde, 1968<span class=\"excerpt-hellip\"> [\u2026]<\/span><\/p>\n","protected":false},"featured_media":0,"template":"","meta":{"_monsterinsights_skip_tracking":false,"_monsterinsights_sitenote_active":false,"_monsterinsights_sitenote_note":"","_monsterinsights_sitenote_category":0},"product_brand":[],"product_cat":[12337,14543],"product_tag":[],"class_list":{"0":"post-720178","1":"product","2":"type-product","3":"status-publish","5":"product_cat-politika-siyaset","6":"product_cat-turkiye-siyaseti-ve-politikasi","7":"pa_cilt-ciltsiz","8":"pa_tur-kitap","9":"pa_yayinevi-kalkedon-yayincilik","10":"pa_yazar-ali-sahin","12":"first","13":"instock","14":"sale","15":"shipping-taxable","16":"purchasable","17":"product-type-simple"},"_links":{"self":[{"href":"https:\/\/roveyayinevi.com.tr\/index.php\/wp-json\/wp\/v2\/product\/720178","targetHints":{"allow":["GET"]}}],"collection":[{"href":"https:\/\/roveyayinevi.com.tr\/index.php\/wp-json\/wp\/v2\/product"}],"about":[{"href":"https:\/\/roveyayinevi.com.tr\/index.php\/wp-json\/wp\/v2\/types\/product"}],"wp:attachment":[{"href":"https:\/\/roveyayinevi.com.tr\/index.php\/wp-json\/wp\/v2\/media?parent=720178"}],"wp:term":[{"taxonomy":"product_brand","embeddable":true,"href":"https:\/\/roveyayinevi.com.tr\/index.php\/wp-json\/wp\/v2\/product_brand?post=720178"},{"taxonomy":"product_cat","embeddable":true,"href":"https:\/\/roveyayinevi.com.tr\/index.php\/wp-json\/wp\/v2\/product_cat?post=720178"},{"taxonomy":"product_tag","embeddable":true,"href":"https:\/\/roveyayinevi.com.tr\/index.php\/wp-json\/wp\/v2\/product_tag?post=720178"}],"curies":[{"name":"wp","href":"https:\/\/api.w.org\/{rel}","templated":true}]}}