{"id":720175,"date":"2025-08-27T18:32:43","date_gmt":"2025-08-27T15:32:43","guid":{"rendered":"https:\/\/roveyayinevi.com.tr\/index.php\/urun\/kayip-cagin-hikayeleri\/"},"modified":"2026-04-16T02:28:01","modified_gmt":"2026-04-15T23:28:01","slug":"kayip-cagin-hikayeleri","status":"publish","type":"product","link":"https:\/\/roveyayinevi.com.tr\/index.php\/urun\/kayip-cagin-hikayeleri\/","title":{"rendered":"Kay\u0131p \u00c7a\u011f\u0131n Hikayeleri"},"content":{"rendered":"<p>Cezaland\u0131r\u0131lan Sava\u015f Tanr\u0131s\u0131 Ahivir\u2019in macera dolu, d\u00fcnyay\u0131 kurtarma \u00f6yk\u00fcs\u00fc\u2026 En ba\u015fta yarat\u0131klar ve insano\u011flu vard\u0131. Tanr\u0131 Ahivir bu kaosun ortas\u0131ndan insano\u011flunu ald\u0131 ve e\u011fitti. Ve bir g\u00fcn Tanr\u0131 Ortros taraf\u0131ndan uyutuldu. Yarat\u0131klar Elf Krali\u00e7e ve onun be\u015f komutan\u0131 \u00f6nderli\u011finde insano\u011flunu yok edip d\u00fcnyay\u0131 ele ge\u00e7irmeyi ama\u00e7l\u0131yordu. Sava\u015f Tanr\u0131s\u0131 Ahivir ve yolda\u015flar\u0131 bu zorlu m\u00fccadeleyi kazan\u0131p insano\u011flunu yarat\u0131klar\u0131n elinden kurtarabilecek mi? Tanr\u0131lar, yar\u0131 tanr\u0131lar, \u00f6l\u00fcms\u00fczler, cad\u0131lar ve yarat\u0131klarla dolu, soluksuz okuyaca\u011f\u0131n\u0131z bir macera. Ger\u00e7ek ve ola\u011fan\u00fcst\u00fcn\u00fcn bir araya geldi\u011fi e\u015fsiz bir kurgu.<\/p>\n","protected":false},"excerpt":{"rendered":"<p>Cezaland\u0131r\u0131lan Sava\u015f Tanr\u0131s\u0131 Ahivir\u2019in macera dolu, d\u00fcnyay\u0131 kurtarma \u00f6yk\u00fcs\u00fc\u2026 En ba\u015fta yarat\u0131klar ve insano\u011flu vard\u0131. Tanr\u0131 Ahivir bu kaosun ortas\u0131ndan insano\u011flunu ald\u0131 ve e\u011fitti. Ve bir<span class=\"excerpt-hellip\"> [\u2026]<\/span><\/p>\n","protected":false},"featured_media":0,"template":"","meta":{"_monsterinsights_skip_tracking":false,"_monsterinsights_sitenote_active":false,"_monsterinsights_sitenote_note":"","_monsterinsights_sitenote_category":0},"product_brand":[],"product_cat":[12291,12711],"product_tag":[],"class_list":{"0":"post-720175","1":"product","2":"type-product","3":"status-publish","5":"product_cat-edebiyat","6":"product_cat-roman-oyku","7":"pa_cilt-ciltsiz","8":"pa_tur-kitap","9":"pa_yayinevi-perseus","10":"pa_yazar-gurkan-ceylan","12":"first","13":"instock","14":"sale","15":"shipping-taxable","16":"purchasable","17":"product-type-simple"},"_links":{"self":[{"href":"https:\/\/roveyayinevi.com.tr\/index.php\/wp-json\/wp\/v2\/product\/720175","targetHints":{"allow":["GET"]}}],"collection":[{"href":"https:\/\/roveyayinevi.com.tr\/index.php\/wp-json\/wp\/v2\/product"}],"about":[{"href":"https:\/\/roveyayinevi.com.tr\/index.php\/wp-json\/wp\/v2\/types\/product"}],"wp:attachment":[{"href":"https:\/\/roveyayinevi.com.tr\/index.php\/wp-json\/wp\/v2\/media?parent=720175"}],"wp:term":[{"taxonomy":"product_brand","embeddable":true,"href":"https:\/\/roveyayinevi.com.tr\/index.php\/wp-json\/wp\/v2\/product_brand?post=720175"},{"taxonomy":"product_cat","embeddable":true,"href":"https:\/\/roveyayinevi.com.tr\/index.php\/wp-json\/wp\/v2\/product_cat?post=720175"},{"taxonomy":"product_tag","embeddable":true,"href":"https:\/\/roveyayinevi.com.tr\/index.php\/wp-json\/wp\/v2\/product_tag?post=720175"}],"curies":[{"name":"wp","href":"https:\/\/api.w.org\/{rel}","templated":true}]}}