{"id":720174,"date":"2025-08-27T18:32:43","date_gmt":"2025-08-27T15:32:43","guid":{"rendered":"https:\/\/roveyayinevi.com.tr\/index.php\/urun\/saglik-kurumlari-yonetimi\/"},"modified":"2026-04-16T02:28:01","modified_gmt":"2026-04-15T23:28:01","slug":"saglik-kurumlari-yonetimi","status":"publish","type":"product","link":"https:\/\/roveyayinevi.com.tr\/index.php\/urun\/saglik-kurumlari-yonetimi\/","title":{"rendered":"Sa\u011fl\u0131k Kurumlar\u0131 Y\u00f6netimi"},"content":{"rendered":"<p>\u0130\u00e7indekiler   1. Sa\u011fl\u0131k Kurumlar\u0131nda Stratejik Y\u00f6netim 2. Sa\u011fl\u0131k Ekonomisi ve Sa\u011fl\u0131k Hizmet Piyasas\u0131 3. Sa\u011fl\u0131k Hizmetlerinde Finansman Mekanizmalar\u0131 4. Sa\u011fl\u0131k Kurumlar\u0131nda Varl\u0131k ve Kaynak Y\u00f6netimi 5. Sa\u011fl\u0131k Kurumlar\u0131nda \u0130nsan Kaynaklar\u0131 Y\u00f6netimi 6. Sa\u011fl\u0131k Hizmetlerinde Toplam Kalite Y\u00f6netimi 7. Sa\u011fl\u0131k Hizmetlerinde Pazarlama 8. Sa\u011fl\u0131k Kurumlar\u0131nda Tedarik Zinciri ve Lojistik Y\u00f6netimi 9. Sa\u011fl\u0131k Kurumlar\u0131nda Tedarik ve Sat\u0131nalma Y\u00f6netimi 10. Sa\u011fl\u0131k Bilimleri \u0130\u00e7in Biyoistatistik Temelleri 11. Sa\u011fl\u0131k Kurumlar\u0131nda Karar Verme Teknikleri 12. Sa\u011fl\u0131k Hizmetlerinde Hasta Haklar\u0131 ve Etik 13. Sa\u011fl\u0131k \u00c7al\u0131\u015fanlar\u0131na Y\u00f6nelik \u015eiddet ve \u015eiddetin Y\u00f6netimi 14. Sa\u011fl\u0131k Kurumlar\u0131nda De\u011fi\u015fim Y\u00f6netimi 15. Sa\u011fl\u0131k Kurumlar\u0131nda Y\u00f6netim Bili\u015fim Sistemlerinin Stratejik Kullan\u0131m\u0131 16. T\u00fcrkiye\u2019de Sa\u011fl\u0131k Turizmi   <\/p>\n","protected":false},"excerpt":{"rendered":"<p>\u0130\u00e7indekiler 1. Sa\u011fl\u0131k Kurumlar\u0131nda Stratejik Y\u00f6netim 2. Sa\u011fl\u0131k Ekonomisi ve Sa\u011fl\u0131k Hizmet Piyasas\u0131 3. Sa\u011fl\u0131k Hizmetlerinde Finansman Mekanizmalar\u0131 4. Sa\u011fl\u0131k Kurumlar\u0131nda Varl\u0131k ve Kaynak Y\u00f6netimi 5.<span class=\"excerpt-hellip\"> [\u2026]<\/span><\/p>\n","protected":false},"featured_media":0,"template":"","meta":{"_monsterinsights_skip_tracking":false,"_monsterinsights_sitenote_active":false,"_monsterinsights_sitenote_note":"","_monsterinsights_sitenote_category":0},"product_brand":[],"product_cat":[13366,13365],"product_tag":[],"class_list":{"0":"post-720174","1":"product","2":"type-product","3":"status-publish","5":"product_cat-diger-saglik","6":"product_cat-saglik","7":"pa_cilt-ciltsiz","8":"pa_tur-kitap","9":"pa_yayinevi-gazi-kitabevi","10":"pa_yazar-ayhan-demirci-gokce-manavgat","12":"first","13":"instock","14":"sale","15":"shipping-taxable","16":"purchasable","17":"product-type-simple"},"_links":{"self":[{"href":"https:\/\/roveyayinevi.com.tr\/index.php\/wp-json\/wp\/v2\/product\/720174","targetHints":{"allow":["GET"]}}],"collection":[{"href":"https:\/\/roveyayinevi.com.tr\/index.php\/wp-json\/wp\/v2\/product"}],"about":[{"href":"https:\/\/roveyayinevi.com.tr\/index.php\/wp-json\/wp\/v2\/types\/product"}],"wp:attachment":[{"href":"https:\/\/roveyayinevi.com.tr\/index.php\/wp-json\/wp\/v2\/media?parent=720174"}],"wp:term":[{"taxonomy":"product_brand","embeddable":true,"href":"https:\/\/roveyayinevi.com.tr\/index.php\/wp-json\/wp\/v2\/product_brand?post=720174"},{"taxonomy":"product_cat","embeddable":true,"href":"https:\/\/roveyayinevi.com.tr\/index.php\/wp-json\/wp\/v2\/product_cat?post=720174"},{"taxonomy":"product_tag","embeddable":true,"href":"https:\/\/roveyayinevi.com.tr\/index.php\/wp-json\/wp\/v2\/product_tag?post=720174"}],"curies":[{"name":"wp","href":"https:\/\/api.w.org\/{rel}","templated":true}]}}