{"id":720173,"date":"2025-08-27T18:32:42","date_gmt":"2025-08-27T15:32:42","guid":{"rendered":"https:\/\/roveyayinevi.com.tr\/index.php\/urun\/yuksek-okullar-icin-temel-fizik\/"},"modified":"2026-04-16T02:28:01","modified_gmt":"2026-04-15T23:28:01","slug":"yuksek-okullar-icin-temel-fizik","status":"publish","type":"product","link":"https:\/\/roveyayinevi.com.tr\/index.php\/urun\/yuksek-okullar-icin-temel-fizik\/","title":{"rendered":"Y\u00fcksek Okullar \u0130\u00e7in Temel Fizik"},"content":{"rendered":"<p>\u0130\u00e7indekiler   B\u00f6l\u00fcm 1 F\u0130Z\u0130KSEL N\u0130CEL\u0130KLER ve \u00d6L\u00c7ME   B\u00f6l\u00fcm 2 HAREKET   B\u00f6l\u00fcm 3 KUVVET ve HAREKET   B\u00f6l\u00fcm 4 \u0130\u015e-ENERJ\u0130 ve MOMENTUM   B\u00f6l\u00fcm 5 MADDEN\u0130N YAPISI ve HALLER\u0130   B\u00f6l\u00fcm 6 MADDEN\u0130N MEKAN\u0130K ve ISIL \u00d6ZELL\u0130KLER\u0130   B\u00f6l\u00fcm 7 T\u0130TRE\u015e\u0130MLER ve DALGALAR   B\u00f6l\u00fcm 8 AKI\u015eKANLAR   B\u00f6l\u00fcm 9 ELEKTR\u0130K   B\u00f6l\u00fcm 10 ELEKTR\u0130K AKIMI B\u00f6l\u00fcm 11 MANYET\u0130ZMA   B\u00f6l\u00fcm 12 ELEKTROMANYET\u0130K DALGALAR ve I\u015eIK   B\u00f6l\u00fcm 13 OPT\u0130K   B\u00f6l\u00fcm 14 F\u0130BER OPT\u0130K ve LAZER   EK YARARLI MATEMAT\u0130K <\/p>\n","protected":false},"excerpt":{"rendered":"<p>\u0130\u00e7indekiler B\u00f6l\u00fcm 1 F\u0130Z\u0130KSEL N\u0130CEL\u0130KLER ve \u00d6L\u00c7ME B\u00f6l\u00fcm 2 HAREKET B\u00f6l\u00fcm 3 KUVVET ve HAREKET B\u00f6l\u00fcm 4 \u0130\u015e-ENERJ\u0130 ve MOMENTUM B\u00f6l\u00fcm 5 MADDEN\u0130N YAPISI ve HALLER\u0130<span class=\"excerpt-hellip\"> [\u2026]<\/span><\/p>\n","protected":false},"featured_media":0,"template":"","meta":{"_monsterinsights_skip_tracking":false,"_monsterinsights_sitenote_active":false,"_monsterinsights_sitenote_note":"","_monsterinsights_sitenote_category":0},"product_brand":[],"product_cat":[13005,37328],"product_tag":[],"class_list":{"0":"post-720173","1":"product","2":"type-product","3":"status-publish","5":"product_cat-bilim-muhendislik","6":"product_cat-diger-bilim-muhendislik","7":"pa_cilt-ciltsiz","8":"pa_tur-kitap","9":"pa_yayinevi-gazi-kitabevi","10":"pa_yazar-sedat-ozsoy","12":"first","13":"instock","14":"sale","15":"shipping-taxable","16":"purchasable","17":"product-type-simple"},"_links":{"self":[{"href":"https:\/\/roveyayinevi.com.tr\/index.php\/wp-json\/wp\/v2\/product\/720173","targetHints":{"allow":["GET"]}}],"collection":[{"href":"https:\/\/roveyayinevi.com.tr\/index.php\/wp-json\/wp\/v2\/product"}],"about":[{"href":"https:\/\/roveyayinevi.com.tr\/index.php\/wp-json\/wp\/v2\/types\/product"}],"wp:attachment":[{"href":"https:\/\/roveyayinevi.com.tr\/index.php\/wp-json\/wp\/v2\/media?parent=720173"}],"wp:term":[{"taxonomy":"product_brand","embeddable":true,"href":"https:\/\/roveyayinevi.com.tr\/index.php\/wp-json\/wp\/v2\/product_brand?post=720173"},{"taxonomy":"product_cat","embeddable":true,"href":"https:\/\/roveyayinevi.com.tr\/index.php\/wp-json\/wp\/v2\/product_cat?post=720173"},{"taxonomy":"product_tag","embeddable":true,"href":"https:\/\/roveyayinevi.com.tr\/index.php\/wp-json\/wp\/v2\/product_tag?post=720173"}],"curies":[{"name":"wp","href":"https:\/\/api.w.org\/{rel}","templated":true}]}}