{"id":720172,"date":"2025-08-27T18:32:42","date_gmt":"2025-08-27T15:32:42","guid":{"rendered":"https:\/\/roveyayinevi.com.tr\/index.php\/urun\/yuksek-kader\/"},"modified":"2026-04-16T02:28:01","modified_gmt":"2026-04-15T23:28:01","slug":"yuksek-kader","status":"publish","type":"product","link":"https:\/\/roveyayinevi.com.tr\/index.php\/urun\/yuksek-kader\/","title":{"rendered":"Y\u00fcksek Kader"},"content":{"rendered":"<p>Ya\u011fmur d\u00fcnyan\u0131n her yerine ayn\u0131 dilde ya\u011far. G\u00fcne\u015f hep ayn\u0131 anlama gelir.Toprak daima toprakt\u0131r. Fakat insan ba\u015fkad\u0131r.Topra\u011f\u0131 k\u0131ymetli yapan, ya\u011fmuru Rahmet bilen, suya azizlik payesi veren insand\u0131r. Her birimiz bir alemiz.E\u015fref-i mahlukat.\u015eahsiyet, bunu bilmek ve ona g\u00f6re ya\u015famakt\u0131r.<\/p>\n","protected":false},"excerpt":{"rendered":"<p>Ya\u011fmur d\u00fcnyan\u0131n her yerine ayn\u0131 dilde ya\u011far. G\u00fcne\u015f hep ayn\u0131 anlama gelir.Toprak daima toprakt\u0131r. Fakat insan ba\u015fkad\u0131r.Topra\u011f\u0131 k\u0131ymetli yapan, ya\u011fmuru Rahmet bilen, suya azizlik payesi veren<span class=\"excerpt-hellip\"> [\u2026]<\/span><\/p>\n","protected":false},"featured_media":0,"template":"","meta":{"_monsterinsights_skip_tracking":false,"_monsterinsights_sitenote_active":false,"_monsterinsights_sitenote_note":"","_monsterinsights_sitenote_category":0},"product_brand":[],"product_cat":[12777,12291],"product_tag":[],"class_list":{"0":"post-720172","1":"product","2":"type-product","3":"status-publish","5":"product_cat-deneme","6":"product_cat-edebiyat","7":"pa_cilt-ciltsiz","8":"pa_tur-kitap","9":"pa_yayinevi-profil-kitap","10":"pa_yazar-ibrahim-tenekeci","12":"first","13":"instock","14":"sale","15":"shipping-taxable","16":"purchasable","17":"product-type-simple"},"_links":{"self":[{"href":"https:\/\/roveyayinevi.com.tr\/index.php\/wp-json\/wp\/v2\/product\/720172","targetHints":{"allow":["GET"]}}],"collection":[{"href":"https:\/\/roveyayinevi.com.tr\/index.php\/wp-json\/wp\/v2\/product"}],"about":[{"href":"https:\/\/roveyayinevi.com.tr\/index.php\/wp-json\/wp\/v2\/types\/product"}],"wp:attachment":[{"href":"https:\/\/roveyayinevi.com.tr\/index.php\/wp-json\/wp\/v2\/media?parent=720172"}],"wp:term":[{"taxonomy":"product_brand","embeddable":true,"href":"https:\/\/roveyayinevi.com.tr\/index.php\/wp-json\/wp\/v2\/product_brand?post=720172"},{"taxonomy":"product_cat","embeddable":true,"href":"https:\/\/roveyayinevi.com.tr\/index.php\/wp-json\/wp\/v2\/product_cat?post=720172"},{"taxonomy":"product_tag","embeddable":true,"href":"https:\/\/roveyayinevi.com.tr\/index.php\/wp-json\/wp\/v2\/product_tag?post=720172"}],"curies":[{"name":"wp","href":"https:\/\/api.w.org\/{rel}","templated":true}]}}