{"id":720170,"date":"2025-08-27T18:32:40","date_gmt":"2025-08-27T15:32:40","guid":{"rendered":"https:\/\/roveyayinevi.com.tr\/index.php\/urun\/siki-dusmanlar\/"},"modified":"2026-04-16T02:28:01","modified_gmt":"2026-04-15T23:28:01","slug":"siki-dusmanlar","status":"publish","type":"product","link":"https:\/\/roveyayinevi.com.tr\/index.php\/urun\/siki-dusmanlar\/","title":{"rendered":"S\u0131k\u0131 D\u00fc\u015fmanlar"},"content":{"rendered":"<p>Orta Do\u011fu\u2019da anla\u015fmazl\u0131klar neden \u00e7\u00f6z\u00fclemiyor?ABD ile Arap \u00fclkeleri aras\u0131nda nas\u0131l bir ili\u015fki var?Bu iki farkl\u0131 d\u00fcnya aras\u0131ndaki diplomatik ili\u015fkiler, petrol\u00fcn ke\u015ffinden \u00f6nce de karma\u015f\u0131kt\u0131. Orta Do\u011fu Tarihi profes\u00f6r\u00fc Jean-Pierre Filiu, bizler i\u00e7in 230 y\u0131ll\u0131k bir \u00f6yk\u00fcy\u00fc yeniden canland\u0131r\u0131yor; usta \u00e7izer David B. ise ola\u011fan\u00fcst\u00fc \u00e7izimleriyle karma\u015f\u0131k bir tarihi anlamam\u0131z\u0131 olabildi\u011fince kolayla\u015ft\u0131r\u0131yor.S\u0131k\u0131 D\u00fc\u015fmanlar, 1803\u2019te Libyal\u0131 \u201cbarbarlar\u201da kar\u015f\u0131 a\u00e7\u0131lan sava\u015ftan Bush ve Obama\u2019n\u0131n Irak\u2019ta ya\u015fad\u0131\u011f\u0131 h\u00fcsrana; b\u00fcy\u00fck hik\u00e2yeden k\u00fc\u00e7\u00fck anekdotlara kadar konuyu her noktas\u0131yla ele al\u0131yor ve t\u00fcm d\u00fcnyan\u0131n ana g\u00fcndemi olmaya devam eden ABD-Orta Do\u011fu ili\u015fkisinin kalbine inmemizi sa\u011fl\u0131yor.<\/p>\n","protected":false},"excerpt":{"rendered":"<p>Orta Do\u011fu\u2019da anla\u015fmazl\u0131klar neden \u00e7\u00f6z\u00fclemiyor?ABD ile Arap \u00fclkeleri aras\u0131nda nas\u0131l bir ili\u015fki var?Bu iki farkl\u0131 d\u00fcnya aras\u0131ndaki diplomatik ili\u015fkiler, petrol\u00fcn ke\u015ffinden \u00f6nce de karma\u015f\u0131kt\u0131. Orta Do\u011fu<span class=\"excerpt-hellip\"> [\u2026]<\/span><\/p>\n","protected":false},"featured_media":0,"template":"","meta":{"_monsterinsights_skip_tracking":false,"_monsterinsights_sitenote_active":false,"_monsterinsights_sitenote_note":"","_monsterinsights_sitenote_category":0},"product_brand":[],"product_cat":[12338,12337],"product_tag":[],"class_list":{"0":"post-720170","1":"product","2":"type-product","3":"status-publish","5":"product_cat-dunya-siyaseti-ve-politikasi","6":"product_cat-politika-siyaset","7":"pa_cilt-ciltsiz","8":"pa_tur-kitap","9":"pa_yayinevi-kara-karga-yayinlari","10":"pa_yazar-david-b-jean-pierre-filiu","12":"first","13":"instock","14":"sale","15":"shipping-taxable","16":"purchasable","17":"product-type-simple"},"_links":{"self":[{"href":"https:\/\/roveyayinevi.com.tr\/index.php\/wp-json\/wp\/v2\/product\/720170","targetHints":{"allow":["GET"]}}],"collection":[{"href":"https:\/\/roveyayinevi.com.tr\/index.php\/wp-json\/wp\/v2\/product"}],"about":[{"href":"https:\/\/roveyayinevi.com.tr\/index.php\/wp-json\/wp\/v2\/types\/product"}],"wp:attachment":[{"href":"https:\/\/roveyayinevi.com.tr\/index.php\/wp-json\/wp\/v2\/media?parent=720170"}],"wp:term":[{"taxonomy":"product_brand","embeddable":true,"href":"https:\/\/roveyayinevi.com.tr\/index.php\/wp-json\/wp\/v2\/product_brand?post=720170"},{"taxonomy":"product_cat","embeddable":true,"href":"https:\/\/roveyayinevi.com.tr\/index.php\/wp-json\/wp\/v2\/product_cat?post=720170"},{"taxonomy":"product_tag","embeddable":true,"href":"https:\/\/roveyayinevi.com.tr\/index.php\/wp-json\/wp\/v2\/product_tag?post=720170"}],"curies":[{"name":"wp","href":"https:\/\/api.w.org\/{rel}","templated":true}]}}