{"id":720166,"date":"2025-08-27T18:32:38","date_gmt":"2025-08-27T15:32:38","guid":{"rendered":"https:\/\/roveyayinevi.com.tr\/index.php\/urun\/turkiyede-kamu-ozel-isbirlikleri\/"},"modified":"2026-04-16T02:28:01","modified_gmt":"2026-04-15T23:28:01","slug":"turkiyede-kamu-ozel-isbirlikleri","status":"publish","type":"product","link":"https:\/\/roveyayinevi.com.tr\/index.php\/urun\/turkiyede-kamu-ozel-isbirlikleri\/","title":{"rendered":"T\u00fcrkiye&#8217;de Kamu \u00d6zel \u0130\u015fbirlikleri"},"content":{"rendered":"<p>Altyap\u0131 hizmetleri ekonomik kalk\u0131nman\u0131n, i\u015fg\u00fcc\u00fcn\u00fcn ve sosyal refah\u0131n artmas\u0131na \u00e7e\u015fitli kanallardan katk\u0131 sa\u011flamaktad\u0131r. Bir taraftan n\u00fcfusun giderek artmas\u0131, di\u011fer taraftan da mevcut tesislerin yenilenmesi ihtiyac\u0131 nedeniyle, d\u00fcnya genelinde ve T\u00fcrkiye \u00f6zelinde altyap\u0131 yat\u0131r\u0131mlar\u0131n\u0131n finansman\u0131na giderek daha fazla ihtiya\u00e7 duyulmaktad\u0131r. Bu \u00e7er\u00e7evede, T\u00fcrkiye&#8217;de \u015fehir hastaneleri, havalimanlar\u0131, karayollar\u0131, k\u00f6pr\u00fcler ve yat limanlar\u0131 gibi altyap\u0131 hizmetlerinin sa\u011flanmas\u0131nda s\u0131kl\u0131kla Kamu-\u00d6zel \u0130\u015fbirli\u011fi (K\u00d6\u0130) y\u00f6ntemine ba\u015fvurulmaktad\u0131r.Bu \u00e7al\u0131\u015fma altyap\u0131 yat\u0131r\u0131mlar\u0131n\u0131n ger\u00e7ekle\u015ftirilmesinde son y\u0131llarda \u00f6ne \u00e7\u0131kan K\u00d6\u0130 y\u00f6ntemini teori, ululsararas\u0131 geli\u015fmeler ve uygulama a\u00e7\u0131s\u0131ndan T\u00fcrkiye \u00f6rne\u011finde ele almaktad\u0131r.Bir g\u00f6r\u00fc\u015fe g\u00f6re &#8221;K\u00d6\u0130 elin ta\u015f\u0131yla elin ku\u015funu vurma y\u00f6ntemidir.&#8221; Di\u011ferleri de &#8221;K\u00d6\u0130 projelerinin vergi m\u00fckellefleri ve hizmet kullan\u0131c\u0131lar\u0131 \u00fczerine y\u0131llarca s\u00fcrecek bir bor\u00e7 y\u00fckleyece\u011fini&#8221; ileri s\u00fcrmektedir.Bu iki u\u00e7 g\u00f6r\u00fc\u015f\u00fcn do\u011frulu\u011funun test edilebilmesi, uzun \u00fcsreli ve karma\u015f\u0131k K\u00d6\u0130 s\u00f6zle\u015fmelerinin \u015feffaf ve hesap verebilir bir ortamda \u00f6nerilmesi, geli\u015ftirilmesi, uygulanmas\u0131 ve denetlenmesi gerekmektedir.Bu noktada, elinizdeki \u00e7al\u0131\u015fma okurlar\u0131n\u0131 K\u00d6\u0130 &#8211; proje d\u00f6ng\u00fcs\u00fc y\u00f6netimi- s\u00fcrecini anlamas\u0131na ve de\u011ferlendirmesine yard\u0131mc\u0131 olacakt\u0131r.\u00c7al\u0131\u015fmada yer alan de\u011ferlendirmeler ve bu de\u011ferlendirmelere konu veriler ve kaynaklar \u00e7er\u00e7evesinde okurlar en az\u0131ndan sorular hakk\u0131nda kendi cevaplar\u0131n\u0131 \u00fcretebileceklerdir.\u00d6zel sekt\u00f6r\u00fcn kat\u0131l\u0131m\u0131yla ger\u00e7ekle\u015ftirilen K\u00d6\u0130 projeleri, neden ve nas\u0131l geleneksel tedarikten daha etkin bir performans sergileyecektir. Bu projelerden kaynaklanan riskler hangi y\u00f6ntemlerle belirlenecek ve proje payda\u015flar\u0131 aras\u0131nda optimal bi\u00e7imde nas\u0131l da\u011f\u0131t\u0131lacakt\u0131r? Kamu kurumlar\u0131n\u0131n \u00fcstlendi\u011fi y\u00fck\u00fcml\u00fcl\u00fckler ne bi\u00e7imde hesaplanacak ve hangi kanallardan raporlanacakt\u0131r?<\/p>\n","protected":false},"excerpt":{"rendered":"<p>Altyap\u0131 hizmetleri ekonomik kalk\u0131nman\u0131n, i\u015fg\u00fcc\u00fcn\u00fcn ve sosyal refah\u0131n artmas\u0131na \u00e7e\u015fitli kanallardan katk\u0131 sa\u011flamaktad\u0131r. Bir taraftan n\u00fcfusun giderek artmas\u0131, di\u011fer taraftan da mevcut tesislerin yenilenmesi ihtiyac\u0131 nedeniyle,<span class=\"excerpt-hellip\"> [\u2026]<\/span><\/p>\n","protected":false},"featured_media":0,"template":"","meta":{"_monsterinsights_skip_tracking":false,"_monsterinsights_sitenote_active":false,"_monsterinsights_sitenote_note":"","_monsterinsights_sitenote_category":0},"product_brand":[],"product_cat":[13043,14381],"product_tag":[],"class_list":{"0":"post-720166","1":"product","2":"type-product","3":"status-publish","5":"product_cat-ekonomi","6":"product_cat-isletme-muhasebe-maliye","7":"pa_cilt-ciltsiz","8":"pa_tur-kitap","9":"pa_yayinevi-siyasal-kitabevi-akademik-kitaplar","10":"pa_yazar-ugur-emek-guray-kucukkocaoglu","12":"first","13":"instock","14":"sale","15":"shipping-taxable","16":"purchasable","17":"product-type-simple"},"_links":{"self":[{"href":"https:\/\/roveyayinevi.com.tr\/index.php\/wp-json\/wp\/v2\/product\/720166","targetHints":{"allow":["GET"]}}],"collection":[{"href":"https:\/\/roveyayinevi.com.tr\/index.php\/wp-json\/wp\/v2\/product"}],"about":[{"href":"https:\/\/roveyayinevi.com.tr\/index.php\/wp-json\/wp\/v2\/types\/product"}],"wp:attachment":[{"href":"https:\/\/roveyayinevi.com.tr\/index.php\/wp-json\/wp\/v2\/media?parent=720166"}],"wp:term":[{"taxonomy":"product_brand","embeddable":true,"href":"https:\/\/roveyayinevi.com.tr\/index.php\/wp-json\/wp\/v2\/product_brand?post=720166"},{"taxonomy":"product_cat","embeddable":true,"href":"https:\/\/roveyayinevi.com.tr\/index.php\/wp-json\/wp\/v2\/product_cat?post=720166"},{"taxonomy":"product_tag","embeddable":true,"href":"https:\/\/roveyayinevi.com.tr\/index.php\/wp-json\/wp\/v2\/product_tag?post=720166"}],"curies":[{"name":"wp","href":"https:\/\/api.w.org\/{rel}","templated":true}]}}