{"id":720164,"date":"2025-08-27T18:32:37","date_gmt":"2025-08-27T15:32:37","guid":{"rendered":"https:\/\/roveyayinevi.com.tr\/index.php\/urun\/ilk-ask-2\/"},"modified":"2026-04-16T02:28:01","modified_gmt":"2026-04-15T23:28:01","slug":"ilk-ask-2","status":"publish","type":"product","link":"https:\/\/roveyayinevi.com.tr\/index.php\/urun\/ilk-ask-2\/","title":{"rendered":"\u0130lk A\u015fk"},"content":{"rendered":"<p>Turgenyev (1818-1883) bu roman\u0131nda bir gen\u00e7lik a\u015fk\u0131n\u0131n sarho\u015f edici mutlulu\u011funu ve \u00e7ektirdi\u011fi ac\u0131lar\u0131 ustaca tasvir ediyor. 1800 lerin ortas\u0131nda ge\u00e7en romanda, 16 ya\u015f\u0131ndaki gen\u00e7 Vladimir Petrovi\u00e7\u2019in yazl\u0131klar\u0131ndaki kom\u015fusu asil ama fakir Preses Zasekin\u2019in, kendisinden ya\u015f\u00e7a b\u00fcy\u00fck k\u0131z\u0131 Zinaida\u2019ya deliler gibi a\u015f\u0131k olu\u015fu ve onun \u00e7evresinde ya\u015fad\u0131klar\u0131 dramatik ve trajikomik olaylar anlat\u0131l\u0131yor.<\/p>\n","protected":false},"excerpt":{"rendered":"<p>Turgenyev (1818-1883) bu roman\u0131nda bir gen\u00e7lik a\u015fk\u0131n\u0131n sarho\u015f edici mutlulu\u011funu ve \u00e7ektirdi\u011fi ac\u0131lar\u0131 ustaca tasvir ediyor. 1800 lerin ortas\u0131nda ge\u00e7en romanda, 16 ya\u015f\u0131ndaki gen\u00e7 Vladimir Petrovi\u00e7\u2019in<span class=\"excerpt-hellip\"> [\u2026]<\/span><\/p>\n","protected":false},"featured_media":0,"template":"","meta":{"_monsterinsights_skip_tracking":false,"_monsterinsights_sitenote_active":false,"_monsterinsights_sitenote_note":"","_monsterinsights_sitenote_category":0},"product_brand":[],"product_cat":[12291,12711],"product_tag":[],"class_list":{"0":"post-720164","1":"product","2":"type-product","3":"status-publish","5":"product_cat-edebiyat","6":"product_cat-roman-oyku","7":"pa_cilt-ciltsiz","8":"pa_tur-kitap","9":"pa_yayinevi-fark-yayinlari","10":"pa_yazar-ivan-sergeyevic-turgenyev","12":"first","13":"instock","14":"sale","15":"shipping-taxable","16":"purchasable","17":"product-type-simple"},"_links":{"self":[{"href":"https:\/\/roveyayinevi.com.tr\/index.php\/wp-json\/wp\/v2\/product\/720164","targetHints":{"allow":["GET"]}}],"collection":[{"href":"https:\/\/roveyayinevi.com.tr\/index.php\/wp-json\/wp\/v2\/product"}],"about":[{"href":"https:\/\/roveyayinevi.com.tr\/index.php\/wp-json\/wp\/v2\/types\/product"}],"wp:attachment":[{"href":"https:\/\/roveyayinevi.com.tr\/index.php\/wp-json\/wp\/v2\/media?parent=720164"}],"wp:term":[{"taxonomy":"product_brand","embeddable":true,"href":"https:\/\/roveyayinevi.com.tr\/index.php\/wp-json\/wp\/v2\/product_brand?post=720164"},{"taxonomy":"product_cat","embeddable":true,"href":"https:\/\/roveyayinevi.com.tr\/index.php\/wp-json\/wp\/v2\/product_cat?post=720164"},{"taxonomy":"product_tag","embeddable":true,"href":"https:\/\/roveyayinevi.com.tr\/index.php\/wp-json\/wp\/v2\/product_tag?post=720164"}],"curies":[{"name":"wp","href":"https:\/\/api.w.org\/{rel}","templated":true}]}}