{"id":720161,"date":"2025-08-27T18:32:34","date_gmt":"2025-08-27T15:32:34","guid":{"rendered":"https:\/\/roveyayinevi.com.tr\/index.php\/urun\/cocuklar-icin-felsefe-kaygidan-kacilir-mi\/"},"modified":"2026-04-16T02:28:01","modified_gmt":"2026-04-15T23:28:01","slug":"cocuklar-icin-felsefe-kaygidan-kacilir-mi","status":"publish","type":"product","link":"https:\/\/roveyayinevi.com.tr\/index.php\/urun\/cocuklar-icin-felsefe-kaygidan-kacilir-mi\/","title":{"rendered":"\u00c7ocuklar \u0130\u00e7in Felsefe: Kayg\u0131dan Ka\u00e7\u0131l\u0131r Mi?"},"content":{"rendered":"<p>Deniz felsefe kul\u00fcb\u00fc etkinli\u011finde \u00f6\u011fretmenini odada g\u00f6remeyince akl\u0131na d\u00fc\u015f\u00fcnceler \u00fc\u015f\u00fc\u015f\u00fcr: \u0130pek \u00d6\u011fretmen gecikecek mi? Yoksa hi\u00e7 mi gelmeyecek? Ba\u015f\u0131na bir \u015fey gelmi\u015f olabilir mi?.. Derken \u0130pek \u00d6\u011fretmen gelir, iki dakika gecikti\u011fi i\u00e7in \u00f6z\u00fcr diledikten sonra ne tesad\u00fcft\u00fcr ki o g\u00fcn\u00fcn konusunun \u2018kayg\u0131\u2019 oldu\u011funu s\u00f6yler.Kayg\u0131dan Ka\u00e7\u0131l\u0131r m\u0131? kitab\u0131nda \u00e7ocuklar, mitolojik kahramanlar \u00fczerinden belirsizlik, s\u0131nav kayg\u0131s\u0131, bilgi kirlili\u011fi, \u00fcz\u00fcnt\u00fc, sevin\u00e7, olumlu d\u00fc\u015f\u00fcnme gibi kavramlar\u0131 tart\u0131\u015f\u0131yor.Felsefe e\u011fitmeni \u00d6zge \u00d6zdemir\u2019in 9-12 ya\u015f aras\u0131 \u00e7ocuklarla yu\u00a8ru\u00a8ttu\u00a8\u011fu\u00a8 \u2018\u00c7ocuklar i\u00e7in Felsefe\u2019 at\u00f6lyelerindeki tart\u0131\u015fmalardan yola \u00e7\u0131karak kaleme ald\u0131\u011f\u0131 her kitap, \u00e7ocuklara ilgiyle okuyacaklar\u0131 bir metin sunarak felsefeyi ve ele\u015ftirel d\u00fc\u015f\u00fcnmeyi hayata kat\u0131yor. Kitaplar\u0131n i\u00e7inde yer alan Ezgi Platin\u2019in \u2018harf \u00e7izim\u2019leri ise kavramlara e\u011flenceli bir yorum getiriyor.<\/p>\n","protected":false},"excerpt":{"rendered":"<p>Deniz felsefe kul\u00fcb\u00fc etkinli\u011finde \u00f6\u011fretmenini odada g\u00f6remeyince akl\u0131na d\u00fc\u015f\u00fcnceler \u00fc\u015f\u00fc\u015f\u00fcr: \u0130pek \u00d6\u011fretmen gecikecek mi? Yoksa hi\u00e7 mi gelmeyecek? Ba\u015f\u0131na bir \u015fey gelmi\u015f olabilir mi?.. Derken \u0130pek<span class=\"excerpt-hellip\"> [\u2026]<\/span><\/p>\n","protected":false},"featured_media":0,"template":"","meta":{"_monsterinsights_skip_tracking":false,"_monsterinsights_sitenote_active":false,"_monsterinsights_sitenote_note":"","_monsterinsights_sitenote_category":0},"product_brand":[],"product_cat":[12274,12284],"product_tag":[],"class_list":{"0":"post-720161","1":"product","2":"type-product","3":"status-publish","5":"product_cat-cocuk-ve-genclik-kitaplari","6":"product_cat-hikayeler","7":"pa_cilt-ciltsiz","8":"pa_tur-kitap","9":"pa_yayinevi-redhouse-kidz-yayinlari","10":"pa_yazar-ozge-ozdemir","12":"first","13":"instock","14":"sale","15":"shipping-taxable","16":"purchasable","17":"product-type-simple"},"_links":{"self":[{"href":"https:\/\/roveyayinevi.com.tr\/index.php\/wp-json\/wp\/v2\/product\/720161","targetHints":{"allow":["GET"]}}],"collection":[{"href":"https:\/\/roveyayinevi.com.tr\/index.php\/wp-json\/wp\/v2\/product"}],"about":[{"href":"https:\/\/roveyayinevi.com.tr\/index.php\/wp-json\/wp\/v2\/types\/product"}],"wp:attachment":[{"href":"https:\/\/roveyayinevi.com.tr\/index.php\/wp-json\/wp\/v2\/media?parent=720161"}],"wp:term":[{"taxonomy":"product_brand","embeddable":true,"href":"https:\/\/roveyayinevi.com.tr\/index.php\/wp-json\/wp\/v2\/product_brand?post=720161"},{"taxonomy":"product_cat","embeddable":true,"href":"https:\/\/roveyayinevi.com.tr\/index.php\/wp-json\/wp\/v2\/product_cat?post=720161"},{"taxonomy":"product_tag","embeddable":true,"href":"https:\/\/roveyayinevi.com.tr\/index.php\/wp-json\/wp\/v2\/product_tag?post=720161"}],"curies":[{"name":"wp","href":"https:\/\/api.w.org\/{rel}","templated":true}]}}