{"id":720158,"date":"2025-08-27T18:32:32","date_gmt":"2025-08-27T15:32:32","guid":{"rendered":"https:\/\/roveyayinevi.com.tr\/index.php\/urun\/bakis\/"},"modified":"2026-04-16T02:28:01","modified_gmt":"2026-04-15T23:28:01","slug":"bakis","status":"publish","type":"product","link":"https:\/\/roveyayinevi.com.tr\/index.php\/urun\/bakis\/","title":{"rendered":"Bak\u0131\u015f"},"content":{"rendered":"<p>Jessie Greengrass&#8217;\u0131n b\u00fcy\u00fcleyici roman\u0131 Bak\u0131\u015f, isimsiz anlat\u0131c\u0131s\u0131n\u0131n annelik ser\u00fcveniyle ba\u015flay\u0131p kendi annesinin on y\u0131l \u00f6nceki \u00f6l\u00fcm\u00fcne ve psikanalist anneannesinin yan\u0131nda ge\u00e7irdi\u011fi yazlara uzan\u0131yor. Bu s\u00fcre\u00e7te katman katman a\u00e7\u0131lan hik\u00e2ye Wilhelm R\u00f6ntgen\u2019in X-\u0131\u015f\u0131nlar\u0131 ke\u015ffine, Sigmund Freud ve psikanaliz ekol\u00fcn\u00fcn olu\u015fumuna, k\u0131z\u0131 Anna\u2019yla olan ili\u015fkisine ve Hunter karde\u015flerin anatomi \u00fczerine \u00e7al\u0131\u015fmalar\u0131yla modern cerrahinin k\u00f6kenlerine iniyor.Bir anne olmak ve bir annenin \u00e7ocu\u011fu olmak, do\u011fmak ve \u00f6lmek, g\u00f6rmek ve g\u00f6r\u00fclmek, bilmek ve bilinmek\u2026 Jessie Greengrass, Bak\u0131\u015f\u2019la t\u00fcm bu par\u00e7alar\u0131 ustal\u0131kla bir araya getiriyor. Zarif, \u015fiddetli, zekice bir anlat\u0131 bu, ba\u015fkalar\u0131n\u0131 nas\u0131l g\u00f6rd\u00fc\u011f\u00fcm\u00fcze ve kendimizi nas\u0131l tan\u0131yabilece\u011fimize dair kapsaml\u0131 bir ke\u015fif.\u201cBak\u0131\u015f, az sayfada \u00e7ok \u015fey anlat\u0131yor: Anneler ve k\u0131zlar\u0131, do\u011fum ve \u00f6l\u00fcm, kay\u0131p ve keder, ki\u015finin kendini bulmas\u0131, bilimsel ke\u015fiflerin g\u00fcc\u00fc ve zorlu\u011fu. Bu ayn\u0131 zamanda bilginin s\u0131n\u0131rlar\u0131 hakk\u0131nda bir roman &#8211; s\u0131n\u0131rlar\u0131 kabul etmeyi \u00f6\u011frenmek, ancak s\u00fcrekli olarak geni\u015fletmek. Greengrass\u2019a kendilerini teslim edecek okurlar\u0131n bak\u0131\u015f\u0131 da onun bak\u0131\u015f\u0131yla geni\u015fleyecek \u015f\u00fcphesiz.\u201dNpr\u201cB\u00fcy\u00fcleyici bir sanat eseri. Aldat\u0131c\u0131 basitlikte bir hik\u00e2ye, bir k\u0131z\u0131n annesini kaybetmesi ve ayn\u0131 k\u0131z\u0131n bir anneye d\u00f6n\u00fc\u015fmesi, bilim tarihiyle zahmetsizce, organik bir ba\u011fla birle\u015fiyor. Greengrass, okuru zek\u00e2s\u0131 ve zarafetiyle sersemletiyor; esrarengiz bir hik\u00e2yeyi \u00e7o\u011funlu\u011fa yayarken \u00e7o\u011funlu\u011fu da bir\u2019de b\u00fct\u00fcnle\u015ftiriyor. \u201dWeike Wang \u201cGeli\u015fmekte olan bir tarza g\u00f6z kama\u015ft\u0131r\u0131c\u0131 bir giri\u015f. Anlat\u0131c\u0131n\u0131n derin d\u00fc\u015f\u00fcnceleri ve hik\u00e2yesi, kontroll\u00fc ve \u015f\u0131k bir nesirle kitab\u0131 \u00f6yle heyecanl\u0131 k\u0131l\u0131yor ki&#8230; Jessie Greengrass\u2019\u0131n zek\u00e2s\u0131 ve d\u00fcr\u00fcstl\u00fc\u011f\u00fc g\u00f6z kama\u015ft\u0131r\u0131rken roman da bir b\u00fct\u00fcn olarak garip bir g\u00fc\u00e7le sar\u0131yor okuru. \u201dThe New Yorker\u201cOkudu\u011fum en g\u00fczel \u00e7a\u011fda\u015f \u0130ngiliz romanlar\u0131ndan biri. Zarif ve zeki, tehlikeli ve ciddi\u2026 m\u00fckemmel bir yap\u0131.\u201dMax Porter\u201cBedenlerimiz, kendimiz ve birbirimiz hakk\u0131nda neler bilebilece\u011fimize dair \u00e7arp\u0131c\u0131 bir ilk roman\u0131. Greengrass, hamilelik ve annelik deneyimini \u00e7ok ba\u015fka bir \u015fekilde ele al\u0131yor. \u201dLauren Elkin\u201cKad\u0131nlar\u0131n ac\u0131s\u0131na kulak vermeyi k\u00fc\u00e7\u00fcmseyen ve reddeden bir k\u00fclt\u00fcrde, Bak\u0131\u015f dikkatimizi \u00e7ekmenin bir yolunu buluyor&#8230; Kefaret, nesrin dikkat \u00e7ekici g\u00fczelli\u011fi ve \u00e7ekicili\u011fi i\u00e7inde gizli. Bu sessiz ve \u00f6zg\u00fcn bir direni\u015f, bir kad\u0131n\u0131n ac\u0131s\u0131na dayanmam\u0131z\u0131 gerektiriyor.\u201dBomb Magazine\u201cYa\u015fam ve \u00f6l\u00fcm, sevgi ve kay\u0131p \u00fczerine odaklanan Bak\u0131\u015f, kendimizle yak\u0131n olmay\u0131 arzulad\u0131klar\u0131m\u0131z aras\u0131ndaki bo\u015fluklar\u0131 doldurma m\u00fccadelesine dair net bir bi\u00e7imde ifade edilmi\u015f bir i\u00e7 g\u00f6r\u00fc, bir tedbir. Derin bir kaz\u0131 niteli\u011findeki roman\u0131yla Greengrass, insanl\u0131k hallerini ke\u015ffetmek i\u00e7in derinlere iniyor ve okuru, gizli ger\u00e7ekleri d\u00fc\u015f\u00fcnmeye davet ediyor.\u201dKirkus Reviews\u201cBak\u0131\u015f\u2019\u0131 bir a\u011fr\u0131yla, b\u00fcy\u00fck bir hayranl\u0131kla okudum. Greengrass bir\u00e7ok y\u00f6nden bana Virginia Woolf&#8217;u hat\u0131rlat\u0131yor &#8211; g\u00f6r\u00fcn\u00fc\u015fte roman bi\u00e7imini yeniden icat ederken zek\u00e2s\u0131 ve ilgi alan\u0131 dahilinde ve tek bir bilinci yakalama kabiliyetleri ortak. Greengrass kurguda \u00f6nemli ve yeni bir ses.\u201dJamie Quatro<\/p>\n","protected":false},"excerpt":{"rendered":"<p>Jessie Greengrass&#8217;\u0131n b\u00fcy\u00fcleyici roman\u0131 Bak\u0131\u015f, isimsiz anlat\u0131c\u0131s\u0131n\u0131n annelik ser\u00fcveniyle ba\u015flay\u0131p kendi annesinin on y\u0131l \u00f6nceki \u00f6l\u00fcm\u00fcne ve psikanalist anneannesinin yan\u0131nda ge\u00e7irdi\u011fi yazlara uzan\u0131yor. Bu s\u00fcre\u00e7te katman<span class=\"excerpt-hellip\"> [\u2026]<\/span><\/p>\n","protected":false},"featured_media":0,"template":"","meta":{"_monsterinsights_skip_tracking":false,"_monsterinsights_sitenote_active":false,"_monsterinsights_sitenote_note":"","_monsterinsights_sitenote_category":0},"product_brand":[],"product_cat":[12291,12711],"product_tag":[],"class_list":{"0":"post-720158","1":"product","2":"type-product","3":"status-publish","5":"product_cat-edebiyat","6":"product_cat-roman-oyku","7":"pa_cilt-ciltsiz","8":"pa_tur-kitap","9":"pa_yayinevi-timas-yayinlari","10":"pa_yazar-jessie-greengrass","12":"first","13":"instock","14":"sale","15":"shipping-taxable","16":"purchasable","17":"product-type-simple"},"_links":{"self":[{"href":"https:\/\/roveyayinevi.com.tr\/index.php\/wp-json\/wp\/v2\/product\/720158","targetHints":{"allow":["GET"]}}],"collection":[{"href":"https:\/\/roveyayinevi.com.tr\/index.php\/wp-json\/wp\/v2\/product"}],"about":[{"href":"https:\/\/roveyayinevi.com.tr\/index.php\/wp-json\/wp\/v2\/types\/product"}],"wp:attachment":[{"href":"https:\/\/roveyayinevi.com.tr\/index.php\/wp-json\/wp\/v2\/media?parent=720158"}],"wp:term":[{"taxonomy":"product_brand","embeddable":true,"href":"https:\/\/roveyayinevi.com.tr\/index.php\/wp-json\/wp\/v2\/product_brand?post=720158"},{"taxonomy":"product_cat","embeddable":true,"href":"https:\/\/roveyayinevi.com.tr\/index.php\/wp-json\/wp\/v2\/product_cat?post=720158"},{"taxonomy":"product_tag","embeddable":true,"href":"https:\/\/roveyayinevi.com.tr\/index.php\/wp-json\/wp\/v2\/product_tag?post=720158"}],"curies":[{"name":"wp","href":"https:\/\/api.w.org\/{rel}","templated":true}]}}