{"id":720156,"date":"2025-08-27T18:32:31","date_gmt":"2025-08-27T15:32:31","guid":{"rendered":"https:\/\/roveyayinevi.com.tr\/index.php\/urun\/iyi-antrenmanli-futbolcularda-akut-glutamin-kullaniminin-kan-amonyak-duzeyine-etkisi\/"},"modified":"2026-04-16T02:28:01","modified_gmt":"2026-04-15T23:28:01","slug":"iyi-antrenmanli-futbolcularda-akut-glutamin-kullaniminin-kan-amonyak-duzeyine-etkisi","status":"publish","type":"product","link":"https:\/\/roveyayinevi.com.tr\/index.php\/urun\/iyi-antrenmanli-futbolcularda-akut-glutamin-kullaniminin-kan-amonyak-duzeyine-etkisi\/","title":{"rendered":"\u0130yi Antrenmanl\u0131 Futbolcularda Akut Glutamin Kullan\u0131m\u0131n\u0131n Kan Amonyak D\u00fczeyine Etkisi"},"content":{"rendered":"<p>1. Giri\u015f2. Genel Bilgiler3. Gere\u00e7 Ve Y\u00f6ntem4. Bulgular5. Tart\u0131\u015fma6. Sonu\u00e7 Ve \u00d6neriler<\/p>\n","protected":false},"excerpt":{"rendered":"<p>1. Giri\u015f2. Genel Bilgiler3. Gere\u00e7 Ve Y\u00f6ntem4. Bulgular5. Tart\u0131\u015fma6. Sonu\u00e7 Ve \u00d6neriler<\/p>\n","protected":false},"featured_media":0,"template":"","meta":{"_monsterinsights_skip_tracking":false,"_monsterinsights_sitenote_active":false,"_monsterinsights_sitenote_note":"","_monsterinsights_sitenote_category":0},"product_brand":[],"product_cat":[13366,13365],"product_tag":[],"class_list":{"0":"post-720156","1":"product","2":"type-product","3":"status-publish","5":"product_cat-diger-saglik","6":"product_cat-saglik","7":"pa_cilt-ciltsiz","8":"pa_tur-kitap","9":"pa_yayinevi-gazi-kitabevi","10":"pa_yazar-isa-sagiroglu","12":"first","13":"instock","14":"sale","15":"shipping-taxable","16":"purchasable","17":"product-type-simple"},"_links":{"self":[{"href":"https:\/\/roveyayinevi.com.tr\/index.php\/wp-json\/wp\/v2\/product\/720156","targetHints":{"allow":["GET"]}}],"collection":[{"href":"https:\/\/roveyayinevi.com.tr\/index.php\/wp-json\/wp\/v2\/product"}],"about":[{"href":"https:\/\/roveyayinevi.com.tr\/index.php\/wp-json\/wp\/v2\/types\/product"}],"wp:attachment":[{"href":"https:\/\/roveyayinevi.com.tr\/index.php\/wp-json\/wp\/v2\/media?parent=720156"}],"wp:term":[{"taxonomy":"product_brand","embeddable":true,"href":"https:\/\/roveyayinevi.com.tr\/index.php\/wp-json\/wp\/v2\/product_brand?post=720156"},{"taxonomy":"product_cat","embeddable":true,"href":"https:\/\/roveyayinevi.com.tr\/index.php\/wp-json\/wp\/v2\/product_cat?post=720156"},{"taxonomy":"product_tag","embeddable":true,"href":"https:\/\/roveyayinevi.com.tr\/index.php\/wp-json\/wp\/v2\/product_tag?post=720156"}],"curies":[{"name":"wp","href":"https:\/\/api.w.org\/{rel}","templated":true}]}}