{"id":720155,"date":"2025-08-27T18:32:30","date_gmt":"2025-08-27T15:32:30","guid":{"rendered":"https:\/\/roveyayinevi.com.tr\/index.php\/urun\/kadinlar-senlikte\/"},"modified":"2026-04-16T02:28:01","modified_gmt":"2026-04-15T23:28:01","slug":"kadinlar-senlikte","status":"publish","type":"product","link":"https:\/\/roveyayinevi.com.tr\/index.php\/urun\/kadinlar-senlikte\/","title":{"rendered":"Kad\u0131nlar \u015eenlikte"},"content":{"rendered":"<p>Aristofanes (Aristophanes), M\u00d6 456  M\u00d6 386 y\u0131llar\u0131 aras\u0131nda ya\u015fam\u0131\u015f bir komedya yazar\u0131d\u0131r. Komedya\u2019n\u0131n Babas\u0131 ve Komedya\u2019n\u0131n Prensi olarak da bilinen Aristofanes, Atina toplumunun antik \u00e7a\u011fdaki halini en iyi \u015fekilde betimleyen yazarlardand\u0131r. Haz\u0131rlad\u0131\u011f\u0131 otuzun \u00fczerinde oyundan sadece on bir tanesi g\u00fcn\u00fcm\u00fcze ula\u015fabilmi\u015ftir. Bu eserler, Eski Komedya d\u00f6neminin yegane \u00f6rnekleridir. Mizahi tarz\u0131nda kulland\u0131\u011f\u0131 keskin dilin, Atina\u2019n\u0131n toplumsal dinamikleri \u00fczerinde yaratt\u0131\u011f\u0131 etkiler, d\u00f6nemin d\u00fc\u015f\u00fcn\u00fcr ve yazarlar\u0131 taraf\u0131ndan da kabul g\u00f6ren bir ger\u00e7ekliktir. \u00d6yle ki, Platon (Eflatun), Aristofanes\u2019in \u201cBulutlar\u201d isimli eserinin daha sonra Sokrates\u2019in yarg\u0131lanmas\u0131na sebep olan etmenlerden biri oldu\u011funu iddia etmi\u015ftir. Thesmophoriazusae (T\u00fcrk\u00e7e: \u2018Thesmophoria Festivalini Kutlayan Kad\u0131nlar\u2019 veya k\u0131saca \u2018Kad\u0131nlar \u015eenlikte\u2019) bir komedya olup, Antik Yunan d\u00f6neminin me\u015fhur \u015fairi Aristofanes taraf\u0131ndan yaz\u0131lm\u0131\u015ft\u0131r. \u0130lk olarak M.\u00d6.411 senesinde, Dionysia \u015fehrinde oynanm\u0131\u015ft\u0131r. Kat\u0131ld\u0131\u011f\u0131 yar\u0131\u015fmada \u00f6d\u00fcl al\u0131p almad\u0131\u011f\u0131 kesin olarak bilinmemektedir. Aristofanes\u2019in, Atina toplumunu konu ald\u0131\u011f\u0131 en g\u00fczel parodilerden biri olarak addedilir. <\/p>\n","protected":false},"excerpt":{"rendered":"<p>Aristofanes (Aristophanes), M\u00d6 456 M\u00d6 386 y\u0131llar\u0131 aras\u0131nda ya\u015fam\u0131\u015f bir komedya yazar\u0131d\u0131r. Komedya\u2019n\u0131n Babas\u0131 ve Komedya\u2019n\u0131n Prensi olarak da bilinen Aristofanes, Atina toplumunun antik \u00e7a\u011fdaki halini<span class=\"excerpt-hellip\"> [\u2026]<\/span><\/p>\n","protected":false},"featured_media":0,"template":"","meta":{"_monsterinsights_skip_tracking":false,"_monsterinsights_sitenote_active":false,"_monsterinsights_sitenote_note":"","_monsterinsights_sitenote_category":0},"product_brand":[],"product_cat":[12312,12304],"product_tag":[],"class_list":{"0":"post-720155","1":"product","2":"type-product","3":"status-publish","5":"product_cat-diger","6":"product_cat-tarih","7":"pa_cilt-ciltsiz","8":"pa_tur-kitap","9":"pa_yayinevi-toz-yayinlari","10":"pa_yazar-aristofanes","12":"first","13":"instock","14":"sale","15":"shipping-taxable","16":"purchasable","17":"product-type-simple"},"_links":{"self":[{"href":"https:\/\/roveyayinevi.com.tr\/index.php\/wp-json\/wp\/v2\/product\/720155","targetHints":{"allow":["GET"]}}],"collection":[{"href":"https:\/\/roveyayinevi.com.tr\/index.php\/wp-json\/wp\/v2\/product"}],"about":[{"href":"https:\/\/roveyayinevi.com.tr\/index.php\/wp-json\/wp\/v2\/types\/product"}],"wp:attachment":[{"href":"https:\/\/roveyayinevi.com.tr\/index.php\/wp-json\/wp\/v2\/media?parent=720155"}],"wp:term":[{"taxonomy":"product_brand","embeddable":true,"href":"https:\/\/roveyayinevi.com.tr\/index.php\/wp-json\/wp\/v2\/product_brand?post=720155"},{"taxonomy":"product_cat","embeddable":true,"href":"https:\/\/roveyayinevi.com.tr\/index.php\/wp-json\/wp\/v2\/product_cat?post=720155"},{"taxonomy":"product_tag","embeddable":true,"href":"https:\/\/roveyayinevi.com.tr\/index.php\/wp-json\/wp\/v2\/product_tag?post=720155"}],"curies":[{"name":"wp","href":"https:\/\/api.w.org\/{rel}","templated":true}]}}