{"id":720152,"date":"2025-08-27T18:32:28","date_gmt":"2025-08-27T15:32:28","guid":{"rendered":"https:\/\/roveyayinevi.com.tr\/index.php\/urun\/tavsan-disli-bir-gozlemcinin-notlari\/"},"modified":"2026-04-16T02:28:01","modified_gmt":"2026-04-15T23:28:01","slug":"tavsan-disli-bir-gozlemcinin-notlari","status":"publish","type":"product","link":"https:\/\/roveyayinevi.com.tr\/index.php\/urun\/tavsan-disli-bir-gozlemcinin-notlari\/","title":{"rendered":"Tav\u015fan Di\u015fli Bir G\u00f6zlemcinin Notlar\u0131"},"content":{"rendered":"<p>Ya\u015famay\u0131 ve ya\u015fatmay\u0131 se\u00e7en \u00e7ocu\u011fun \u015fa\u015f\u0131rt\u0131c\u0131 hik\u00e2yesi!Behi\u00e7 Ak, \u00e7ocuklar\u0131n zengin i\u00e7d\u00fcnyalar\u0131n\u0131, ya\u015fam\u0131 sorgulay\u0131\u015flar\u0131n\u0131 ve merakl\u0131 hallerini yans\u0131tt\u0131\u011f\u0131, usta i\u015fi resimlerle bezedi\u011fi \u00e7ocuk romanlar\u0131na bir yenisini ekledi. Canl\u0131lar\u0131n ya\u015fam hakk\u0131n\u0131 yok sayan insana ba\u015fkald\u0131r\u0131 niteli\u011findeki roman, do\u011fa, gu\u0308\u00e7, haklar ve ba\u015far\u0131 gibi \u00f6nemli konular\u0131 lirik bir \u00fcslupla harmanl\u0131yor. Yok etmek yerine g\u00f6zlemlemeyi ve tan\u0131may\u0131 se\u00e7en bir \u00e7ocu\u011fa g\u00f6z k\u0131rp\u0131yor. Bir arada ya\u015fayabilmenin sihriyle sarmalanan kitap, klasiklere yara\u015f\u0131r tasvirleri ve s\u0131rad\u0131\u015f\u0131 kurgusuyla \u00e7ocuklar\u0131n unutulmazlar\u0131 aras\u0131na girmeye aday. \u00c7ocuk edebiyat\u0131m\u0131z\u0131n k\u00f6\u015fe ta\u015flar\u0131ndan say\u0131lan Behi\u00e7 Ak\u2019\u0131n roman koleksiyonu, bu kez okurlar\u0131n\u0131 ya\u015fam\u0131 ve ya\u015fatmay\u0131 y\u00fccelten bir yolculu\u011fa davet ediyor.Beceriksiz ve sakar oldu\u011funa inanan, okul ve \u00f6devle y\u0131ld\u0131z\u0131 bar\u0131\u015fmayan bir \u00e7ocuk. En iyi yapt\u0131\u011f\u0131 \u015fey, g\u00f6zlemlemek ve ku\u015flara, bitkilere isim takmak. Amcas\u0131 onu avc\u0131 yapmak istese de, o hi\u00e7bir canl\u0131ya zarar veremez. \u00c7\u0131kt\u0131klar\u0131 bir do\u011fa gezisinde kaybolunca, kendini tav\u015fan, kokarca, zu\u0308rafa ve tilkilerin du\u0308nyas\u0131ndaki bir sava\u015f\u0131n ortas\u0131nda bulur. Hem akl\u0131n\u0131 kullanarak hem de kalbinin sesini dinleyerek bir se\u00e7im yapmak zorundad\u0131r \u015fimdi\u2026<\/p>\n","protected":false},"excerpt":{"rendered":"<p>Ya\u015famay\u0131 ve ya\u015fatmay\u0131 se\u00e7en \u00e7ocu\u011fun \u015fa\u015f\u0131rt\u0131c\u0131 hik\u00e2yesi!Behi\u00e7 Ak, \u00e7ocuklar\u0131n zengin i\u00e7d\u00fcnyalar\u0131n\u0131, ya\u015fam\u0131 sorgulay\u0131\u015flar\u0131n\u0131 ve merakl\u0131 hallerini yans\u0131tt\u0131\u011f\u0131, usta i\u015fi resimlerle bezedi\u011fi \u00e7ocuk romanlar\u0131na bir yenisini ekledi.<span class=\"excerpt-hellip\"> [\u2026]<\/span><\/p>\n","protected":false},"featured_media":0,"template":"","meta":{"_monsterinsights_skip_tracking":false,"_monsterinsights_sitenote_active":false,"_monsterinsights_sitenote_note":"","_monsterinsights_sitenote_category":0},"product_brand":[],"product_cat":[12275,12274],"product_tag":[],"class_list":{"0":"post-720152","1":"product","2":"type-product","3":"status-publish","5":"product_cat-6-12-yas-kitaplari","6":"product_cat-cocuk-ve-genclik-kitaplari","7":"pa_cilt-ciltsiz","8":"pa_tur-kitap","9":"pa_yayinevi-gunisigi-kitapligi","10":"pa_yazar-behic-ak","12":"first","13":"instock","14":"sale","15":"shipping-taxable","16":"purchasable","17":"product-type-simple"},"_links":{"self":[{"href":"https:\/\/roveyayinevi.com.tr\/index.php\/wp-json\/wp\/v2\/product\/720152","targetHints":{"allow":["GET"]}}],"collection":[{"href":"https:\/\/roveyayinevi.com.tr\/index.php\/wp-json\/wp\/v2\/product"}],"about":[{"href":"https:\/\/roveyayinevi.com.tr\/index.php\/wp-json\/wp\/v2\/types\/product"}],"wp:attachment":[{"href":"https:\/\/roveyayinevi.com.tr\/index.php\/wp-json\/wp\/v2\/media?parent=720152"}],"wp:term":[{"taxonomy":"product_brand","embeddable":true,"href":"https:\/\/roveyayinevi.com.tr\/index.php\/wp-json\/wp\/v2\/product_brand?post=720152"},{"taxonomy":"product_cat","embeddable":true,"href":"https:\/\/roveyayinevi.com.tr\/index.php\/wp-json\/wp\/v2\/product_cat?post=720152"},{"taxonomy":"product_tag","embeddable":true,"href":"https:\/\/roveyayinevi.com.tr\/index.php\/wp-json\/wp\/v2\/product_tag?post=720152"}],"curies":[{"name":"wp","href":"https:\/\/api.w.org\/{rel}","templated":true}]}}