{"id":720150,"date":"2025-08-27T18:32:27","date_gmt":"2025-08-27T15:32:27","guid":{"rendered":"https:\/\/roveyayinevi.com.tr\/index.php\/urun\/donusumler-metamorfozlar\/"},"modified":"2026-04-16T02:28:01","modified_gmt":"2026-04-15T23:28:01","slug":"donusumler-metamorfozlar","status":"publish","type":"product","link":"https:\/\/roveyayinevi.com.tr\/index.php\/urun\/donusumler-metamorfozlar\/","title":{"rendered":"D\u00f6n\u00fc\u015f\u00fcmler (Metamorfozlar)"},"content":{"rendered":"<p>PubliusOvidiusNaso (M\u00d6 20 Mart 43 \u2013 MS 17\/18), k\u0131saca Ovidius veya Ovid, klasik Roma d\u00f6neminin en \u00f6nemli \u015fairlerindendir. \u0130mparator Augustus d\u00f6neminde ya\u015fam\u0131\u015f olup Virgil ve Horace gibi b\u00fcy\u00fck \u00fcstadlarla ayn\u0131 d\u00f6nemde eserler yazm\u0131\u015ft\u0131r. 15 kitap\u00e7\u0131ktan olu\u015fan ve kesintisiz anlat\u0131lan mitolojik hikayelerle i\u015flenmi\u015f D\u00f6n\u00fc\u015f\u00fcmler\/Metamorfozlar, onun en me\u015fhur eseridir. Ki bu eser, mitolojik hikayeler konusunda ana kaynak\u00e7a olarak addedilir. Elinizdeki kitap, bu serinin ilk \u00fc\u00e7 b\u00f6l\u00fcm\u00fcnden olu\u015fmaktad\u0131r. \u0130mparator Augustus d\u00f6neminde yeti\u015fen \u015fair, b\u00fcy\u00fck bir \u015fan ve s\u00f6hrete kavu\u015fmu\u015ftur. Fakat MS 8 y\u0131l\u0131nda, net olarak bilinmeyen bir sebepten \u00f6t\u00fcr\u00fc Karadeniz sahilindeki K\u00f6stence\u2019ye (Constanta) s\u00fcrg\u00fcn edilmi\u015ftir ve hayat\u0131n\u0131n geri kalan\u0131n\u0131 orada ge\u00e7irmi\u015ftir. Ovid bu olanlar hakk\u0131nda \u201cbir \u015fiir ve bir hata\u201d demekten ba\u015fka bir s\u00f6z etmemi\u015ftir. Ovidius, Latince edebiyat\u0131n b\u00fcy\u00fck \u00fcstadlar\u0131Virgil ve Horace ile ayn\u0131 seviyede bir \u015fana sahiptir. \u015eiirleri, Orta\u00e7a\u011f\u2019\u0131n sonuna kadar Avrupa sanat\u0131 ve edebiyat\u0131n\u0131 \u00f6nemli \u00f6l\u00e7\u00fcde etkilemi\u015ftir. <\/p>\n","protected":false},"excerpt":{"rendered":"<p>PubliusOvidiusNaso (M\u00d6 20 Mart 43 \u2013 MS 17\/18), k\u0131saca Ovidius veya Ovid, klasik Roma d\u00f6neminin en \u00f6nemli \u015fairlerindendir. \u0130mparator Augustus d\u00f6neminde ya\u015fam\u0131\u015f olup Virgil ve Horace<span class=\"excerpt-hellip\"> [\u2026]<\/span><\/p>\n","protected":false},"featured_media":0,"template":"","meta":{"_monsterinsights_skip_tracking":false,"_monsterinsights_sitenote_active":false,"_monsterinsights_sitenote_note":"","_monsterinsights_sitenote_category":0},"product_brand":[],"product_cat":[12312,12304],"product_tag":[],"class_list":{"0":"post-720150","1":"product","2":"type-product","3":"status-publish","5":"product_cat-diger","6":"product_cat-tarih","7":"pa_cilt-ciltsiz","8":"pa_tur-kitap","9":"pa_yayinevi-toz-yayinlari","10":"pa_yazar-ovidius","12":"first","13":"instock","14":"sale","15":"shipping-taxable","16":"purchasable","17":"product-type-simple"},"_links":{"self":[{"href":"https:\/\/roveyayinevi.com.tr\/index.php\/wp-json\/wp\/v2\/product\/720150","targetHints":{"allow":["GET"]}}],"collection":[{"href":"https:\/\/roveyayinevi.com.tr\/index.php\/wp-json\/wp\/v2\/product"}],"about":[{"href":"https:\/\/roveyayinevi.com.tr\/index.php\/wp-json\/wp\/v2\/types\/product"}],"wp:attachment":[{"href":"https:\/\/roveyayinevi.com.tr\/index.php\/wp-json\/wp\/v2\/media?parent=720150"}],"wp:term":[{"taxonomy":"product_brand","embeddable":true,"href":"https:\/\/roveyayinevi.com.tr\/index.php\/wp-json\/wp\/v2\/product_brand?post=720150"},{"taxonomy":"product_cat","embeddable":true,"href":"https:\/\/roveyayinevi.com.tr\/index.php\/wp-json\/wp\/v2\/product_cat?post=720150"},{"taxonomy":"product_tag","embeddable":true,"href":"https:\/\/roveyayinevi.com.tr\/index.php\/wp-json\/wp\/v2\/product_tag?post=720150"}],"curies":[{"name":"wp","href":"https:\/\/api.w.org\/{rel}","templated":true}]}}