{"id":720149,"date":"2025-08-27T18:32:26","date_gmt":"2025-08-27T15:32:26","guid":{"rendered":"https:\/\/roveyayinevi.com.tr\/index.php\/urun\/kadinlar-mecliste\/"},"modified":"2026-04-16T02:28:01","modified_gmt":"2026-04-15T23:28:01","slug":"kadinlar-mecliste","status":"publish","type":"product","link":"https:\/\/roveyayinevi.com.tr\/index.php\/urun\/kadinlar-mecliste\/","title":{"rendered":"Kad\u0131nlar Mecliste"},"content":{"rendered":"<p>Aristofanes (Aristophanes), M\u00d6 456 M\u00d6 386 y\u0131llar\u0131 aras\u0131nda ya\u015fam\u0131\u015f bir komedya yazar\u0131d\u0131r. Komedya\u00b4n\u0131n babas\u0131 ve Komedya\u00b4n\u0131n Prensi olarak da bilinen Aristofanes, Atina toplumunun antik \u00e7a\u011fdaki halini en iyi \u015fekilde betimleyen yazarlardand\u0131r. Bu oyun, lideri Praxagora olan bir grup kad\u0131n ile ilgilidir. Liderlerinin \u00f6nc\u00fcl\u00fc\u011f\u00fcnde hareket ederek, kad\u0131nlar\u0131n y\u00f6netimi devralmas\u0131 i\u00e7in herkesi ikna etmeye karar verirler. \u00c7\u00fcnk\u00fc bu i\u015fi erkeklerden \u00e7ok daha iyi yapabileceklerine inanmaktad\u0131rlar. Kad\u0131nlar, erkek k\u0131l\u0131\u011f\u0131na girerek gizlice meclise giderler ve ilgili kararnamenin \u00f6nergesini sunduktan sonra k\u00fcrs\u00fcde deme\u00e7ler vererek savunmas\u0131n\u0131 yaparlar. Denemedikleri tek y\u00f6ntemin bu oldu\u011funun vurgulayarak herkesi ikna ederler ve nihayetinde y\u00f6netim oy birli\u011fiyle kad\u0131nlara devredilir. \u00b4\u00b4Kad\u0131nlar Mecliste (Ekklesiazousai)\u00b4\u00b4, ilk olarak M\u00d6 391 tarihinde Lenaia\u00b4da d\u00fczenlenen Dionysus Festivali\u00b4nde sergilendi\u011finde birincilik \u00f6d\u00fcl\u00fcn\u00fc kazanm\u0131\u015ft\u0131r<\/p>\n","protected":false},"excerpt":{"rendered":"<p>Aristofanes (Aristophanes), M\u00d6 456 M\u00d6 386 y\u0131llar\u0131 aras\u0131nda ya\u015fam\u0131\u015f bir komedya yazar\u0131d\u0131r. Komedya\u00b4n\u0131n babas\u0131 ve Komedya\u00b4n\u0131n Prensi olarak da bilinen Aristofanes, Atina toplumunun antik \u00e7a\u011fdaki halini<span class=\"excerpt-hellip\"> [\u2026]<\/span><\/p>\n","protected":false},"featured_media":0,"template":"","meta":{"_monsterinsights_skip_tracking":false,"_monsterinsights_sitenote_active":false,"_monsterinsights_sitenote_note":"","_monsterinsights_sitenote_category":0},"product_brand":[],"product_cat":[12312,12304],"product_tag":[],"class_list":{"0":"post-720149","1":"product","2":"type-product","3":"status-publish","5":"product_cat-diger","6":"product_cat-tarih","7":"pa_cilt-ciltsiz","8":"pa_tur-kitap","9":"pa_yayinevi-toz-yayinlari","10":"pa_yazar-aristofanes","12":"first","13":"instock","14":"sale","15":"shipping-taxable","16":"purchasable","17":"product-type-simple"},"_links":{"self":[{"href":"https:\/\/roveyayinevi.com.tr\/index.php\/wp-json\/wp\/v2\/product\/720149","targetHints":{"allow":["GET"]}}],"collection":[{"href":"https:\/\/roveyayinevi.com.tr\/index.php\/wp-json\/wp\/v2\/product"}],"about":[{"href":"https:\/\/roveyayinevi.com.tr\/index.php\/wp-json\/wp\/v2\/types\/product"}],"wp:attachment":[{"href":"https:\/\/roveyayinevi.com.tr\/index.php\/wp-json\/wp\/v2\/media?parent=720149"}],"wp:term":[{"taxonomy":"product_brand","embeddable":true,"href":"https:\/\/roveyayinevi.com.tr\/index.php\/wp-json\/wp\/v2\/product_brand?post=720149"},{"taxonomy":"product_cat","embeddable":true,"href":"https:\/\/roveyayinevi.com.tr\/index.php\/wp-json\/wp\/v2\/product_cat?post=720149"},{"taxonomy":"product_tag","embeddable":true,"href":"https:\/\/roveyayinevi.com.tr\/index.php\/wp-json\/wp\/v2\/product_tag?post=720149"}],"curies":[{"name":"wp","href":"https:\/\/api.w.org\/{rel}","templated":true}]}}