{"id":720148,"date":"2025-08-27T18:32:25","date_gmt":"2025-08-27T15:32:25","guid":{"rendered":"https:\/\/roveyayinevi.com.tr\/index.php\/urun\/kayi-11-elveda\/"},"modified":"2026-04-16T02:28:01","modified_gmt":"2026-04-15T23:28:01","slug":"kayi-11-elveda","status":"publish","type":"product","link":"https:\/\/roveyayinevi.com.tr\/index.php\/urun\/kayi-11-elveda\/","title":{"rendered":"Kay\u0131 11 &#8211; Elveda"},"content":{"rendered":"<p>\u201cFacialara ve olaylara kalkan olamad\u0131m ise de paratoner vazifesi g\u00f6rd\u00fcm. B\u00fct\u00fcn musibetleri \u00fczerime \u00e7ektim. Kendimi feda ederek vatan\u0131 kurtarmaya \u00e7al\u0131\u015ft\u0131m.\u201dSultan VahideddinS\u00f6\u011f\u00fct\u2019te co\u015fkuyla ba\u015flayan Kay\u0131 boyunun 6 as\u0131rl\u0131k hik\u00e2yesi \u0130stanbul\u2019da h\u00fcz\u00fcnle sona eriyor\u2026 Prof. Dr. Ahmet \u015eim\u015firgil, KAYI XI: Elveda kitab\u0131yla okuru Osmanl\u0131 \u0130mparatorlu\u011fu\u2019nun son nefesini verdi\u011fi en zor y\u0131llara g\u00f6t\u00fcr\u00fcyor.Afrika\u2019daki son Osmanl\u0131 topra\u011f\u0131 Trablusgarp\u2019\u0131n elden \u00e7\u0131k\u0131\u015f\u0131ndaki gafletler nelerdi?Balkanlarda tek kur\u015fun at\u0131lmadan terk edilen d\u00f6rt as\u0131rl\u0131k yurtlar nerelerdi?Osmanl\u0131 Devleti\u2019ni I. Cihan Harbi\u2019ne kimler, nas\u0131l soktular?T\u00fcrk tarihinin en hazin harek\u00e2t\u0131 Sar\u0131kam\u0131\u015f\u2019ta neler ya\u015fand\u0131?Araplar Osmanl\u0131\u2019ya ihanet etti mi?Filistin topraklar\u0131 nas\u0131l elden \u00e7\u0131kt\u0131?\u00c7anakkale ve Medine\u2019de verilen destans\u0131 m\u00fccadele\u2026\u0130ngiliz ve Siyonistlerin Osmanl\u0131\u2019y\u0131 par\u00e7alamak ad\u0131na kurduklar\u0131 b\u00fcy\u00fck oyun\u2026Vahideddin Han \u00fclkeyi kurtarabilme ad\u0131na nas\u0131l bir m\u00fccadele verdi?Mustafa Kemal\u2019le aralar\u0131 neden a\u00e7\u0131lm\u0131\u015ft\u0131?Vahideddin Han, hain miydi? Vatan\u0131 satm\u0131\u015f m\u0131yd\u0131? Neden yurt d\u0131\u015f\u0131na \u00e7\u0131kmak zorunda kald\u0131?623 y\u0131ll\u0131k kudretli tarihin en ac\u0131 skandal\u0131 nas\u0131l ya\u015fand\u0131?Ve daha bir\u00e7ok sorunun cevab\u0131 Prof. Dr. Ahmet \u015eim\u015firgil\u2019in kaleminden KAYI XI: Elveda kitab\u0131nda\u2026<\/p>\n","protected":false},"excerpt":{"rendered":"<p>\u201cFacialara ve olaylara kalkan olamad\u0131m ise de paratoner vazifesi g\u00f6rd\u00fcm. B\u00fct\u00fcn musibetleri \u00fczerime \u00e7ektim. Kendimi feda ederek vatan\u0131 kurtarmaya \u00e7al\u0131\u015ft\u0131m.\u201dSultan VahideddinS\u00f6\u011f\u00fct\u2019te co\u015fkuyla ba\u015flayan Kay\u0131 boyunun 6<span class=\"excerpt-hellip\"> [\u2026]<\/span><\/p>\n","protected":false},"featured_media":0,"template":"","meta":{"_monsterinsights_skip_tracking":false,"_monsterinsights_sitenote_active":false,"_monsterinsights_sitenote_note":"","_monsterinsights_sitenote_category":0},"product_brand":[],"product_cat":[12370,12304],"product_tag":[],"class_list":{"0":"post-720148","1":"product","2":"type-product","3":"status-publish","5":"product_cat-arastirma-inceleme","6":"product_cat-tarih","7":"pa_cilt-ciltsiz","8":"pa_tur-kitap","9":"pa_yayinevi-timas-yayinlari","10":"pa_yazar-ahmet-simsirgil","12":"first","13":"instock","14":"sale","15":"shipping-taxable","16":"purchasable","17":"product-type-simple"},"_links":{"self":[{"href":"https:\/\/roveyayinevi.com.tr\/index.php\/wp-json\/wp\/v2\/product\/720148","targetHints":{"allow":["GET"]}}],"collection":[{"href":"https:\/\/roveyayinevi.com.tr\/index.php\/wp-json\/wp\/v2\/product"}],"about":[{"href":"https:\/\/roveyayinevi.com.tr\/index.php\/wp-json\/wp\/v2\/types\/product"}],"wp:attachment":[{"href":"https:\/\/roveyayinevi.com.tr\/index.php\/wp-json\/wp\/v2\/media?parent=720148"}],"wp:term":[{"taxonomy":"product_brand","embeddable":true,"href":"https:\/\/roveyayinevi.com.tr\/index.php\/wp-json\/wp\/v2\/product_brand?post=720148"},{"taxonomy":"product_cat","embeddable":true,"href":"https:\/\/roveyayinevi.com.tr\/index.php\/wp-json\/wp\/v2\/product_cat?post=720148"},{"taxonomy":"product_tag","embeddable":true,"href":"https:\/\/roveyayinevi.com.tr\/index.php\/wp-json\/wp\/v2\/product_tag?post=720148"}],"curies":[{"name":"wp","href":"https:\/\/api.w.org\/{rel}","templated":true}]}}