{"id":720142,"date":"2025-08-27T18:32:22","date_gmt":"2025-08-27T15:32:22","guid":{"rendered":"https:\/\/roveyayinevi.com.tr\/index.php\/urun\/kultur-ve-toplum\/"},"modified":"2026-04-16T02:28:01","modified_gmt":"2026-04-15T23:28:01","slug":"kultur-ve-toplum","status":"publish","type":"product","link":"https:\/\/roveyayinevi.com.tr\/index.php\/urun\/kultur-ve-toplum\/","title":{"rendered":"K\u00fclt\u00fcr ve Toplum"},"content":{"rendered":"<p>K\u00fclt\u00fcr ve toplum, karma\u015f\u0131k sorunlar i\u00e7eren konulard\u0131r. Bu y\u00fczden akademisyenler aras\u0131nda k\u00fclt\u00fcre yakla\u015f\u0131m bak\u0131m\u0131ndan farkl\u0131l\u0131klar vard\u0131r: K\u00fclt\u00fcr, mant\u0131ksal olarak i\u00e7 i\u00e7e ge\u00e7mi\u015f bir simgeler k\u00fcmesi midir, yoksa ula\u015f\u0131lmak istenen toplumsal nitelikleri dayatan bir de\u011ferler toplam\u0131 m\u0131d\u0131r? K\u00fclt\u00fcr, kutsal ve kutsal olmayan hakk\u0131nda duygu y\u00fckl\u00fc simgelerden mi, yoksa \u00f6te d\u00fcnyadaki kurtulu\u015fa ili\u015fkin metafiziksel fikirlerden mi m\u00fcte\u015fekkildir? Bu sorulara birbirinden farkl\u0131 yan\u0131tlar verilmi\u015ftir. K\u00fclt\u00fcr, yaln\u0131zca belli bir ekol\u00fcn, hatta belli bir disiplinin \u00e7er\u00e7evesi i\u00e7inden incelenemeyecek kadar karma\u015f\u0131kt\u0131r. Antropoloji, tarih, siyaset bilimi, sosyoloji, felsefe, dilbilim, edebiyat \u00e7\u00f6z\u00fcmlemeleri, t\u00fcm bu disiplinlerin ayr\u0131 ayr\u0131 k\u00fclt\u00fcr ve toplumla ilgili \u00e7al\u0131\u015fmalara \u00f6nemli katk\u0131lar\u0131 olmu\u015ftur.K\u00fclt\u00fcr ve Toplum, g\u00fcn\u00fcm\u00fcz sosyal bilimlerinde k\u00fclt\u00fcre ili\u015fkin mevcut belli ba\u015fl\u0131 yakla\u015f\u0131mlar\u0131 \u00e7e\u015fitli ba\u015fl\u0131klar alt\u0131nda tan\u0131tmay\u0131 ama\u00e7l\u0131yor. Bu konuda \u00f6nde gelen sosyal bilimcilerin k\u00fclt\u00fcr ve toplum konular\u0131ndaki \u00e7\u00f6z\u00fcmlemelerinden bir se\u00e7ki sunuyor. Burada yer alan makaleler, kendilerine \u00f6zg\u00fc yakla\u015f\u0131mlar\u0131yla, k\u00fclt\u00fcr\u00fcn ne oranda ba\u011f\u0131ms\u0131z oldu\u011funu, toplum ile k\u00fclt\u00fcr aras\u0131ndaki kar\u015f\u0131l\u0131kl\u0131 ili\u015fkilerin nas\u0131l kurulmas\u0131 gerekti\u011fini, k\u00fclt\u00fcr\u00fcn kilit unsurlar\u0131n\u0131n neler oldu\u011funu ve bu unsurlar\u0131n kendi aralar\u0131ndaki ili\u015fkileri sorguluyor.Bu derlemenin bir amac\u0131 da, k\u00fclt\u00fcr ve toplum konusundaki farkl\u0131 savlar\u0131n her birinin hakikatin bir \u00f6\u011fesini ta\u015f\u0131d\u0131\u011f\u0131n\u0131 g\u00f6stermektir. K\u00fclt\u00fcr\u00fc, \u00f6znel anlama ba\u015fvurmadan anlamam\u0131z m\u00fcmk\u00fcn de\u011fildir, ama k\u00fclt\u00fcr\u00fc toplumsal ve yap\u0131sal bir \u00e7er\u00e7eve i\u00e7ine almadan da anlayamay\u0131z. Toplumsal davran\u0131\u015f\u0131 yorumlayabilmek i\u00e7in \u00f6nce onun, kendi icad\u0131 olmayan kodlar\u0131 izledi\u011fini kabul etmemiz gerekir; \u00f6te yandan, insan\u0131n yarat\u0131c\u0131 g\u00fcc\u00fcn\u00fcn her k\u00fclt\u00fcrel kod i\u00e7in de\u011fi\u015fken bir \u00e7evre yaratabildi\u011fini de kabul etmeliyiz. Miras ald\u0131\u011f\u0131m\u0131z metafizik idealar, modern k\u00fclt\u00fcrel yap\u0131lar i\u00e7in ayr\u0131\u015ft\u0131r\u0131lamaz bir a\u011f olu\u015fturur ve iktidar sahibi kesimler, k\u00fclt\u00fcrel yap\u0131lar\u0131, me\u015frula\u015ft\u0131r\u0131c\u0131 ara\u00e7lara d\u00f6n\u00fc\u015ft\u00fcrmeye \u00e7al\u0131\u015f\u0131rlar ve bunu da genellikle ba\u015far\u0131rlar.Prof. Jeffrey Charles Alexander Kuram, k\u00fclt\u00fcr ve siyaset alanlar\u0131nda \u00e7al\u0131\u015fan Amerikal\u0131 bir sosyologdur. Doktoras\u0131n\u0131 Berkeley\u2019deki California \u00dcniversitesi\u2019nde 1978 y\u0131l\u0131nda tamamlam\u0131\u015ft\u0131r. 1981 y\u0131l\u0131nda profes\u00f6r olmu\u015ftur. 1974-2001 y\u0131llar\u0131 aras\u0131nda Los Angeles\u2019taki California \u00dcniversitesi\u2019nde \u00e7al\u0131\u015ft\u0131; daha sonra Yale \u00dcniversitesi\u2019ne ge\u00e7ti. Gerek edit\u00f6r gerekse yazar olarak \u00e7ok say\u0131da kitaba imza atm\u0131\u015ft\u0131r.<\/p>\n","protected":false},"excerpt":{"rendered":"<p>K\u00fclt\u00fcr ve toplum, karma\u015f\u0131k sorunlar i\u00e7eren konulard\u0131r. Bu y\u00fczden akademisyenler aras\u0131nda k\u00fclt\u00fcre yakla\u015f\u0131m bak\u0131m\u0131ndan farkl\u0131l\u0131klar vard\u0131r: K\u00fclt\u00fcr, mant\u0131ksal olarak i\u00e7 i\u00e7e ge\u00e7mi\u015f bir simgeler k\u00fcmesi midir,<span class=\"excerpt-hellip\"> [\u2026]<\/span><\/p>\n","protected":false},"featured_media":0,"template":"","meta":{"_monsterinsights_skip_tracking":false,"_monsterinsights_sitenote_active":false,"_monsterinsights_sitenote_note":"","_monsterinsights_sitenote_category":0},"product_brand":[],"product_cat":[14787,13488],"product_tag":[],"class_list":{"0":"post-720142","1":"product","2":"type-product","3":"status-publish","5":"product_cat-diger-toplum-ve-insan","6":"product_cat-toplum-ve-insan","7":"pa_cilt-ciltsiz","8":"pa_tur-kitap","9":"pa_yayinevi-bogazici-universitesi-yayinevi","10":"pa_yazar-kolektif","12":"first","13":"instock","14":"sale","15":"shipping-taxable","16":"purchasable","17":"product-type-simple"},"_links":{"self":[{"href":"https:\/\/roveyayinevi.com.tr\/index.php\/wp-json\/wp\/v2\/product\/720142","targetHints":{"allow":["GET"]}}],"collection":[{"href":"https:\/\/roveyayinevi.com.tr\/index.php\/wp-json\/wp\/v2\/product"}],"about":[{"href":"https:\/\/roveyayinevi.com.tr\/index.php\/wp-json\/wp\/v2\/types\/product"}],"wp:attachment":[{"href":"https:\/\/roveyayinevi.com.tr\/index.php\/wp-json\/wp\/v2\/media?parent=720142"}],"wp:term":[{"taxonomy":"product_brand","embeddable":true,"href":"https:\/\/roveyayinevi.com.tr\/index.php\/wp-json\/wp\/v2\/product_brand?post=720142"},{"taxonomy":"product_cat","embeddable":true,"href":"https:\/\/roveyayinevi.com.tr\/index.php\/wp-json\/wp\/v2\/product_cat?post=720142"},{"taxonomy":"product_tag","embeddable":true,"href":"https:\/\/roveyayinevi.com.tr\/index.php\/wp-json\/wp\/v2\/product_tag?post=720142"}],"curies":[{"name":"wp","href":"https:\/\/api.w.org\/{rel}","templated":true}]}}