{"id":720141,"date":"2025-08-27T18:32:21","date_gmt":"2025-08-27T15:32:21","guid":{"rendered":"https:\/\/roveyayinevi.com.tr\/index.php\/urun\/babur-sah\/"},"modified":"2026-04-16T02:28:01","modified_gmt":"2026-04-15T23:28:01","slug":"babur-sah","status":"publish","type":"product","link":"https:\/\/roveyayinevi.com.tr\/index.php\/urun\/babur-sah\/","title":{"rendered":"Bab\u00fcr \u015eah"},"content":{"rendered":"<p>T\u00fcrkistan b\u00f6lgesindeki ata yurdunda k\u00fc\u00e7\u00fck ya\u015fta tahta \u00e7\u0131kan B\u00e2b\u00fcr, siyasi \u00e7eki\u015fmeler y\u00fcz\u00fcnden taht\u0131n\u0131 koruyamayarak \u00e7ok sevdi\u011fi ata yurdundan ayr\u0131lmak zorunda kal\u0131r. B\u00f6ylece do\u011fdu\u011fu T\u00fcrkistan topraklar\u0131yla B\u00e2b\u00fcrl\u00fc Devleti\u2019ni kurdu\u011fu ve hayat\u0131n\u0131n son buldu\u011fu Hindistan aras\u0131nda yer de\u011fi\u015ftiren m\u00fccadeleyle dolu bir hayat s\u00fcrer. Hindistan\u2019da kurdu\u011fu muazzam T\u00fcrk devleti bu m\u00fccadelenin eseridir.Bab\u00fcr, adil ve merhametli bir devlet adam\u0131 olmas\u0131n\u0131n yan\u0131nda ayn\u0131 zamanda iyi bir aile babas\u0131, e\u015f, \u015fair, yazar, hattat ve peyzaj mimar\u0131d\u0131r. Tarihi \u0130nsan Yazar serisinin bu kitab\u0131nda B\u00e2b\u00fcr \u015eah\u2019\u0131n hayat\u0131n\u0131 t\u00fcm y\u00f6nleriyle okuyabileceksiniz.<\/p>\n","protected":false},"excerpt":{"rendered":"<p>T\u00fcrkistan b\u00f6lgesindeki ata yurdunda k\u00fc\u00e7\u00fck ya\u015fta tahta \u00e7\u0131kan B\u00e2b\u00fcr, siyasi \u00e7eki\u015fmeler y\u00fcz\u00fcnden taht\u0131n\u0131 koruyamayarak \u00e7ok sevdi\u011fi ata yurdundan ayr\u0131lmak zorunda kal\u0131r. B\u00f6ylece do\u011fdu\u011fu T\u00fcrkistan topraklar\u0131yla B\u00e2b\u00fcrl\u00fc<span class=\"excerpt-hellip\"> [\u2026]<\/span><\/p>\n","protected":false},"featured_media":0,"template":"","meta":{"_monsterinsights_skip_tracking":false,"_monsterinsights_sitenote_active":false,"_monsterinsights_sitenote_note":"","_monsterinsights_sitenote_category":0},"product_brand":[],"product_cat":[13946,12304],"product_tag":[],"class_list":{"0":"post-720141","1":"product","2":"type-product","3":"status-publish","5":"product_cat-biyografi-otobiyografi","6":"product_cat-tarih","7":"pa_cilt-ciltsiz","8":"pa_tur-kitap","9":"pa_yayinevi-erdem-cocuk","10":"pa_yazar-canan-kus-buyuktas","12":"first","13":"instock","14":"sale","15":"shipping-taxable","16":"purchasable","17":"product-type-simple"},"_links":{"self":[{"href":"https:\/\/roveyayinevi.com.tr\/index.php\/wp-json\/wp\/v2\/product\/720141","targetHints":{"allow":["GET"]}}],"collection":[{"href":"https:\/\/roveyayinevi.com.tr\/index.php\/wp-json\/wp\/v2\/product"}],"about":[{"href":"https:\/\/roveyayinevi.com.tr\/index.php\/wp-json\/wp\/v2\/types\/product"}],"wp:attachment":[{"href":"https:\/\/roveyayinevi.com.tr\/index.php\/wp-json\/wp\/v2\/media?parent=720141"}],"wp:term":[{"taxonomy":"product_brand","embeddable":true,"href":"https:\/\/roveyayinevi.com.tr\/index.php\/wp-json\/wp\/v2\/product_brand?post=720141"},{"taxonomy":"product_cat","embeddable":true,"href":"https:\/\/roveyayinevi.com.tr\/index.php\/wp-json\/wp\/v2\/product_cat?post=720141"},{"taxonomy":"product_tag","embeddable":true,"href":"https:\/\/roveyayinevi.com.tr\/index.php\/wp-json\/wp\/v2\/product_tag?post=720141"}],"curies":[{"name":"wp","href":"https:\/\/api.w.org\/{rel}","templated":true}]}}