{"id":720139,"date":"2025-08-27T18:32:20","date_gmt":"2025-08-27T15:32:20","guid":{"rendered":"https:\/\/roveyayinevi.com.tr\/index.php\/urun\/ataturk-ve-sumerliler\/"},"modified":"2026-04-16T02:28:01","modified_gmt":"2026-04-15T23:28:01","slug":"ataturk-ve-sumerliler","status":"publish","type":"product","link":"https:\/\/roveyayinevi.com.tr\/index.php\/urun\/ataturk-ve-sumerliler\/","title":{"rendered":"Atat\u00fcrk ve S\u00fcmerliler"},"content":{"rendered":"<p>T\u00fcrkiye\u2019nin b\u00fcy\u00fck Sumerolo\u011fu Muazzez \u0130lmiye \u00c7\u0131\u011f, 1972-2009 y\u0131llar\u0131 aras\u0131nda kaleme ald\u0131\u011f\u0131 makalelerini Atat\u00fcrk ve Sumerliler ba\u015fl\u0131kl\u0131 kitab\u0131nda toplad\u0131. Bu makalelerin ortak konusu Atat\u00fcrk, Cumhuriyet devrimleri ve Sumer bilimidir. Atat\u00fcrk, modern, geli\u015fmi\u015f ve ayd\u0131nlanm\u0131\u015f ve bir T\u00fcrkiye\u2019nin yarat\u0131lmas\u0131 i\u00e7in tarihimize, arkeolojiye ve Sumer bilimine ola\u011fan\u00fcst\u00fc bir \u00f6nem vermi\u015ftir. \u00dcniversitelerin kurulmas\u0131, kurumla\u015fmas\u0131 ve bilimsel ara\u015ft\u0131rmalar yapabilmeleri i\u00e7in \u00e7ok \u00f6nemli somut tedbirler alm\u0131\u015ft\u0131r. T\u00fcrkiye\u2019de arkeoloji ve \u00f6zellikle de Anadolu\u2019nun eski\u00e7a\u011f tarihi, esas olarak Atat\u00fcrk\u2019\u00fcn bilimsel zek\u00e2s\u0131 sayesinde geli\u015fmi\u015f ve kurumla\u015fm\u0131\u015ft\u0131r. Atat\u00fcrk\u2019\u00fcn \u00f6nderlik etti\u011fi tarihsel k\u00f6klerimizin \u00f6\u011frenilmesi \u00e7al\u0131\u015fmas\u0131, ulusal bilincimizi peki\u015ftirmi\u015ftir. Muazzez \u0130lmiye \u00c7\u0131\u011f bu s\u00fcrecin do\u011frudan tan\u0131\u011f\u0131d\u0131r. Kitap bu tan\u0131kl\u0131\u011f\u0131 i\u00e7eren de\u011ferli bilgiler sunmaktad\u0131r.<\/p>\n","protected":false},"excerpt":{"rendered":"<p>T\u00fcrkiye\u2019nin b\u00fcy\u00fck Sumerolo\u011fu Muazzez \u0130lmiye \u00c7\u0131\u011f, 1972-2009 y\u0131llar\u0131 aras\u0131nda kaleme ald\u0131\u011f\u0131 makalelerini Atat\u00fcrk ve Sumerliler ba\u015fl\u0131kl\u0131 kitab\u0131nda toplad\u0131. Bu makalelerin ortak konusu Atat\u00fcrk, Cumhuriyet devrimleri ve<span class=\"excerpt-hellip\"> [\u2026]<\/span><\/p>\n","protected":false},"featured_media":0,"template":"","meta":{"_monsterinsights_skip_tracking":false,"_monsterinsights_sitenote_active":false,"_monsterinsights_sitenote_note":"","_monsterinsights_sitenote_category":0},"product_brand":[],"product_cat":[12370,12304],"product_tag":[],"class_list":{"0":"post-720139","1":"product","2":"type-product","3":"status-publish","5":"product_cat-arastirma-inceleme","6":"product_cat-tarih","7":"pa_cilt-ciltsiz","8":"pa_tur-kitap","9":"pa_yayinevi-kaynak-yayinlari","10":"pa_yazar-muazzez-ilmiye-cig","12":"first","13":"instock","14":"sale","15":"shipping-taxable","16":"purchasable","17":"product-type-simple"},"_links":{"self":[{"href":"https:\/\/roveyayinevi.com.tr\/index.php\/wp-json\/wp\/v2\/product\/720139","targetHints":{"allow":["GET"]}}],"collection":[{"href":"https:\/\/roveyayinevi.com.tr\/index.php\/wp-json\/wp\/v2\/product"}],"about":[{"href":"https:\/\/roveyayinevi.com.tr\/index.php\/wp-json\/wp\/v2\/types\/product"}],"wp:attachment":[{"href":"https:\/\/roveyayinevi.com.tr\/index.php\/wp-json\/wp\/v2\/media?parent=720139"}],"wp:term":[{"taxonomy":"product_brand","embeddable":true,"href":"https:\/\/roveyayinevi.com.tr\/index.php\/wp-json\/wp\/v2\/product_brand?post=720139"},{"taxonomy":"product_cat","embeddable":true,"href":"https:\/\/roveyayinevi.com.tr\/index.php\/wp-json\/wp\/v2\/product_cat?post=720139"},{"taxonomy":"product_tag","embeddable":true,"href":"https:\/\/roveyayinevi.com.tr\/index.php\/wp-json\/wp\/v2\/product_tag?post=720139"}],"curies":[{"name":"wp","href":"https:\/\/api.w.org\/{rel}","templated":true}]}}