{"id":720137,"date":"2025-08-27T18:32:18","date_gmt":"2025-08-27T15:32:18","guid":{"rendered":"https:\/\/roveyayinevi.com.tr\/index.php\/urun\/firat-bana-miguluyonuz\/"},"modified":"2026-04-16T02:28:01","modified_gmt":"2026-04-15T23:28:01","slug":"firat-bana-miguluyonuz","status":"publish","type":"product","link":"https:\/\/roveyayinevi.com.tr\/index.php\/urun\/firat-bana-miguluyonuz\/","title":{"rendered":"F\u0131rat- Bana M\u0131G\u00fcl\u00fcyonuz?"},"content":{"rendered":"<p>Ekmek, Terlik, Can S\u0131k\u0131nt\u0131s\u0131, F\u00fcze, \u00d6p\u00fc\u015fme,Almanya, Kilot, Bedava Kola, S\u00fcm\u00fck, Sigara,Kardan Adam, At Ve \u0130ngilizce Hakk\u0131nda Her \u015eey\u2026<\/p>\n","protected":false},"excerpt":{"rendered":"<p>Ekmek, Terlik, Can S\u0131k\u0131nt\u0131s\u0131, F\u00fcze, \u00d6p\u00fc\u015fme,Almanya, Kilot, Bedava Kola, S\u00fcm\u00fck, Sigara,Kardan Adam, At Ve \u0130ngilizce Hakk\u0131nda Her \u015eey\u2026<\/p>\n","protected":false},"featured_media":0,"template":"","meta":{"_monsterinsights_skip_tracking":false,"_monsterinsights_sitenote_active":false,"_monsterinsights_sitenote_note":"","_monsterinsights_sitenote_category":0},"product_brand":[],"product_cat":[12291,14825],"product_tag":[],"class_list":{"0":"post-720137","1":"product","2":"type-product","3":"status-publish","5":"product_cat-edebiyat","6":"product_cat-mizah","7":"pa_cilt-ciltsiz","8":"pa_tur-kitap","9":"pa_yayinevi-inkilap-kitabevi","10":"pa_yazar-ugur-gursoy","12":"first","13":"instock","14":"sale","15":"shipping-taxable","16":"purchasable","17":"product-type-simple"},"_links":{"self":[{"href":"https:\/\/roveyayinevi.com.tr\/index.php\/wp-json\/wp\/v2\/product\/720137","targetHints":{"allow":["GET"]}}],"collection":[{"href":"https:\/\/roveyayinevi.com.tr\/index.php\/wp-json\/wp\/v2\/product"}],"about":[{"href":"https:\/\/roveyayinevi.com.tr\/index.php\/wp-json\/wp\/v2\/types\/product"}],"wp:attachment":[{"href":"https:\/\/roveyayinevi.com.tr\/index.php\/wp-json\/wp\/v2\/media?parent=720137"}],"wp:term":[{"taxonomy":"product_brand","embeddable":true,"href":"https:\/\/roveyayinevi.com.tr\/index.php\/wp-json\/wp\/v2\/product_brand?post=720137"},{"taxonomy":"product_cat","embeddable":true,"href":"https:\/\/roveyayinevi.com.tr\/index.php\/wp-json\/wp\/v2\/product_cat?post=720137"},{"taxonomy":"product_tag","embeddable":true,"href":"https:\/\/roveyayinevi.com.tr\/index.php\/wp-json\/wp\/v2\/product_tag?post=720137"}],"curies":[{"name":"wp","href":"https:\/\/api.w.org\/{rel}","templated":true}]}}