{"id":720133,"date":"2025-08-27T18:32:16","date_gmt":"2025-08-27T15:32:16","guid":{"rendered":"https:\/\/roveyayinevi.com.tr\/index.php\/urun\/her-seye-canini-sikma-ey-gonul\/"},"modified":"2026-04-08T02:35:12","modified_gmt":"2026-04-07T23:35:12","slug":"her-seye-canini-sikma-ey-gonul","status":"publish","type":"product","link":"https:\/\/roveyayinevi.com.tr\/index.php\/urun\/her-seye-canini-sikma-ey-gonul\/","title":{"rendered":"Her \u015eeye Can\u0131n\u0131 S\u0131kma Ey G\u00f6n\u00fcl"},"content":{"rendered":"<p>\u0130nsan her ne kadar bedeniyle s\u0131n\u0131rl\u0131 bir varl\u0131k gibi g\u00f6r\u00fcnse de, dipsiz bir kuyu, hatta ak\u0131l almaz bir u\u00e7urumdur i\u00e7i&#8230; S\u0131n\u0131rl\u0131 bedeninde, s\u0131n\u0131rs\u0131z bir \u00e2lem ya\u015far ki, bu \u00e2lemi ya\u015fanmaz hale getiren bir dolu vesveseyle bo\u011fu\u015fur durur hayat\u0131 boyunca. G\u00f6n\u00fcl terbiyesinden ge\u00e7memi\u015f olanlar i\u00e7in, vesvesenin neden oldu\u011fu cehennem, hem birtak\u0131m fiziksel ve ruhsal s\u0131k\u0131nt\u0131lara yol a\u00e7ar, hem s\u0131nav yolundaki k\u0131ymetli deneyimleri anlams\u0131z talihsizliklere d\u00f6n\u00fc\u015ft\u00fcr\u00fcr. Oysa vesvesenin doktoru olmak, insana \u015fifa ve hidayet de versin diye indirilmi\u015f olan Kuran\u2019\u0131n rehberli\u011fiyle m\u00fcmk\u00fcnd\u00fcr. \u201cZihnim hi\u00e7 susmuyor.\u201d \u201cNe yaparsam yapay\u0131m hep i\u00e7im daral\u0131yor.\u201d \u201cSevdiklerimi kaybetme korkusu ya\u015f\u0131yorum.\u201d \u201cGelece\u011fimden \u00e7ok korkuyorum.\u201d \u201cK\u00fc\u00e7\u00fcc\u00fck \u015feyler bile akl\u0131ma tak\u0131l\u0131yor, i\u00e7imi yiyor.\u201d \u201cNereye gidersem gideyim i\u00e7imde hep bir huzursuzluk var.\u201d \u201cEn mutlu an\u0131mda bile k\u00f6t\u00fc bir \u015fey olacak endi\u015fesine kap\u0131l\u0131yorum.\u201d \u0130\u015fte b\u00fct\u00fcn bu vesveseler, hakk\u0131ndan gelinmedi\u011finde insan hayat\u0131n\u0131 cehenneme d\u00f6n\u00fc\u015ft\u00fcrebilecek kadar g\u00fc\u00e7l\u00fc d\u00fc\u015fmanlar. Milyonlarca okurun i\u00e7sel yolculu\u011funa uzun y\u0131llard\u0131r rehberlik etmeye devam eden yazar U\u011fur Ko\u015far\u2019\u0131n HER \u015eEYE CANINI SIKMA EY G\u00d6N\u00dcL adl\u0131 bu kitab\u0131, s\u0131nav yolunu cennete \u00e7evirmek niyetiyle kaleme al\u0131nm\u0131\u015f, ilim, ilham ve bilgi dolu bir \u015fifa kayna\u011f\u0131. <\/p>\n","protected":false},"excerpt":{"rendered":"<p>\u0130nsan her ne kadar bedeniyle s\u0131n\u0131rl\u0131 bir varl\u0131k gibi g\u00f6r\u00fcnse de, dipsiz bir kuyu, hatta ak\u0131l almaz bir u\u00e7urumdur i\u00e7i&#8230; S\u0131n\u0131rl\u0131 bedeninde, s\u0131n\u0131rs\u0131z bir \u00e2lem ya\u015far<span class=\"excerpt-hellip\"> [\u2026]<\/span><\/p>\n","protected":false},"featured_media":0,"template":"","meta":{"_monsterinsights_skip_tracking":false,"_monsterinsights_sitenote_active":false,"_monsterinsights_sitenote_note":"","_monsterinsights_sitenote_category":0},"product_brand":[],"product_cat":[12364,12376],"product_tag":[],"class_list":{"0":"post-720133","1":"product","2":"type-product","3":"status-publish","5":"product_cat-genel-konular","6":"product_cat-kisisel-gelisim","7":"pa_cilt-ciltsiz","8":"pa_tur-kitap","9":"pa_yayinevi-destek-yayinlari","10":"pa_yazar-ugur-kosar","12":"first","13":"instock","14":"sale","15":"shipping-taxable","16":"purchasable","17":"product-type-simple"},"_links":{"self":[{"href":"https:\/\/roveyayinevi.com.tr\/index.php\/wp-json\/wp\/v2\/product\/720133","targetHints":{"allow":["GET"]}}],"collection":[{"href":"https:\/\/roveyayinevi.com.tr\/index.php\/wp-json\/wp\/v2\/product"}],"about":[{"href":"https:\/\/roveyayinevi.com.tr\/index.php\/wp-json\/wp\/v2\/types\/product"}],"wp:attachment":[{"href":"https:\/\/roveyayinevi.com.tr\/index.php\/wp-json\/wp\/v2\/media?parent=720133"}],"wp:term":[{"taxonomy":"product_brand","embeddable":true,"href":"https:\/\/roveyayinevi.com.tr\/index.php\/wp-json\/wp\/v2\/product_brand?post=720133"},{"taxonomy":"product_cat","embeddable":true,"href":"https:\/\/roveyayinevi.com.tr\/index.php\/wp-json\/wp\/v2\/product_cat?post=720133"},{"taxonomy":"product_tag","embeddable":true,"href":"https:\/\/roveyayinevi.com.tr\/index.php\/wp-json\/wp\/v2\/product_tag?post=720133"}],"curies":[{"name":"wp","href":"https:\/\/api.w.org\/{rel}","templated":true}]}}