{"id":720128,"date":"2025-08-27T18:32:13","date_gmt":"2025-08-27T15:32:13","guid":{"rendered":"https:\/\/roveyayinevi.com.tr\/index.php\/urun\/antarktikadan-avrupa-olur-mu\/"},"modified":"2026-04-16T02:28:00","modified_gmt":"2026-04-15T23:28:00","slug":"antarktikadan-avrupa-olur-mu","status":"publish","type":"product","link":"https:\/\/roveyayinevi.com.tr\/index.php\/urun\/antarktikadan-avrupa-olur-mu\/","title":{"rendered":"Antarktika&#8217;dan Avrupa Olur Mu?"},"content":{"rendered":"<p>D\u00fcnyada yedi tane k\u0131ta var. Hepsi birbirinden farkl\u0131lar. Bu k\u0131talar\u0131n kimisi \u00e7ok kalabal\u0131kt\u0131r, Kimisi okyanuslar\u0131n ortas\u0131ndad\u0131r. Ancak k\u00fc\u00e7\u00fck bir sorun vard\u0131r&#8230; Afrika, G\u00fcney Amerika gibi ormanlar\u0131 olsun ister, G\u00fcney Amerika ise Avustralya gibi b\u00fcy\u00fck bir ada olmay\u0131 diler. Ama herkes bilir ki, Avustralya boy at\u0131p d\u00f6n\u00fc\u015femez kocaman bir Asya\u2019ya,  Daha \u00f6nce duyulmad\u0131 Antarktika gibi buz tutan bir Afrika. Neden dersen, bulacaks\u0131n sat\u0131rlar\u0131n aras\u0131nda, Bizi biz yapan farkl\u0131l\u0131klar\u0131m\u0131z asl\u0131nda. Ve hepimiz bu halimizle g\u00fczeliz, Eksik kal\u0131r bu d\u00fcnya, olmasa i\u00e7imizden birimiz. <\/p>\n","protected":false},"excerpt":{"rendered":"<p>D\u00fcnyada yedi tane k\u0131ta var. Hepsi birbirinden farkl\u0131lar. Bu k\u0131talar\u0131n kimisi \u00e7ok kalabal\u0131kt\u0131r, Kimisi okyanuslar\u0131n ortas\u0131ndad\u0131r. Ancak k\u00fc\u00e7\u00fck bir sorun vard\u0131r&#8230; Afrika, G\u00fcney Amerika gibi ormanlar\u0131<span class=\"excerpt-hellip\"> [\u2026]<\/span><\/p>\n","protected":false},"featured_media":0,"template":"","meta":{"_monsterinsights_skip_tracking":false,"_monsterinsights_sitenote_active":false,"_monsterinsights_sitenote_note":"","_monsterinsights_sitenote_category":0},"product_brand":[],"product_cat":[12274,12284],"product_tag":[],"class_list":{"0":"post-720128","1":"product","2":"type-product","3":"status-publish","5":"product_cat-cocuk-ve-genclik-kitaplari","6":"product_cat-hikayeler","7":"pa_cilt-ciltsiz","8":"pa_tur-kitap","9":"pa_yayinevi-masalperest-ozel-urun","10":"pa_yazar-ozlem-dilber","12":"first","13":"instock","14":"sale","15":"shipping-taxable","16":"purchasable","17":"product-type-simple"},"_links":{"self":[{"href":"https:\/\/roveyayinevi.com.tr\/index.php\/wp-json\/wp\/v2\/product\/720128","targetHints":{"allow":["GET"]}}],"collection":[{"href":"https:\/\/roveyayinevi.com.tr\/index.php\/wp-json\/wp\/v2\/product"}],"about":[{"href":"https:\/\/roveyayinevi.com.tr\/index.php\/wp-json\/wp\/v2\/types\/product"}],"wp:attachment":[{"href":"https:\/\/roveyayinevi.com.tr\/index.php\/wp-json\/wp\/v2\/media?parent=720128"}],"wp:term":[{"taxonomy":"product_brand","embeddable":true,"href":"https:\/\/roveyayinevi.com.tr\/index.php\/wp-json\/wp\/v2\/product_brand?post=720128"},{"taxonomy":"product_cat","embeddable":true,"href":"https:\/\/roveyayinevi.com.tr\/index.php\/wp-json\/wp\/v2\/product_cat?post=720128"},{"taxonomy":"product_tag","embeddable":true,"href":"https:\/\/roveyayinevi.com.tr\/index.php\/wp-json\/wp\/v2\/product_tag?post=720128"}],"curies":[{"name":"wp","href":"https:\/\/api.w.org\/{rel}","templated":true}]}}